{"id":743402,"date":"2026-02-22T17:28:35","date_gmt":"2026-02-22T16:28:35","guid":{"rendered":"https:\/\/lucacastelli.com\/prodotto\/milwaukee-weichschaumeinlage\/"},"modified":"2026-02-22T17:28:35","modified_gmt":"2026-02-22T16:28:35","slug":"milwaukee-weichschaumeinlage","status":"publish","type":"product","link":"https:\/\/lucacastelli.com\/de\/produkt\/milwaukee-weichschaumeinlage\/","title":{"rendered":"MILWAUKEE Weichschaumeinlage"},"content":{"rendered":"<p>1\/2&#8243; RATSCHE UND STECKSCHL\u00dcSSEL SET WEICHSCHAUMEINLAGE<br \/>\n1\/2\u2033 Ratsche und Maschinensteckschl\u00fcssel-Set in Weichschaumeinlage<\/p>\n<p>1\/2 Zoll Ratsche, 1\/2 Zoll Verl\u00e4ngerungen: 127 mm, 254 mm, 1\/2 Zoll Kardangelenk, 1\/2 Zoll Sechskant-Steckschl\u00fcssel: Standard 10\u201332 mm, lang 10\u201336 mm, mit Sechskant-Eins\u00e4tzen 5\u201319 mm, mit Torx-Eins\u00e4tzen T20\u2013T60, Maschinensteckschl\u00fcssel 17\u201322, Adapter f\u00fcr Maschinensteckschl\u00fcssel 1\/2 Zoll auf 3\/4 Zoll und 1\/2 Zoll auf 3\/8 Zoll, 1\/2 Zoll Universal-Maschinengelenk, 1\/2 Zoll Verl\u00e4ngerung f\u00fcr Maschinensteckschl\u00fcssel: 150 mm, 1\/2 Zoll gelenkiger Vierkantantrieb<br \/>\n4058546620592<\/p>\n","protected":false},"excerpt":{"rendered":"<p>1\/2&#8243; RATSCHE UND STECKSCHL\u00dcSSEL SET WEICHSCHAUMEINLAGE 1\/2\u2033 Ratsche und Maschinensteckschl\u00fcssel-Set in Weichschaumeinlage 1\/2 Zoll Ratsche, 1\/2 Zoll Verl\u00e4ngerungen: 127 mm,<\/p>\n","protected":false},"featured_media":741235,"template":"","meta":{"_seopress_robots_primary_cat":"","_seopress_titles_title":"","_seopress_titles_desc":"","_seopress_robots_index":""},"product_brand":[3656],"product_cat":[5529,150],"product_tag":[6835],"class_list":{"0":"post-743402","1":"product","2":"type-product","3":"status-publish","4":"has-post-thumbnail","6":"product_brand-milwaukee-de","7":"product_cat-workshop-tools","8":"product_cat-ausrustung","9":"product_tag-imp-26-mw_new","10":"sws-gruppo-macchinari-de","11":"sws-conto-ricavi-merci-rivendita-macchinari-de","12":"sws-gruppo-iva-iva81-de","14":"first","15":"instock","16":"sale","17":"shipping-taxable","18":"purchasable","19":"product-type-simple"},"_links":{"self":[{"href":"https:\/\/lucacastelli.com\/de\/wp-json\/wp\/v2\/product\/743402","targetHints":{"allow":["GET"]}}],"collection":[{"href":"https:\/\/lucacastelli.com\/de\/wp-json\/wp\/v2\/product"}],"about":[{"href":"https:\/\/lucacastelli.com\/de\/wp-json\/wp\/v2\/types\/product"}],"wp:featuredmedia":[{"embeddable":true,"href":"https:\/\/lucacastelli.com\/de\/wp-json\/wp\/v2\/media\/741235"}],"wp:attachment":[{"href":"https:\/\/lucacastelli.com\/de\/wp-json\/wp\/v2\/media?parent=743402"}],"wp:term":[{"taxonomy":"product_brand","embeddable":true,"href":"https:\/\/lucacastelli.com\/de\/wp-json\/wp\/v2\/product_brand?post=743402"},{"taxonomy":"product_cat","embeddable":true,"href":"https:\/\/lucacastelli.com\/de\/wp-json\/wp\/v2\/product_cat?post=743402"},{"taxonomy":"product_tag","embeddable":true,"href":"https:\/\/lucacastelli.com\/de\/wp-json\/wp\/v2\/product_tag?post=743402"}],"curies":[{"name":"wp","href":"https:\/\/api.w.org\/{rel}","templated":true}]}}