{"id":743057,"date":"2026-02-22T17:46:56","date_gmt":"2026-02-22T16:46:56","guid":{"rendered":"https:\/\/lucacastelli.com\/?post_type=product&#038;p=743057"},"modified":"2026-02-24T14:07:11","modified_gmt":"2026-02-24T13:07:11","slug":"milwaukee-schwert","status":"publish","type":"product","link":"https:\/\/lucacastelli.com\/de\/produkt\/milwaukee-schwert\/","title":{"rendered":"MILWAUKEE Schwert"},"content":{"rendered":"<p>SCHWERT 40 cm\/16\u02dd f\u00fcr M18 F2CHS50<br \/>\nSchwerter f\u00fcr Elektrokettens\u00e4gen<\/p>\n<p>4058546618803<\/p>\n","protected":false},"excerpt":{"rendered":"<p>SCHWERT 40 cm\/16\u02dd f\u00fcr M18 F2CHS50 Schwerter f\u00fcr Elektrokettens\u00e4gen 4058546618803<\/p>\n","protected":false},"featured_media":743058,"template":"","meta":{"_seopress_robots_primary_cat":"","_seopress_titles_title":"","_seopress_titles_desc":"","_seopress_robots_index":""},"product_brand":[3656],"product_cat":[169,1612,1614,1615],"product_tag":[6835],"class_list":{"0":"post-743057","1":"product","2":"type-product","3":"status-publish","4":"has-post-thumbnail","6":"product_brand-milwaukee-de","7":"product_cat-maschinen","8":"product_cat-kettensagen","9":"product_cat-ketten-und-haspeln","10":"product_cat-akku-kettensagen","11":"product_tag-imp-26-mw_new","12":"sws-gruppo-macchinari-de","13":"sws-conto-ricavi-merci-rivendita-macchinari-de","14":"sws-gruppo-iva-iva81-de","16":"first","17":"instock","18":"sale","19":"shipping-taxable","20":"purchasable","21":"product-type-simple"},"_links":{"self":[{"href":"https:\/\/lucacastelli.com\/de\/wp-json\/wp\/v2\/product\/743057","targetHints":{"allow":["GET"]}}],"collection":[{"href":"https:\/\/lucacastelli.com\/de\/wp-json\/wp\/v2\/product"}],"about":[{"href":"https:\/\/lucacastelli.com\/de\/wp-json\/wp\/v2\/types\/product"}],"wp:featuredmedia":[{"embeddable":true,"href":"https:\/\/lucacastelli.com\/de\/wp-json\/wp\/v2\/media\/743058"}],"wp:attachment":[{"href":"https:\/\/lucacastelli.com\/de\/wp-json\/wp\/v2\/media?parent=743057"}],"wp:term":[{"taxonomy":"product_brand","embeddable":true,"href":"https:\/\/lucacastelli.com\/de\/wp-json\/wp\/v2\/product_brand?post=743057"},{"taxonomy":"product_cat","embeddable":true,"href":"https:\/\/lucacastelli.com\/de\/wp-json\/wp\/v2\/product_cat?post=743057"},{"taxonomy":"product_tag","embeddable":true,"href":"https:\/\/lucacastelli.com\/de\/wp-json\/wp\/v2\/product_tag?post=743057"}],"curies":[{"name":"wp","href":"https:\/\/api.w.org\/{rel}","templated":true}]}}