{"id":742909,"date":"2026-02-22T17:48:10","date_gmt":"2026-02-22T16:48:10","guid":{"rendered":"https:\/\/lucacastelli.com\/?post_type=product&#038;p=742909"},"modified":"2026-02-24T14:06:59","modified_gmt":"2026-02-24T13:06:59","slug":"milwaukee-saegeblatt-3","status":"publish","type":"product","link":"https:\/\/lucacastelli.com\/de\/produkt\/milwaukee-saegeblatt-3\/","title":{"rendered":"MILWAUKEE S\u00e4geblatt"},"content":{"rendered":"<p>S\u00c4GEBLATT HM Durchm.\/Bohrung mm 150\/20 Z34<br \/>\nS\u00e4gebl\u00e4tter f\u00fcr Kreiss\u00e4gen METALL<\/p>\n<p>4058546624422<\/p>\n","protected":false},"excerpt":{"rendered":"<p>S\u00c4GEBLATT HM Durchm.\/Bohrung mm 150\/20 Z34 S\u00e4gebl\u00e4tter f\u00fcr Kreiss\u00e4gen METALL 4058546624422<\/p>\n","protected":false},"featured_media":484353,"template":"","meta":{"_seopress_robots_primary_cat":"","_seopress_titles_title":"","_seopress_titles_desc":"","_seopress_robots_index":""},"product_brand":[3656],"product_cat":[169,1454,1535],"product_tag":[6835],"class_list":{"0":"post-742909","1":"product","2":"type-product","3":"status-publish","4":"has-post-thumbnail","6":"product_brand-milwaukee-de","7":"product_cat-maschinen","8":"product_cat-andere-gerate","9":"product_cat-sagen","10":"product_tag-imp-26-mw_new","11":"sws-gruppo-macchinari-de","12":"sws-conto-ricavi-merci-rivendita-macchinari-de","13":"sws-gruppo-iva-iva81-de","15":"first","16":"instock","17":"sale","18":"shipping-taxable","19":"purchasable","20":"product-type-simple"},"_links":{"self":[{"href":"https:\/\/lucacastelli.com\/de\/wp-json\/wp\/v2\/product\/742909","targetHints":{"allow":["GET"]}}],"collection":[{"href":"https:\/\/lucacastelli.com\/de\/wp-json\/wp\/v2\/product"}],"about":[{"href":"https:\/\/lucacastelli.com\/de\/wp-json\/wp\/v2\/types\/product"}],"wp:featuredmedia":[{"embeddable":true,"href":"https:\/\/lucacastelli.com\/de\/wp-json\/wp\/v2\/media\/484353"}],"wp:attachment":[{"href":"https:\/\/lucacastelli.com\/de\/wp-json\/wp\/v2\/media?parent=742909"}],"wp:term":[{"taxonomy":"product_brand","embeddable":true,"href":"https:\/\/lucacastelli.com\/de\/wp-json\/wp\/v2\/product_brand?post=742909"},{"taxonomy":"product_cat","embeddable":true,"href":"https:\/\/lucacastelli.com\/de\/wp-json\/wp\/v2\/product_cat?post=742909"},{"taxonomy":"product_tag","embeddable":true,"href":"https:\/\/lucacastelli.com\/de\/wp-json\/wp\/v2\/product_tag?post=742909"}],"curies":[{"name":"wp","href":"https:\/\/api.w.org\/{rel}","templated":true}]}}