{"id":730696,"date":"2026-02-10T13:23:02","date_gmt":"2026-02-10T12:23:02","guid":{"rendered":"https:\/\/lucacastelli.com\/prodotto\/stihl-fuehrungswagen-fw-20\/"},"modified":"2026-02-10T13:23:02","modified_gmt":"2026-02-10T12:23:02","slug":"stihl-fuehrungswagen-fw-20","status":"publish","type":"product","link":"https:\/\/lucacastelli.com\/de\/produkt\/stihl-fuehrungswagen-fw-20\/","title":{"rendered":"STIHL F\u00fchrungswagen FW 20"},"content":{"rendered":"<p>STIHL 4224 710 1403 FW20 CutQuik F\u00fchrungswagen f\u00fcr TS 410, TS 420, TS 700 und TS 800.<\/p>\n<p>Der STIHL Cutquik F\u00fchrungswagen wurde speziell f\u00fcr den Einsatz mit STIHL Trennschleifern entwickelt, wenn Dehnungsfugen oder Randsteine geschnitten werden m\u00fcssen und ein fahrbares Werkzeug erforderlich ist. Dieser F\u00fchrungswagen bietet eine bessere Handhabung und Schnittleistung dank der Gewichtsverlagerung nach vorne und des werkzeuglosen Schnellspannsystems. Der Wagen ist zudem mit einem gro\u00dfen Spritzschutz und R\u00e4dern mit abgedichteten Lagern ausgestattet, um Staub und Schmutz fernzuhalten. Der F\u00fchrungsholm ist klappbar f\u00fcr einen einfachen Transport, was diesen leichten, kompakten und tragbaren Wagen zu einem idealen Zubeh\u00f6r f\u00fcr jeden Anwender eines Trennschleifers macht.<br \/>\nEigenschaften<br \/>\nBesonders n\u00fctzlich f\u00fcr lange, gerade Schnitte, wie das Schneiden von Dehnungsfugen in Stra\u00dfenoberfl\u00e4chen oder das Kantenbrechen in Asphalt.<br \/>\nPassend f\u00fcr alle STIHL Cutquik Trennschleifermodelle.<br \/>\nVerstellbarer Griff f\u00fcr mehr Komfort.<br \/>\nKlappbarer Griff f\u00fcr Lagerung oder Transport.<br \/>\nTiefenrad-Kit f\u00fcr STIHL Cutquik F\u00fchrungswagen.<br \/>\nSchnittrichtungsanzeiger f\u00fcr Cutquik F\u00fchrungswagen.<br \/>\nOptionaler Wassertank zur Montage am Wagen. Kapazit\u00e4t 3,4 Gallonen. Zum Bef\u00fcllen leicht abnehmbar.     <\/p>\n","protected":false},"excerpt":{"rendered":"<p>STIHL 4224 710 1403 FW20 CutQuik F\u00fchrungswagen f\u00fcr TS 410, TS 420, TS 700 und TS 800. Der STIHL Cutquik<\/p>\n","protected":false},"featured_media":720742,"template":"","meta":{"_seopress_robots_primary_cat":"none","_seopress_titles_title":"","_seopress_titles_desc":"","_seopress_robots_index":""},"product_brand":[3554],"product_cat":[1699,1696,169,1697],"product_tag":[],"class_list":{"0":"post-730696","1":"product","2":"type-product","3":"status-publish","4":"has-post-thumbnail","6":"product_brand-stihl-de","7":"product_cat-mahmaschinen-de","8":"product_cat-mahmaschinen-und-trimmer","9":"product_cat-maschinen","10":"product_cat-zubehor-und-verbrauchsmaterial-de-8","11":"sws-gruppo-macchinari-de","12":"sws-conto-ricavi-merci-rivendita-macchinari-de","13":"sws-gruppo-iva-iva81-de","15":"first","16":"instock","17":"sale","18":"shipping-taxable","19":"purchasable","20":"product-type-simple"},"_links":{"self":[{"href":"https:\/\/lucacastelli.com\/de\/wp-json\/wp\/v2\/product\/730696","targetHints":{"allow":["GET"]}}],"collection":[{"href":"https:\/\/lucacastelli.com\/de\/wp-json\/wp\/v2\/product"}],"about":[{"href":"https:\/\/lucacastelli.com\/de\/wp-json\/wp\/v2\/types\/product"}],"wp:featuredmedia":[{"embeddable":true,"href":"https:\/\/lucacastelli.com\/de\/wp-json\/wp\/v2\/media\/720742"}],"wp:attachment":[{"href":"https:\/\/lucacastelli.com\/de\/wp-json\/wp\/v2\/media?parent=730696"}],"wp:term":[{"taxonomy":"product_brand","embeddable":true,"href":"https:\/\/lucacastelli.com\/de\/wp-json\/wp\/v2\/product_brand?post=730696"},{"taxonomy":"product_cat","embeddable":true,"href":"https:\/\/lucacastelli.com\/de\/wp-json\/wp\/v2\/product_cat?post=730696"},{"taxonomy":"product_tag","embeddable":true,"href":"https:\/\/lucacastelli.com\/de\/wp-json\/wp\/v2\/product_tag?post=730696"}],"curies":[{"name":"wp","href":"https:\/\/api.w.org\/{rel}","templated":true}]}}