{"id":730682,"date":"2026-02-05T18:47:46","date_gmt":"2026-02-05T17:47:46","guid":{"rendered":"https:\/\/lucacastelli.com\/prodotto\/stihl-tsa-230-ap-system-akku-trennschleifer\/"},"modified":"2026-02-05T18:47:46","modified_gmt":"2026-02-05T17:47:46","slug":"stihl-tsa-230-ap-system-akku-trennschleifer","status":"publish","type":"product","link":"https:\/\/lucacastelli.com\/de\/produkt\/stihl-tsa-230-ap-system-akku-trennschleifer\/","title":{"rendered":"STIHL TSA 230 &#8211; AP-System Akku-Trennschleifer"},"content":{"rendered":"<p>Kompakt, leicht und leistungsstark f\u00fcr vielf\u00e4ltige professionelle Anwendungen.<br \/>\nDer leistungsstarke und zugleich handliche Akku-Trennschleifer STIHL TSA 230 ist ideal f\u00fcr professionelle Anwendungen im Garten- und Landschaftsbau, im Stra\u00dfenbau, im Dach- und Innenausbau sowie f\u00fcr vielf\u00e4ltige Anwendungen im Hoch- und Tiefbau. Dank seiner ausgewogenen Balance, der kompakten Bauweise, des geringen Gewichts und der hohen Leistung k\u00f6nnen Sie kurze Schnitte in Bau- und Pflastersteinen, Trennarbeiten an Baustoffen, Schnitte von Stahlarmierungen und Metallprofilen sowie das Schneiden von Metallen und Verbundwerkstoffen auch auf engstem Raum und mit hoher Pr\u00e4zision durchf\u00fchren. <\/p>\n<p>Mit der 230 mm Trennscheibe des STIHL TSA 230 Trennschleifers sind Schnitttiefen bis zu 70 mm m\u00f6glich. Der ergonomische Handgriff des STIHL TSA 230 erm\u00f6glicht Ihnen einen sicheren Halt und eine pr\u00e4zise F\u00fchrung beim Schneiden. Der leistungsstarke b\u00fcrstenlose EC-Motor arbeitet nahezu verschlei\u00dffrei. Seine elektronische Steuerung passt Leistung und Drehzahl stets optimal an das zu schneidende Material an.  <\/p>\n<p>Dank des emissionsfreien Betriebs kann der Akku-Trennschleifer TSA 230 auch im Geb\u00e4udeinneren eingesetzt werden, beispielsweise in Hallen. Hier wird der entstehende Staub direkt in einen angeschlossenen Nass- und Trockensauger abgesaugt, z. B. STIHL SE 133 ME. <\/p>\n<p>Der Wechsel der Trennscheibe ist sehr einfach: Einfach die Spindelarretierung dr\u00fccken, die Befestigungsschraube mit einem Schl\u00fcssel l\u00f6sen und anschlie\u00dfend wieder festziehen. Zu den weiteren Vorteilen z\u00e4hlen die Stoppbremse, die die Trennscheibe in wenigen Sekunden abbremst, und die STIHL Magnesiumschutzhaube mit integrierter Wasserf\u00fchrung. <\/p>\n<p>Neben der serienm\u00e4\u00dfig mitgelieferten STIHL K-ME Kunstharz-Trennscheibe sind als Zubeh\u00f6r f\u00fcr den STIHL TSA 230 weitere Kunstharz- und Diamant-Trennscheiben f\u00fcr vielf\u00e4ltige Anwendungen erh\u00e4ltlich.<\/p>\n<p>In unserer \u00dcbersicht zu Akku-Lauf- und Ladezeiten k\u00f6nnen Sie sehen, wie lange Sie mit Ihrem Akku-Trennschleifer STIHL TSA 230 arbeiten k\u00f6nnen und wie lange der Akku zum Aufladen ben\u00f6tigt.<\/p>\n<p>Alle Akkuger\u00e4te des STIHL AP-Systems sind f\u00fcr den regelm\u00e4\u00dfigen professionellen Einsatz im Alltag auch bei widrigen Witterungsbedingungen konzipiert. Daher verf\u00fcgen sie \u00fcber einen gepr\u00fcften Spritzwasserschutz. Die Wirksamkeit wird durch strenge interne Tests nachgewiesen. Der Spritzwassertest basiert unter anderem auf dem Standard IPX4. Der STIHL TSA 230 ist zudem f\u00fcr Arbeiten bei Regen geeignet.    <\/p>\n<p>&nbsp;<\/p>\n<p>&nbsp;<\/p>\n<table data-test-id=\"pdp-spec-tech-table\">\n<tbody>\n<tr>\n<td>Nennspannung<\/td>\n<td>36 V<\/td>\n<\/tr>\n<tr>\n<td>Maximale Spannung<\/td>\n<td>40 V<\/td>\n<\/tr>\n<tr>\n<td>Leistungsaufnahme<\/td>\n<td>2,10 kW<\/td>\n<\/tr>\n<tr>\n<td>Leistung<\/td>\n<td>1,60 kW<\/td>\n<\/tr>\n<tr>\n<td>Akkusystem<\/td>\n<td>AP<\/td>\n<\/tr>\n<tr>\n<td>Empfohlener Akku<\/td>\n<td>AP 300 S<\/td>\n<\/tr>\n<tr>\n<td>Ger\u00e4tegewicht ohne Akku<\/td>\n<td>3,9 kg<\/td>\n<\/tr>\n<tr>\n<td>Trennscheibendurchmesser<\/td>\n<td>230 mm<\/td>\n<\/tr>\n<tr>\n<td>Schnitttiefe max.<\/td>\n<td>70 mm<\/td>\n<\/tr>\n<tr>\n<td>Akkulaufzeit min. mit AP 200 S<\/td>\n<td>9 min<\/td>\n<\/tr>\n<tr>\n<td>Akkulaufzeit max. mit AP 200 S<\/td>\n<td>14 min<\/td>\n<\/tr>\n<tr>\n<td>Akkulaufzeit min. mit AP 300 S<\/td>\n<td>15 min<\/td>\n<\/tr>\n<tr>\n<td>Akkulaufzeit max. mit AP 300 S<\/td>\n<td>24 min<\/td>\n<\/tr>\n<tr>\n<td>Akkulaufzeit max. mit AP 500 S<\/td>\n<td>26 min<\/td>\n<\/tr>\n<tr>\n<td>Ger\u00e4tel\u00e4nge mit Trennscheibe<\/td>\n<td>55 cm<\/td>\n<\/tr>\n<tr>\n<td>Schalldruckpegel<\/td>\n<td>104 dB(A)<\/td>\n<\/tr>\n<tr>\n<td>Schallleistungspegel<\/td>\n<td>115 dB(A)<\/td>\n<\/tr>\n<tr>\n<td>Vibrationswert links<\/td>\n<td>4,3 m\/s\u00b2<\/td>\n<\/tr>\n<tr>\n<td>Vibrationswert rechts<\/td>\n<td>2,4 m\/s\u00b2<\/td>\n<\/tr>\n<\/tbody>\n<\/table>\n","protected":false},"excerpt":{"rendered":"<p>Kompakt, leicht und leistungsstark f\u00fcr vielf\u00e4ltige professionelle Anwendungen. Der leistungsstarke und zugleich handliche Akku-Trennschleifer STIHL TSA 230 ist ideal f\u00fcr<\/p>\n","protected":false},"featured_media":713627,"template":"","meta":{"_seopress_robots_primary_cat":"","_seopress_titles_title":"","_seopress_titles_desc":"","_seopress_robots_index":""},"product_brand":[3554],"product_cat":[1699,1696,169],"product_tag":[],"class_list":{"0":"post-730682","1":"product","2":"type-product","3":"status-publish","4":"has-post-thumbnail","6":"product_brand-stihl-de","7":"product_cat-mahmaschinen-de","8":"product_cat-mahmaschinen-und-trimmer","9":"product_cat-maschinen","10":"sws-gruppo-macchinari-de","11":"sws-conto-ricavi-merci-rivendita-macchinari-de","12":"sws-gruppo-iva-iva81-de","14":"first","15":"instock","16":"shipping-taxable","17":"purchasable","18":"product-type-simple"},"_links":{"self":[{"href":"https:\/\/lucacastelli.com\/de\/wp-json\/wp\/v2\/product\/730682","targetHints":{"allow":["GET"]}}],"collection":[{"href":"https:\/\/lucacastelli.com\/de\/wp-json\/wp\/v2\/product"}],"about":[{"href":"https:\/\/lucacastelli.com\/de\/wp-json\/wp\/v2\/types\/product"}],"wp:featuredmedia":[{"embeddable":true,"href":"https:\/\/lucacastelli.com\/de\/wp-json\/wp\/v2\/media\/713627"}],"wp:attachment":[{"href":"https:\/\/lucacastelli.com\/de\/wp-json\/wp\/v2\/media?parent=730682"}],"wp:term":[{"taxonomy":"product_brand","embeddable":true,"href":"https:\/\/lucacastelli.com\/de\/wp-json\/wp\/v2\/product_brand?post=730682"},{"taxonomy":"product_cat","embeddable":true,"href":"https:\/\/lucacastelli.com\/de\/wp-json\/wp\/v2\/product_cat?post=730682"},{"taxonomy":"product_tag","embeddable":true,"href":"https:\/\/lucacastelli.com\/de\/wp-json\/wp\/v2\/product_tag?post=730682"}],"curies":[{"name":"wp","href":"https:\/\/api.w.org\/{rel}","templated":true}]}}