{"id":730662,"date":"2026-02-16T10:29:49","date_gmt":"2026-02-16T09:29:49","guid":{"rendered":"https:\/\/lucacastelli.com\/prodotto\/stihl-diamanttrennscheibe-d-sb90-o-400-mm\/"},"modified":"2026-02-16T10:29:49","modified_gmt":"2026-02-16T09:29:49","slug":"stihl-diamanttrennscheibe-d-sb90-o-400-mm","status":"publish","type":"product","link":"https:\/\/lucacastelli.com\/de\/produkt\/stihl-diamanttrennscheibe-d-sb90-o-400-mm\/","title":{"rendered":"STIHL Diamanttrennscheibe D-SB90 \u00d8 400 mm"},"content":{"rendered":"<p>Auch empfohlen f\u00fcr R\u00e4umarbeiten und bei Katastropheneins\u00e4tzen. Grundk\u00f6rper aus versilbertem Metall. Erh\u00e4ltlich in verschiedenen Ausf\u00fchrungen: Langlebig und schnelles Schneiden in g\u00e4ngigen Gesteinen und Granit, auch f\u00fcr Baustahl bis zu einer St\u00e4rke von 10 mm.  <\/p>\n","protected":false},"excerpt":{"rendered":"<p>Auch empfohlen f\u00fcr R\u00e4umarbeiten und bei Katastropheneins\u00e4tzen. Grundk\u00f6rper aus versilbertem Metall. Erh\u00e4ltlich in verschiedenen Ausf\u00fchrungen: Langlebig und schnelles Schneiden in<\/p>\n","protected":false},"featured_media":728398,"template":"","meta":{"_seopress_robots_primary_cat":"none","_seopress_titles_title":"","_seopress_titles_desc":"","_seopress_robots_index":""},"product_brand":[3554],"product_cat":[1699,1696,169,1697],"product_tag":[],"class_list":{"0":"post-730662","1":"product","2":"type-product","3":"status-publish","4":"has-post-thumbnail","6":"product_brand-stihl-de","7":"product_cat-mahmaschinen-de","8":"product_cat-mahmaschinen-und-trimmer","9":"product_cat-maschinen","10":"product_cat-zubehor-und-verbrauchsmaterial-de-8","11":"sws-gruppo-macchinari-de","12":"sws-conto-ricavi-merci-rivendita-macchinari-de","13":"sws-gruppo-iva-iva81-de","15":"first","16":"instock","17":"sale","18":"shipping-taxable","19":"purchasable","20":"product-type-simple"},"_links":{"self":[{"href":"https:\/\/lucacastelli.com\/de\/wp-json\/wp\/v2\/product\/730662","targetHints":{"allow":["GET"]}}],"collection":[{"href":"https:\/\/lucacastelli.com\/de\/wp-json\/wp\/v2\/product"}],"about":[{"href":"https:\/\/lucacastelli.com\/de\/wp-json\/wp\/v2\/types\/product"}],"wp:featuredmedia":[{"embeddable":true,"href":"https:\/\/lucacastelli.com\/de\/wp-json\/wp\/v2\/media\/728398"}],"wp:attachment":[{"href":"https:\/\/lucacastelli.com\/de\/wp-json\/wp\/v2\/media?parent=730662"}],"wp:term":[{"taxonomy":"product_brand","embeddable":true,"href":"https:\/\/lucacastelli.com\/de\/wp-json\/wp\/v2\/product_brand?post=730662"},{"taxonomy":"product_cat","embeddable":true,"href":"https:\/\/lucacastelli.com\/de\/wp-json\/wp\/v2\/product_cat?post=730662"},{"taxonomy":"product_tag","embeddable":true,"href":"https:\/\/lucacastelli.com\/de\/wp-json\/wp\/v2\/product_tag?post=730662"}],"curies":[{"name":"wp","href":"https:\/\/api.w.org\/{rel}","templated":true}]}}