{"id":730614,"date":"2026-02-17T15:03:55","date_gmt":"2026-02-17T14:03:55","guid":{"rendered":"https:\/\/lucacastelli.com\/prodotto\/la-sportiva-nepal-s3-work-gtx\/"},"modified":"2026-04-19T08:24:32","modified_gmt":"2026-04-19T06:24:32","slug":"la-sportiva-nepal-s3-work-gtx","status":"publish","type":"product","link":"https:\/\/lucacastelli.com\/de\/produkt\/la-sportiva-nepal-s3-work-gtx\/","title":{"rendered":"LA SPORTIVA Nepal S3 Work GTX"},"content":{"rendered":"<p>Arbeitsschuh, entwickelt f\u00fcr die Anforderungen derjenigen, die die Eigenschaften der Nepal Series von La Sportiva sch\u00e4tzen. Durchtrittschutz, Zehenschutzkappe, antistatisch und wasserdicht f\u00fcr maximale Leistung und Sicherheit. <\/p>\n<p>Obermaterial:<br \/>\nwasserabweisendes Leder Idro-Perwanger\u00ae 3+ mm<\/p>\n<p>Futter:<br \/>\nGore-Tex\u00ae Performance Comfort<\/p>\n<p>Zwischensohle:<br \/>\nIbi-Thermo 6 mm + antistatischer Durchtrittschutz-Einsatz<\/p>\n<p>Sohle:<br \/>\nVibram\u00ae mit antistatischer Gummimischung, geeignet f\u00fcr Step-in-Steigeisen<\/p>\n<p>Gr\u00f6\u00dfen:<br \/>\n40-48 (+1\/2) 49-50 auf Anfrage<\/p>\n<p>Gewicht:<br \/>\n2.600 g (Paar)<\/p>\n<p>Verst\u00e4rkungen Spitze und Ferse:<br \/>\nKappe aus geh\u00e4rtetem Stahl<\/p>\n<p>Zertifizierungen:<br \/>\nEN ISO 20345:2011 S3 AN SRC<\/p>\n","protected":false},"excerpt":{"rendered":"<p>Arbeitsschuh, entwickelt f\u00fcr die Anforderungen derjenigen, die die Eigenschaften der Nepal Series von La Sportiva sch\u00e4tzen. Durchtrittschutz, Zehenschutzkappe, antistatisch und<\/p>\n","protected":false},"featured_media":99608,"template":"","meta":{"_seopress_robots_primary_cat":"none","_seopress_titles_title":"","_seopress_titles_desc":"","_seopress_robots_index":""},"product_brand":[3649],"product_cat":[1424,175],"product_tag":[],"class_list":{"0":"post-730614","1":"product","2":"type-product","3":"status-publish","4":"has-post-thumbnail","6":"product_brand-la-sportiva-de","7":"product_cat-arbeitsschuhe","8":"product_cat-schuhe","10":"first","11":"instock","12":"shipping-taxable","13":"purchasable","14":"product-type-variable","15":"has-default-attributes"},"_links":{"self":[{"href":"https:\/\/lucacastelli.com\/de\/wp-json\/wp\/v2\/product\/730614","targetHints":{"allow":["GET"]}}],"collection":[{"href":"https:\/\/lucacastelli.com\/de\/wp-json\/wp\/v2\/product"}],"about":[{"href":"https:\/\/lucacastelli.com\/de\/wp-json\/wp\/v2\/types\/product"}],"wp:featuredmedia":[{"embeddable":true,"href":"https:\/\/lucacastelli.com\/de\/wp-json\/wp\/v2\/media\/99608"}],"wp:attachment":[{"href":"https:\/\/lucacastelli.com\/de\/wp-json\/wp\/v2\/media?parent=730614"}],"wp:term":[{"taxonomy":"product_brand","embeddable":true,"href":"https:\/\/lucacastelli.com\/de\/wp-json\/wp\/v2\/product_brand?post=730614"},{"taxonomy":"product_cat","embeddable":true,"href":"https:\/\/lucacastelli.com\/de\/wp-json\/wp\/v2\/product_cat?post=730614"},{"taxonomy":"product_tag","embeddable":true,"href":"https:\/\/lucacastelli.com\/de\/wp-json\/wp\/v2\/product_tag?post=730614"}],"curies":[{"name":"wp","href":"https:\/\/api.w.org\/{rel}","templated":true}]}}