{"id":730606,"date":"2026-02-05T19:04:18","date_gmt":"2026-02-05T18:04:18","guid":{"rendered":"https:\/\/lucacastelli.com\/prodotto\/stihl-tsa-350-ap-system-akku-trennschleifer\/"},"modified":"2026-02-05T19:04:18","modified_gmt":"2026-02-05T18:04:18","slug":"stihl-tsa-350-ap-system-akku-trennschleifer","status":"publish","type":"product","link":"https:\/\/lucacastelli.com\/de\/produkt\/stihl-tsa-350-ap-system-akku-trennschleifer\/","title":{"rendered":"STIHL TSA 350 &#8211; AP-System Akku-Trennschleifer"},"content":{"rendered":"<p>Akku-Trennschleifer TSA 350: kompakter, leichter und leistungsstarker Profi-Trennschleifer f\u00fcr 350 mm Scheiben.<br \/>\nDie STIHL TSA 350 aus dem STIHL AP-System ist ideal f\u00fcr Profis im Garten-, Landschafts- und Baugewerbe. Das kompakte Design erm\u00f6glicht pr\u00e4zise Schnitte bis zu 125 mm Tiefe. F\u00fcr volle Leistung empfehlen wir den STIHL AP 500 S Akku.  <\/p>\n<p>Der leistungsstarke EC-Motor arbeitet leise und vibrationsarm und gew\u00e4hrleistet dank elektronischer Steuerung konstante Leistung. Der STIHL Magnetfilter sch\u00fctzt den Motor vor Metallstaub und garantiert eine lange Lebensdauer. <\/p>\n<p>Leicht und ergonomisch bietet die TSA 350 pr\u00e4zise und sichere Kontrolle. Die Stoppbremse mit Energier\u00fcckgewinnung stoppt die Scheibe schnell und l\u00e4dt den Akku wieder auf. Emissionsfrei ist sie auch in Innenr\u00e4umen einsetzbar, und der Wasseranschluss reduziert Staub effektiv.  <\/p>\n<p>Die verstellbare Magnesium-Schutzhaube mit Wasserf\u00fchrung garantiert Sicherheit, optimale Sicht und gezielte Ableitung von R\u00fcckst\u00e4nden. Mit IPX4-Zertifizierung ist die TSA 350 f\u00fcr intensiven professionellen Einsatz auch unter schwierigen Witterungsbedingungen konzipiert. <\/p>\n<p>&nbsp;<\/p>\n<p>&nbsp;<\/p>\n<table data-test-id=\"pdp-spec-tech-table\">\n<tbody>\n<tr>\n<td>Nennspannung<\/td>\n<td>36 V<\/td>\n<\/tr>\n<tr>\n<td>Maximale Spannung<\/td>\n<td>40 V<\/td>\n<\/tr>\n<tr>\n<td>Leistungsaufnahme<\/td>\n<td>3,30 kW<\/td>\n<\/tr>\n<tr>\n<td>Leistung<\/td>\n<td>2,70 kW<\/td>\n<\/tr>\n<tr>\n<td>Akkusystem<\/td>\n<td>AP<\/td>\n<\/tr>\n<tr>\n<td>Empfohlener Akku<\/td>\n<td>AP 500 S<\/td>\n<\/tr>\n<tr>\n<td>Gewicht des Ger\u00e4ts ohne Akku<\/td>\n<td>7,3 kg<\/td>\n<\/tr>\n<tr>\n<td>Trennscheibendurchmesser<\/td>\n<td>350 mm<\/td>\n<\/tr>\n<tr>\n<td>Max. Schnitttiefe<\/td>\n<td>125 mm<\/td>\n<\/tr>\n<tr>\n<td>Minimale Betriebszeit mit Akku AP 200 S<\/td>\n<td>4 min<\/td>\n<\/tr>\n<tr>\n<td>Maximale Betriebszeit mit Akku AP 200 S<\/td>\n<td>8 min<\/td>\n<\/tr>\n<tr>\n<td>Minimale Betriebszeit mit Akku AP 300 S<\/td>\n<td>8 min<\/td>\n<\/tr>\n<tr>\n<td>Maximale Betriebszeit mit Akku AP 300 S<\/td>\n<td>15 min<\/td>\n<\/tr>\n<tr>\n<td>Minimale Betriebszeit mit Akku AP 500 S<\/td>\n<td>11 min<\/td>\n<\/tr>\n<tr>\n<td>Maximale Betriebszeit mit Akku AP 500 S<\/td>\n<td>20 min<\/td>\n<\/tr>\n<tr>\n<td>L\u00e4nge des Ger\u00e4ts mit Trennscheibe<\/td>\n<td>78,9 cm<\/td>\n<\/tr>\n<tr>\n<td>Schalldruckpegel<\/td>\n<td>106 dB(A)<\/td>\n<\/tr>\n<tr>\n<td>Schallleistungspegel<\/td>\n<td>117 dB(A)<\/td>\n<\/tr>\n<tr>\n<td>Vibrationswert links<\/td>\n<td>2,4 m\/s\u00b2<\/td>\n<\/tr>\n<tr>\n<td>Vibrationswert rechts<\/td>\n<td>2 m\/s\u00b2<\/td>\n<\/tr>\n<\/tbody>\n<\/table>\n","protected":false},"excerpt":{"rendered":"<p>Akku-Trennschleifer TSA 350: kompakter, leichter und leistungsstarker Profi-Trennschleifer f\u00fcr 350 mm Scheiben. Die STIHL TSA 350 aus dem STIHL AP-System<\/p>\n","protected":false},"featured_media":713645,"template":"","meta":{"_seopress_robots_primary_cat":"none","_seopress_titles_title":"","_seopress_titles_desc":"","_seopress_robots_index":""},"product_brand":[3554],"product_cat":[169,1696,1699],"product_tag":[],"class_list":{"0":"post-730606","1":"product","2":"type-product","3":"status-publish","4":"has-post-thumbnail","6":"product_brand-stihl-de","7":"product_cat-maschinen","8":"product_cat-mahmaschinen-und-trimmer","9":"product_cat-mahmaschinen-de","10":"sws-gruppo-macchinari-de","11":"sws-conto-ricavi-merci-rivendita-macchinari-de","12":"sws-gruppo-iva-iva81-de","14":"first","15":"instock","16":"shipping-taxable","17":"purchasable","18":"product-type-simple"},"_links":{"self":[{"href":"https:\/\/lucacastelli.com\/de\/wp-json\/wp\/v2\/product\/730606","targetHints":{"allow":["GET"]}}],"collection":[{"href":"https:\/\/lucacastelli.com\/de\/wp-json\/wp\/v2\/product"}],"about":[{"href":"https:\/\/lucacastelli.com\/de\/wp-json\/wp\/v2\/types\/product"}],"wp:featuredmedia":[{"embeddable":true,"href":"https:\/\/lucacastelli.com\/de\/wp-json\/wp\/v2\/media\/713645"}],"wp:attachment":[{"href":"https:\/\/lucacastelli.com\/de\/wp-json\/wp\/v2\/media?parent=730606"}],"wp:term":[{"taxonomy":"product_brand","embeddable":true,"href":"https:\/\/lucacastelli.com\/de\/wp-json\/wp\/v2\/product_brand?post=730606"},{"taxonomy":"product_cat","embeddable":true,"href":"https:\/\/lucacastelli.com\/de\/wp-json\/wp\/v2\/product_cat?post=730606"},{"taxonomy":"product_tag","embeddable":true,"href":"https:\/\/lucacastelli.com\/de\/wp-json\/wp\/v2\/product_tag?post=730606"}],"curies":[{"name":"wp","href":"https:\/\/api.w.org\/{rel}","templated":true}]}}