{"id":730569,"date":"2026-02-06T18:03:16","date_gmt":"2026-02-06T17:03:16","guid":{"rendered":"https:\/\/lucacastelli.com\/prodotto\/stihl-tsa-300-rettung-ap-system-akku-trennschleifer\/"},"modified":"2026-02-06T18:03:16","modified_gmt":"2026-02-06T17:03:16","slug":"stihl-tsa-300-rettung-ap-system-akku-trennschleifer","status":"publish","type":"product","link":"https:\/\/lucacastelli.com\/de\/produkt\/stihl-tsa-300-rettung-ap-system-akku-trennschleifer\/","title":{"rendered":"STIHL TSA 300 RETTUNG &#8211; AP-System &#8211; Akku-Trennschleifer"},"content":{"rendered":"<p>Akku-Trennschleifer TSA 300 mit Rettungstrennscheibe D-R80: kompaktes, leichtes und sehr leistungsstarkes Profi-Ger\u00e4t f\u00fcr vielseitige Eins\u00e4tze<br \/>\nDer Akku-Trennschleifer STIHL TSA 300 aus dem AP-System ist kompakt, leicht und vielseitig, ideal f\u00fcr Rettungseins\u00e4tze, Feuerwehr und Katastrophenschutz. Geliefert mit Standard-Trennscheibe und STIHL Diamanttrennscheibe D-R80, perfekt f\u00fcr Notf\u00e4lle, mit einer maximalen Schnitttiefe von 110 mm. <\/p>\n<p>Der leistungsstarke EC-Motor arbeitet leise und vibrationsarm, w\u00e4hrend die elektronische Steuerung f\u00fcr optimale Leistung \u00fcber die gesamte Akkulaufzeit sorgt. Der STIHL Magnetfilter sch\u00fctzt den Motor vor Metallstaub und verl\u00e4ngert seine Lebensdauer. <\/p>\n<p>Kompaktes Design, geringes Gewicht und ein ergonomischer Griff gew\u00e4hrleisten eine pr\u00e4zise und sichere Handhabung. Die Bremse mit Rekuperationsfunktion stoppt die Scheibe schnell und l\u00e4dt den Akku teilweise wieder auf. Emissionsfreies Arbeiten, auch im Innenbereich m\u00f6glich, mit Wasseranschluss zur Staubbindung. Der TSA 300 ist spritzwassergesch\u00fctzt (IPX4) und bei Regen einsetzbar.   <\/p>\n<p>&nbsp;<\/p>\n<p>&nbsp;<\/p>\n<table data-test-id=\"pdp-spec-tech-table\">\n<tbody>\n<tr>\n<td>Nennspannung<\/td>\n<td>36 V<\/td>\n<\/tr>\n<tr>\n<td>Maximale Spannung<\/td>\n<td>40 V<\/td>\n<\/tr>\n<tr>\n<td>Leistungsaufnahme<\/td>\n<td>3 kW<\/td>\n<\/tr>\n<tr>\n<td>Leistung<\/td>\n<td>2,50 kW<\/td>\n<\/tr>\n<tr>\n<td>Akkusystem<\/td>\n<td>AP<\/td>\n<\/tr>\n<tr>\n<td>Empfohlener Akku<\/td>\n<td>AP 500 S<\/td>\n<\/tr>\n<tr>\n<td>Ger\u00e4tegewicht ohne Akku<\/td>\n<td>6,3 kg<\/td>\n<\/tr>\n<tr>\n<td>Trennscheibendurchmesser<\/td>\n<td>300 mm<\/td>\n<\/tr>\n<tr>\n<td>Max. Schnitttiefe<\/td>\n<td>110 mm<\/td>\n<\/tr>\n<tr>\n<td>IP-Schutzart<\/td>\n<td>IPX4<\/td>\n<\/tr>\n<tr>\n<td>Minimale Akkulaufzeit mit AP 200 S<\/td>\n<td>5 min<\/td>\n<\/tr>\n<tr>\n<td>Maximale Akkulaufzeit mit AP 200 S<\/td>\n<td>9 min<\/td>\n<\/tr>\n<tr>\n<td>Minimale Akkulaufzeit mit AP 300 S<\/td>\n<td>9 min<\/td>\n<\/tr>\n<tr>\n<td>Maximale Akkulaufzeit mit AP 300 S<\/td>\n<td>16 min<\/td>\n<\/tr>\n<tr>\n<td>Minimale Akkulaufzeit mit AP 500 S<\/td>\n<td>12 min<\/td>\n<\/tr>\n<tr>\n<td>Maximale Akkulaufzeit mit AP 500 S<\/td>\n<td>22 min<\/td>\n<\/tr>\n<tr>\n<td>Ger\u00e4tel\u00e4nge mit Trennscheibe<\/td>\n<td>74,2 cm<\/td>\n<\/tr>\n<tr>\n<td>Schalldruckpegel<\/td>\n<td>105 dB(A)<\/td>\n<\/tr>\n<tr>\n<td>Schallleistungspegel<\/td>\n<td>116 dB(A)<\/td>\n<\/tr>\n<tr>\n<td>Vibrationswert links<\/td>\n<td>3 m\/s\u00b2<\/td>\n<\/tr>\n<tr>\n<td>Vibrationswert rechts<\/td>\n<td>2.3 m\/s\u00b2<\/td>\n<\/tr>\n<\/tbody>\n<\/table>\n","protected":false},"excerpt":{"rendered":"<p>Akku-Trennschleifer TSA 300 mit Rettungstrennscheibe D-R80: kompaktes, leichtes und sehr leistungsstarkes Profi-Ger\u00e4t f\u00fcr vielseitige Eins\u00e4tze Der Akku-Trennschleifer STIHL TSA 300<\/p>\n","protected":false},"featured_media":714902,"template":"","meta":{"_seopress_robots_primary_cat":"none","_seopress_titles_title":"","_seopress_titles_desc":"","_seopress_robots_index":""},"product_brand":[3554],"product_cat":[169,1696,1699],"product_tag":[],"class_list":{"0":"post-730569","1":"product","2":"type-product","3":"status-publish","4":"has-post-thumbnail","6":"product_brand-stihl-de","7":"product_cat-maschinen","8":"product_cat-mahmaschinen-und-trimmer","9":"product_cat-mahmaschinen-de","10":"sws-gruppo-macchinari-de","11":"sws-conto-ricavi-merci-rivendita-macchinari-de","12":"sws-gruppo-iva-iva81-de","14":"first","15":"instock","16":"shipping-taxable","17":"purchasable","18":"product-type-simple"},"_links":{"self":[{"href":"https:\/\/lucacastelli.com\/de\/wp-json\/wp\/v2\/product\/730569","targetHints":{"allow":["GET"]}}],"collection":[{"href":"https:\/\/lucacastelli.com\/de\/wp-json\/wp\/v2\/product"}],"about":[{"href":"https:\/\/lucacastelli.com\/de\/wp-json\/wp\/v2\/types\/product"}],"wp:featuredmedia":[{"embeddable":true,"href":"https:\/\/lucacastelli.com\/de\/wp-json\/wp\/v2\/media\/714902"}],"wp:attachment":[{"href":"https:\/\/lucacastelli.com\/de\/wp-json\/wp\/v2\/media?parent=730569"}],"wp:term":[{"taxonomy":"product_brand","embeddable":true,"href":"https:\/\/lucacastelli.com\/de\/wp-json\/wp\/v2\/product_brand?post=730569"},{"taxonomy":"product_cat","embeddable":true,"href":"https:\/\/lucacastelli.com\/de\/wp-json\/wp\/v2\/product_cat?post=730569"},{"taxonomy":"product_tag","embeddable":true,"href":"https:\/\/lucacastelli.com\/de\/wp-json\/wp\/v2\/product_tag?post=730569"}],"curies":[{"name":"wp","href":"https:\/\/api.w.org\/{rel}","templated":true}]}}