{"id":727177,"date":"2026-02-10T13:14:59","date_gmt":"2026-02-10T12:14:59","guid":{"rendered":"https:\/\/lucacastelli.com\/prodotto\/stihl-fuehrungswagen-fw-20-ts-710i-ts-910i\/"},"modified":"2026-02-10T13:14:59","modified_gmt":"2026-02-10T12:14:59","slug":"stihl-fuehrungswagen-fw-20-ts-710i-ts-910i","status":"publish","type":"product","link":"https:\/\/lucacastelli.com\/de\/produkt\/stihl-fuehrungswagen-fw-20-ts-710i-ts-910i\/","title":{"rendered":"STIHL F\u00fchrungswagen FW 20 TS 710i, TS 910i"},"content":{"rendered":"<p>Der praktische STIHL F\u00fchrungswagen FW 20 f\u00fcr Ihren STIHL Trennschleifer erleichtert pr\u00e4zise Schnitte \u00fcber lange Distanzen. Aufgrund des hohen Gewichts des Trennschleifers stellt das manuelle Schneiden \u00fcber weite Strecken eine gro\u00dfe Herausforderung dar. Der F\u00fchrungswagen FW 20 verwandelt handgef\u00fchrte Werkzeuge dank der praktischen Schnellspannvorrichtung im Handumdrehen in eine mobile Schneidemaschine. Auch die Schnitttiefe l\u00e4sst sich mit diesem praktischen Zubeh\u00f6r f\u00fcr Ihren Trennschleifer pr\u00e4zise einstellen. Der F\u00fchrungswagen FW 20 eignet sich f\u00fcr professionelle Arbeiten auf der Baustelle und im Stra\u00dfenbau. Er ist leicht zu demontieren, nimmt nur sehr wenig Platz ein und kann problemlos von einer Person transportiert werden. Bei Arbeiten auf Baustellen ohne Wasseranschluss k\u00f6nnen Sie den Wagen FW 20 mit einem optionalen Wassertank f\u00fcr FW 20 erg\u00e4nzen.      <\/p>\n","protected":false},"excerpt":{"rendered":"<p>Der praktische STIHL F\u00fchrungswagen FW 20 f\u00fcr Ihren STIHL Trennschleifer erleichtert pr\u00e4zise Schnitte \u00fcber lange Distanzen. Aufgrund des hohen Gewichts<\/p>\n","protected":false},"featured_media":720738,"template":"","meta":{"_seopress_robots_primary_cat":"none","_seopress_titles_title":"","_seopress_titles_desc":"","_seopress_robots_index":""},"product_brand":[3554],"product_cat":[1699,1696,169,1697],"product_tag":[],"class_list":{"0":"post-727177","1":"product","2":"type-product","3":"status-publish","4":"has-post-thumbnail","6":"product_brand-stihl-de","7":"product_cat-mahmaschinen-de","8":"product_cat-mahmaschinen-und-trimmer","9":"product_cat-maschinen","10":"product_cat-zubehor-und-verbrauchsmaterial-de-8","11":"sws-gruppo-macchinari-de","12":"sws-conto-ricavi-merci-rivendita-macchinari-de","13":"sws-gruppo-iva-iva81-de","15":"first","16":"instock","17":"sale","18":"shipping-taxable","19":"purchasable","20":"product-type-simple"},"_links":{"self":[{"href":"https:\/\/lucacastelli.com\/de\/wp-json\/wp\/v2\/product\/727177","targetHints":{"allow":["GET"]}}],"collection":[{"href":"https:\/\/lucacastelli.com\/de\/wp-json\/wp\/v2\/product"}],"about":[{"href":"https:\/\/lucacastelli.com\/de\/wp-json\/wp\/v2\/types\/product"}],"wp:featuredmedia":[{"embeddable":true,"href":"https:\/\/lucacastelli.com\/de\/wp-json\/wp\/v2\/media\/720738"}],"wp:attachment":[{"href":"https:\/\/lucacastelli.com\/de\/wp-json\/wp\/v2\/media?parent=727177"}],"wp:term":[{"taxonomy":"product_brand","embeddable":true,"href":"https:\/\/lucacastelli.com\/de\/wp-json\/wp\/v2\/product_brand?post=727177"},{"taxonomy":"product_cat","embeddable":true,"href":"https:\/\/lucacastelli.com\/de\/wp-json\/wp\/v2\/product_cat?post=727177"},{"taxonomy":"product_tag","embeddable":true,"href":"https:\/\/lucacastelli.com\/de\/wp-json\/wp\/v2\/product_tag?post=727177"}],"curies":[{"name":"wp","href":"https:\/\/api.w.org\/{rel}","templated":true}]}}