{"id":727152,"date":"2026-02-15T11:01:31","date_gmt":"2026-02-15T10:01:31","guid":{"rendered":"https:\/\/lucacastelli.com\/prodotto\/rundschlinge-aus-polyester-mit-verstaerktem-aussenmantel\/"},"modified":"2026-02-15T11:01:31","modified_gmt":"2026-02-15T10:01:31","slug":"rundschlinge-aus-polyester-mit-verstaerktem-aussenmantel","status":"publish","type":"product","link":"https:\/\/lucacastelli.com\/de\/produkt\/rundschlinge-aus-polyester-mit-verstaerktem-aussenmantel\/","title":{"rendered":"Rundschlinge aus Polyester mit verst\u00e4rktem Au\u00dfenmantel"},"content":{"rendered":"<p>Entspricht EN 1492-2, Sicherheitsfaktor 7. Doppelwandiger Schutzmantel. Tragf\u00e4higkeit direkt 3 t. Tragf\u00e4higkeit umgelegt 6 t. Tragf\u00e4higkeit geschn\u00fcrt 2,4 t. Bruchlast direkt 21 t. Farbcode Gelb.      <\/p>\n<p>Diese Polyester-Rundschlingen verf\u00fcgen \u00fcber einen extra widerstandsf\u00e4higen und abriebfesten Au\u00dfenmantel. Besonders geeignet f\u00fcr schwierige Einsatzbedingungen. Hergestellt nach EN 1492-2, Sicherheitsfaktor 7. Doppelwandiger Schutzmantel.   <\/p>\n<ul>\n<li>Tragf\u00e4higkeit direkt 3 t \/ 4 t \/ 6 t \/ 8 t \/ 10 t.<\/li>\n<li>Tragf\u00e4higkeit umgelegt 6 t \/ 8 t \/ 12 t \/ 16 t \/ 20 t.<\/li>\n<li>Tragf\u00e4higkeit geschn\u00fcrt 2,4 t \/ 3,2 t \/ 4,8 t \/ 6,4 t \/ 8,0 t.<\/li>\n<li>Bruchlast direkt 21 t \/ 28 t \/ 42 t \/ 56 t \/ 70 t.<\/li>\n<li>Farbcode Gelb<\/li>\n<\/ul>\n","protected":false},"excerpt":{"rendered":"<p>Entspricht EN 1492-2, Sicherheitsfaktor 7. Doppelwandiger Schutzmantel. Tragf\u00e4higkeit direkt 3 t. Tragf\u00e4higkeit umgelegt 6 t. Tragf\u00e4higkeit geschn\u00fcrt 2,4 t. Bruchlast<\/p>\n","protected":false},"featured_media":726842,"template":"","meta":{"_seopress_robots_primary_cat":"none","_seopress_titles_title":"","_seopress_titles_desc":"","_seopress_robots_index":""},"product_brand":[3411],"product_cat":[33,537,814],"product_tag":[],"class_list":{"0":"post-727152","1":"product","2":"type-product","3":"status-publish","4":"has-post-thumbnail","6":"product_brand-luca-castelli-legnami","7":"product_cat-attrezzature","8":"product_cat-attrezzatura-da-lavoro","9":"product_cat-imbraghi-e-materiale-di-sicurezza","10":"sws-gruppo-abb-libero-de","11":"sws-conto-ricavi-merci-rivendita-abbigliamento-de","12":"sws-gruppo-iva-iva81-de","14":"first","15":"instock","16":"shipping-taxable","17":"purchasable","18":"product-type-variable"},"_links":{"self":[{"href":"https:\/\/lucacastelli.com\/de\/wp-json\/wp\/v2\/product\/727152","targetHints":{"allow":["GET"]}}],"collection":[{"href":"https:\/\/lucacastelli.com\/de\/wp-json\/wp\/v2\/product"}],"about":[{"href":"https:\/\/lucacastelli.com\/de\/wp-json\/wp\/v2\/types\/product"}],"wp:featuredmedia":[{"embeddable":true,"href":"https:\/\/lucacastelli.com\/de\/wp-json\/wp\/v2\/media\/726842"}],"wp:attachment":[{"href":"https:\/\/lucacastelli.com\/de\/wp-json\/wp\/v2\/media?parent=727152"}],"wp:term":[{"taxonomy":"product_brand","embeddable":true,"href":"https:\/\/lucacastelli.com\/de\/wp-json\/wp\/v2\/product_brand?post=727152"},{"taxonomy":"product_cat","embeddable":true,"href":"https:\/\/lucacastelli.com\/de\/wp-json\/wp\/v2\/product_cat?post=727152"},{"taxonomy":"product_tag","embeddable":true,"href":"https:\/\/lucacastelli.com\/de\/wp-json\/wp\/v2\/product_tag?post=727152"}],"curies":[{"name":"wp","href":"https:\/\/api.w.org\/{rel}","templated":true}]}}