{"id":727068,"date":"2026-02-10T11:15:53","date_gmt":"2026-02-10T10:15:53","guid":{"rendered":"https:\/\/lucacastelli.com\/prodotto\/stihl-tiefenanschlag-mit-absaugstutzen-fuer-tsa-300-tsa-350-und-tsa-500-b\/"},"modified":"2026-02-10T11:15:53","modified_gmt":"2026-02-10T10:15:53","slug":"stihl-tiefenanschlag-mit-absaugstutzen-fuer-tsa-300-tsa-350-und-tsa-500-b","status":"publish","type":"product","link":"https:\/\/lucacastelli.com\/de\/produkt\/stihl-tiefenanschlag-mit-absaugstutzen-fuer-tsa-300-tsa-350-und-tsa-500-b\/","title":{"rendered":"STIHL Tiefenanschlag mit Absaugstutzen f\u00fcr TSA 300, TSA 350 und TSA 500 B"},"content":{"rendered":"<p>STIHL Tiefenanschlag mit Absaugstutzen: Unterst\u00fctzt staubarmes Schneiden<br \/>\nDer STIHL Tiefenanschlag mit Absaugstutzen bietet eine effektive Unterst\u00fctzung f\u00fcr das staubarme Schneiden von mineralischen Materialien auf ebenen Fl\u00e4chen mit dem STIHL Akku-Trennschleifer TSA 300.<\/p>\n<p>Dieser Tiefenanschlag erm\u00f6glicht eine stufenlose Einstellung der Schnitttiefe und einen Parallelanschlag als F\u00fchrung. Zur Minimierung der Staubentwicklung kann eine Absaugung an den Absaugstutzen angeschlossen werden. So l\u00e4sst sich Staub insbesondere auf ebenen Fl\u00e4chen beim ziehenden Schnitt effektiv reduzieren. Hierf\u00fcr ist ein kompatibler und leistungsstarker Nass- und Trockensauger erforderlich, wie zum Beispiel der STIHL Elektro-Nass- und Trockensauger SE 133 ME.   <\/p>\n","protected":false},"excerpt":{"rendered":"<p>STIHL Tiefenanschlag mit Absaugstutzen: Unterst\u00fctzt staubarmes Schneiden Der STIHL Tiefenanschlag mit Absaugstutzen bietet eine effektive Unterst\u00fctzung f\u00fcr das staubarme Schneiden<\/p>\n","protected":false},"featured_media":720540,"template":"","meta":{"_seopress_robots_primary_cat":"none","_seopress_titles_title":"","_seopress_titles_desc":"","_seopress_robots_index":""},"product_brand":[3554],"product_cat":[1699,1696,169,1697],"product_tag":[],"class_list":{"0":"post-727068","1":"product","2":"type-product","3":"status-publish","4":"has-post-thumbnail","6":"product_brand-stihl-de","7":"product_cat-mahmaschinen-de","8":"product_cat-mahmaschinen-und-trimmer","9":"product_cat-maschinen","10":"product_cat-zubehor-und-verbrauchsmaterial-de-8","11":"sws-gruppo-macchinari-de","12":"sws-conto-ricavi-merci-rivendita-macchinari-de","13":"sws-gruppo-iva-iva81-de","15":"first","16":"instock","17":"shipping-taxable","18":"purchasable","19":"product-type-simple"},"_links":{"self":[{"href":"https:\/\/lucacastelli.com\/de\/wp-json\/wp\/v2\/product\/727068","targetHints":{"allow":["GET"]}}],"collection":[{"href":"https:\/\/lucacastelli.com\/de\/wp-json\/wp\/v2\/product"}],"about":[{"href":"https:\/\/lucacastelli.com\/de\/wp-json\/wp\/v2\/types\/product"}],"wp:featuredmedia":[{"embeddable":true,"href":"https:\/\/lucacastelli.com\/de\/wp-json\/wp\/v2\/media\/720540"}],"wp:attachment":[{"href":"https:\/\/lucacastelli.com\/de\/wp-json\/wp\/v2\/media?parent=727068"}],"wp:term":[{"taxonomy":"product_brand","embeddable":true,"href":"https:\/\/lucacastelli.com\/de\/wp-json\/wp\/v2\/product_brand?post=727068"},{"taxonomy":"product_cat","embeddable":true,"href":"https:\/\/lucacastelli.com\/de\/wp-json\/wp\/v2\/product_cat?post=727068"},{"taxonomy":"product_tag","embeddable":true,"href":"https:\/\/lucacastelli.com\/de\/wp-json\/wp\/v2\/product_tag?post=727068"}],"curies":[{"name":"wp","href":"https:\/\/api.w.org\/{rel}","templated":true}]}}