{"id":727026,"date":"2026-02-10T11:07:27","date_gmt":"2026-02-10T10:07:27","guid":{"rendered":"https:\/\/lucacastelli.com\/prodotto\/riemenverschleissschutz-benzintrennschleifer-ts-910i\/"},"modified":"2026-02-10T11:07:27","modified_gmt":"2026-02-10T10:07:27","slug":"riemenverschleissschutz-benzintrennschleifer-ts-910i","status":"publish","type":"product","link":"https:\/\/lucacastelli.com\/de\/produkt\/riemenverschleissschutz-benzintrennschleifer-ts-910i\/","title":{"rendered":"Riemenverschlei\u00dfschutz &#8211; Benzintrennschleifer TS 910i"},"content":{"rendered":"<p>Metallverst\u00e4rkter Abweiser: Arbeiten Sie l\u00e4nger ohne Unterbrechungen.<\/p>\n<p>Der metallverst\u00e4rkte Abweiser wurde f\u00fcr anspruchsvolle Trennarbeiten entwickelt und bietet au\u00dfergew\u00f6hnliche Langlebigkeit. Ausgestattet mit einem Edelstahl-Verschlei\u00dfschutz, der bis zu f\u00fcnfmal l\u00e4nger h\u00e4lt als herk\u00f6mmliche Abweiser, reduziert er Ausfallzeiten und Wartung bei maximaler Schnitttiefe erheblich.<br \/>\nDieser robuste Abweiser widersteht frontaler, seitlicher und winkliger Abnutzung. Er gew\u00e4hrleistet konstante Leistung bei h\u00e4rtesten Eins\u00e4tzen, damit Sie sich auf Ihre Arbeit konzentrieren k\u00f6nnen. <\/p>\n","protected":false},"excerpt":{"rendered":"<p>Metallverst\u00e4rkter Abweiser: Arbeiten Sie l\u00e4nger ohne Unterbrechungen. Der metallverst\u00e4rkte Abweiser wurde f\u00fcr anspruchsvolle Trennarbeiten entwickelt und bietet au\u00dfergew\u00f6hnliche Langlebigkeit. Ausgestattet<\/p>\n","protected":false},"featured_media":720527,"template":"","meta":{"_seopress_robots_primary_cat":"none","_seopress_titles_title":"","_seopress_titles_desc":"","_seopress_robots_index":""},"product_brand":[3554],"product_cat":[1699,1696,169,1697],"product_tag":[],"class_list":{"0":"post-727026","1":"product","2":"type-product","3":"status-publish","4":"has-post-thumbnail","6":"product_brand-stihl-de","7":"product_cat-mahmaschinen-de","8":"product_cat-mahmaschinen-und-trimmer","9":"product_cat-maschinen","10":"product_cat-zubehor-und-verbrauchsmaterial-de-8","11":"sws-gruppo-macchinari-de","12":"sws-conto-ricavi-merci-rivendita-macchinari-de","13":"sws-gruppo-iva-iva81-de","15":"first","16":"instock","17":"shipping-taxable","18":"purchasable","19":"product-type-simple"},"_links":{"self":[{"href":"https:\/\/lucacastelli.com\/de\/wp-json\/wp\/v2\/product\/727026","targetHints":{"allow":["GET"]}}],"collection":[{"href":"https:\/\/lucacastelli.com\/de\/wp-json\/wp\/v2\/product"}],"about":[{"href":"https:\/\/lucacastelli.com\/de\/wp-json\/wp\/v2\/types\/product"}],"wp:featuredmedia":[{"embeddable":true,"href":"https:\/\/lucacastelli.com\/de\/wp-json\/wp\/v2\/media\/720527"}],"wp:attachment":[{"href":"https:\/\/lucacastelli.com\/de\/wp-json\/wp\/v2\/media?parent=727026"}],"wp:term":[{"taxonomy":"product_brand","embeddable":true,"href":"https:\/\/lucacastelli.com\/de\/wp-json\/wp\/v2\/product_brand?post=727026"},{"taxonomy":"product_cat","embeddable":true,"href":"https:\/\/lucacastelli.com\/de\/wp-json\/wp\/v2\/product_cat?post=727026"},{"taxonomy":"product_tag","embeddable":true,"href":"https:\/\/lucacastelli.com\/de\/wp-json\/wp\/v2\/product_tag?post=727026"}],"curies":[{"name":"wp","href":"https:\/\/api.w.org\/{rel}","templated":true}]}}