{"id":727009,"date":"2026-02-10T11:45:14","date_gmt":"2026-02-10T10:45:14","guid":{"rendered":"https:\/\/lucacastelli.com\/prodotto\/stihl-radsatz-fuer-tsa-500\/"},"modified":"2026-02-10T11:45:14","modified_gmt":"2026-02-10T10:45:14","slug":"stihl-radsatz-fuer-tsa-500","status":"publish","type":"product","link":"https:\/\/lucacastelli.com\/de\/produkt\/stihl-radsatz-fuer-tsa-500\/","title":{"rendered":"STIHL Radsatz f\u00fcr TSA 500"},"content":{"rendered":"<p>Radsatz: F\u00fchrungshilfe f\u00fcr den Akku-Trennschleifer TSA 500<br \/>\nDer praktische STIHL Radsatz erleichtert die F\u00fchrung des Akku-Trennschleifers STIHL TSA 500, auch bei langen Schnitten. Zwei R\u00e4der werden unter dem vorderen Standfu\u00df montiert und dienen als F\u00fchrungshilfe, wodurch Arme und R\u00fccken entlastet werden. Auf ebenen Fl\u00e4chen lassen sich mit diesem praktischen Zubeh\u00f6rset besonders pr\u00e4zise Schnitte ausf\u00fchren. Bei Schr\u00e4gschnitten dient der Radsatz als Auflagepunkt. Dies ist besonders im Stra\u00dfenbau n\u00fctzlich. Aber auch auf Baustellen erm\u00f6glicht der Radsatz schnelles und pr\u00e4zises Arbeiten.     <\/p>\n","protected":false},"excerpt":{"rendered":"<p>Radsatz: F\u00fchrungshilfe f\u00fcr den Akku-Trennschleifer TSA 500 Der praktische STIHL Radsatz erleichtert die F\u00fchrung des Akku-Trennschleifers STIHL TSA 500, auch<\/p>\n","protected":false},"featured_media":720595,"template":"","meta":{"_seopress_robots_primary_cat":"","_seopress_titles_title":"","_seopress_titles_desc":"","_seopress_robots_index":""},"product_brand":[3554],"product_cat":[1699,1696,169,1697],"product_tag":[],"class_list":{"0":"post-727009","1":"product","2":"type-product","3":"status-publish","4":"has-post-thumbnail","6":"product_brand-stihl-de","7":"product_cat-mahmaschinen-de","8":"product_cat-mahmaschinen-und-trimmer","9":"product_cat-maschinen","10":"product_cat-zubehor-und-verbrauchsmaterial-de-8","11":"sws-gruppo-macchinari-de","12":"sws-conto-ricavi-merci-rivendita-macchinari-de","13":"sws-gruppo-iva-iva81-de","15":"first","16":"instock","17":"shipping-taxable","18":"purchasable","19":"product-type-simple"},"_links":{"self":[{"href":"https:\/\/lucacastelli.com\/de\/wp-json\/wp\/v2\/product\/727009","targetHints":{"allow":["GET"]}}],"collection":[{"href":"https:\/\/lucacastelli.com\/de\/wp-json\/wp\/v2\/product"}],"about":[{"href":"https:\/\/lucacastelli.com\/de\/wp-json\/wp\/v2\/types\/product"}],"wp:featuredmedia":[{"embeddable":true,"href":"https:\/\/lucacastelli.com\/de\/wp-json\/wp\/v2\/media\/720595"}],"wp:attachment":[{"href":"https:\/\/lucacastelli.com\/de\/wp-json\/wp\/v2\/media?parent=727009"}],"wp:term":[{"taxonomy":"product_brand","embeddable":true,"href":"https:\/\/lucacastelli.com\/de\/wp-json\/wp\/v2\/product_brand?post=727009"},{"taxonomy":"product_cat","embeddable":true,"href":"https:\/\/lucacastelli.com\/de\/wp-json\/wp\/v2\/product_cat?post=727009"},{"taxonomy":"product_tag","embeddable":true,"href":"https:\/\/lucacastelli.com\/de\/wp-json\/wp\/v2\/product_tag?post=727009"}],"curies":[{"name":"wp","href":"https:\/\/api.w.org\/{rel}","templated":true}]}}