{"id":727005,"date":"2026-02-10T11:22:00","date_gmt":"2026-02-10T10:22:00","guid":{"rendered":"https:\/\/lucacastelli.com\/prodotto\/stihl-wellenhuelse-ts\/"},"modified":"2026-02-10T11:22:00","modified_gmt":"2026-02-10T10:22:00","slug":"stihl-wellenhuelse-ts","status":"publish","type":"product","link":"https:\/\/lucacastelli.com\/de\/produkt\/stihl-wellenhuelse-ts\/","title":{"rendered":"STIHL Wellenh\u00fclse TS"},"content":{"rendered":"<p>TS-H\u00fclse: Adapter f\u00fcr Trennscheiben<br \/>\nDie STIHL H\u00fclse ist ein Adapter f\u00fcr Trennscheiben. Sie erm\u00f6glicht die Verwendung von Trennscheiben mit einer 25,4 mm Bohrung auf dem STIHL Trennschleifer. Die hochwertige Messingh\u00fclse ist somit f\u00fcr 1&#8243;-Bohrungen in der Trennscheibe geeignet und mit der 20 mm Welle des STIHL Benzin-Trennschleifers kompatibel.  <\/p>\n","protected":false},"excerpt":{"rendered":"<p>TS-H\u00fclse: Adapter f\u00fcr Trennscheiben Die STIHL H\u00fclse ist ein Adapter f\u00fcr Trennscheiben. Sie erm\u00f6glicht die Verwendung von Trennscheiben mit einer<\/p>\n","protected":false},"featured_media":720552,"template":"","meta":{"_seopress_robots_primary_cat":"none","_seopress_titles_title":"","_seopress_titles_desc":"","_seopress_robots_index":""},"product_brand":[3554],"product_cat":[1699,1696,169,1697],"product_tag":[],"class_list":{"0":"post-727005","1":"product","2":"type-product","3":"status-publish","4":"has-post-thumbnail","6":"product_brand-stihl-de","7":"product_cat-mahmaschinen-de","8":"product_cat-mahmaschinen-und-trimmer","9":"product_cat-maschinen","10":"product_cat-zubehor-und-verbrauchsmaterial-de-8","11":"sws-gruppo-macchinari-de","12":"sws-conto-ricavi-merci-rivendita-macchinari-de","13":"sws-gruppo-iva-iva81-de","15":"first","16":"instock","17":"shipping-taxable","18":"purchasable","19":"product-type-simple"},"_links":{"self":[{"href":"https:\/\/lucacastelli.com\/de\/wp-json\/wp\/v2\/product\/727005","targetHints":{"allow":["GET"]}}],"collection":[{"href":"https:\/\/lucacastelli.com\/de\/wp-json\/wp\/v2\/product"}],"about":[{"href":"https:\/\/lucacastelli.com\/de\/wp-json\/wp\/v2\/types\/product"}],"wp:featuredmedia":[{"embeddable":true,"href":"https:\/\/lucacastelli.com\/de\/wp-json\/wp\/v2\/media\/720552"}],"wp:attachment":[{"href":"https:\/\/lucacastelli.com\/de\/wp-json\/wp\/v2\/media?parent=727005"}],"wp:term":[{"taxonomy":"product_brand","embeddable":true,"href":"https:\/\/lucacastelli.com\/de\/wp-json\/wp\/v2\/product_brand?post=727005"},{"taxonomy":"product_cat","embeddable":true,"href":"https:\/\/lucacastelli.com\/de\/wp-json\/wp\/v2\/product_cat?post=727005"},{"taxonomy":"product_tag","embeddable":true,"href":"https:\/\/lucacastelli.com\/de\/wp-json\/wp\/v2\/product_tag?post=727005"}],"curies":[{"name":"wp","href":"https:\/\/api.w.org\/{rel}","templated":true}]}}