{"id":726990,"date":"2026-02-09T11:20:06","date_gmt":"2026-02-09T10:20:06","guid":{"rendered":"https:\/\/lucacastelli.com\/prodotto\/petzl-zillon\/"},"modified":"2026-02-15T11:43:17","modified_gmt":"2026-02-15T10:43:17","slug":"petzl-zillon","status":"publish","type":"product","link":"https:\/\/lucacastelli.com\/de\/produkt\/petzl-zillon\/","title":{"rendered":"PETZL ZILLON"},"content":{"rendered":"<p class=\"productSubtitle\">Verstellbares Verbindungsmittel zur Arbeitsplatzpositionierung f\u00fcr die Baumpflege<\/p>\n<div class=\"productCaracteristiquesPosition inlineblock\">\n<p class=\"productCaracteristiques inlineblock\">ZILLON ist ein Verbindungsmittel zur Arbeitsplatzpositionierung f\u00fcr die Baumpflege, das sich selbst unter Last m\u00fchelos mit einer Hand einstellen l\u00e4sst. Es ist f\u00fcr die Verwendung in Doppelkonfiguration an den seitlichen Halte\u00f6sen des Gurtes oder in Einfachkonfiguration an der zentralen Halte\u00f6se mit der Hand am freien Seilende konzipiert. Die gelbe Farbe sorgt f\u00fcr eine hervorragende Sichtbarkeit.  <\/p>\n<\/div>\n<h3>Detaillierte Beschreibung<\/h3>\n<div class=\"list\">\n<ul>\n<li>Konzipiert f\u00fcr die Verwendung an den seitlichen Halte\u00f6sen des Gurtes oder in Einfachkonfiguration an der zentralen Halte\u00f6se mit der Hand am freien Seilende.<\/li>\n<li>Einfach und effizient:<br \/>\n&#8211; Auch unter Last leicht einstellbar. Die Einstellung erfolgt dank der hohen Pr\u00e4zision beim Ent- und Verriegeln des Ger\u00e4ts mit einer Hand.<br \/>\n&#8211; Geschmeidiges Seil f\u00fcr gute Gleiteigenschaften und gelbe Farbe f\u00fcr hervorragende Sichtbarkeit.<br \/>\n&#8211; Kugelgelagerte Laufrolle zum m\u00fchelosen Einziehen von \u00fcbersch\u00fcssigem Seil. <\/li>\n<li>Langlebig und reparierbar:<br \/>\n&#8211; Reibelemente aus Stahl zur Reduzierung des Verschlei\u00dfes.<br \/>\n&#8211; Selbst reparierbar: F\u00fcr das ZILLON sind Ersatzteile erh\u00e4ltlich, um die Lebensdauer zu verl\u00e4ngern.<\/li>\n<li>In drei L\u00e4ngen erh\u00e4ltlich: 2,5, 4 und 5,5 m.<\/li>\n<\/ul>\n<\/div>\n<h3>Spezifikationen<\/h3>\n<div class=\"list\">\n<ul>\n<li>Materialien: Edelstahl, Aluminium, Kunststoff, Polyester<\/li>\n<li>Zertifizierung(en): CE EN 358<\/li>\n<\/ul>\n<\/div>\n<p>&nbsp;<\/p>\n<table>\n<tbody>\n<tr>\n<th class=\"rowTitle\">Artikelnummern<\/th>\n<th>L22A 025<\/th>\n<th>L22A 040<\/th>\n<th>L22A 055<\/th>\n<\/tr>\n<tr>\n<td class=\"rowTitle\">L\u00e4nge<\/td>\n<td>2,5 m<\/td>\n<td>4 m<\/td>\n<td>5,5 m<\/td>\n<\/tr>\n<tr>\n<td class=\"rowTitle\">Gewicht<\/td>\n<td>570 g<\/td>\n<td>735 g<\/td>\n<td>900 g<\/td>\n<\/tr>\n<tr>\n<td class=\"rowTitle\">Garantie<\/td>\n<td>3 Jahre<\/td>\n<td>3 Jahre<\/td>\n<td>3 Jahre<\/td>\n<\/tr>\n<tr>\n<td class=\"rowTitle\">Verpackungseinheit<\/td>\n<td>1<\/td>\n<td>1<\/td>\n<td>1<\/td>\n<\/tr>\n<\/tbody>\n<\/table>\n","protected":false},"excerpt":{"rendered":"<p>Verstellbares Verbindungsmittel zur Arbeitsplatzpositionierung f\u00fcr die Baumpflege ZILLON ist ein Verbindungsmittel zur Arbeitsplatzpositionierung f\u00fcr die Baumpflege, das sich selbst unter<\/p>\n","protected":false},"featured_media":718907,"template":"","meta":{"_seopress_robots_primary_cat":"none","_seopress_titles_title":"","_seopress_titles_desc":"","_seopress_robots_index":""},"product_brand":[3666],"product_cat":[1396,1403,150],"product_tag":[],"class_list":{"0":"post-726990","1":"product","2":"type-product","3":"status-publish","4":"has-post-thumbnail","6":"product_brand-petzl-de","7":"product_cat-arbeitsausrustung","8":"product_cat-auffanggurte-und-sicherheitsausrustung","9":"product_cat-ausrustung","10":"sws-gruppo-abb-libero-de","11":"sws-conto-ricavi-merci-rivendita-abbigliamento-de","12":"sws-gruppo-iva-iva81-de","14":"first","15":"instock","16":"shipping-taxable","17":"purchasable","18":"product-type-variable"},"_links":{"self":[{"href":"https:\/\/lucacastelli.com\/de\/wp-json\/wp\/v2\/product\/726990","targetHints":{"allow":["GET"]}}],"collection":[{"href":"https:\/\/lucacastelli.com\/de\/wp-json\/wp\/v2\/product"}],"about":[{"href":"https:\/\/lucacastelli.com\/de\/wp-json\/wp\/v2\/types\/product"}],"wp:featuredmedia":[{"embeddable":true,"href":"https:\/\/lucacastelli.com\/de\/wp-json\/wp\/v2\/media\/718907"}],"wp:attachment":[{"href":"https:\/\/lucacastelli.com\/de\/wp-json\/wp\/v2\/media?parent=726990"}],"wp:term":[{"taxonomy":"product_brand","embeddable":true,"href":"https:\/\/lucacastelli.com\/de\/wp-json\/wp\/v2\/product_brand?post=726990"},{"taxonomy":"product_cat","embeddable":true,"href":"https:\/\/lucacastelli.com\/de\/wp-json\/wp\/v2\/product_cat?post=726990"},{"taxonomy":"product_tag","embeddable":true,"href":"https:\/\/lucacastelli.com\/de\/wp-json\/wp\/v2\/product_tag?post=726990"}],"curies":[{"name":"wp","href":"https:\/\/api.w.org\/{rel}","templated":true}]}}