{"id":726981,"date":"2026-02-10T11:38:05","date_gmt":"2026-02-10T10:38:05","guid":{"rendered":"https:\/\/lucacastelli.com\/prodotto\/stihl-druckwasserbehaelter\/"},"modified":"2026-02-15T11:42:54","modified_gmt":"2026-02-15T10:42:54","slug":"stihl-druckwasserbehaelter","status":"publish","type":"product","link":"https:\/\/lucacastelli.com\/de\/produkt\/stihl-druckwasserbehaelter\/","title":{"rendered":"STIHL Druckwasserbeh\u00e4lter"},"content":{"rendered":"<p>Der 10-Liter-Druckwasserbeh\u00e4lter f\u00fcr die mobile Wasserversorgung gew\u00e4hrleistet einen sauberen Nassschnitt ohne Staubentwicklung auf Baustellen ohne Wasseranschluss.<\/p>\n<p>F\u00fcr alle Trennschleifer und PKA 30.<\/p>\n","protected":false},"excerpt":{"rendered":"<p>Der 10-Liter-Druckwasserbeh\u00e4lter f\u00fcr die mobile Wasserversorgung gew\u00e4hrleistet einen sauberen Nassschnitt ohne Staubentwicklung auf Baustellen ohne Wasseranschluss. F\u00fcr alle Trennschleifer und<\/p>\n","protected":false},"featured_media":720584,"template":"","meta":{"_seopress_robots_primary_cat":"","_seopress_titles_title":"","_seopress_titles_desc":"","_seopress_robots_index":""},"product_brand":[3554],"product_cat":[1699,1696,169,1698,1697],"product_tag":[],"class_list":{"0":"post-726981","1":"product","2":"type-product","3":"status-publish","4":"has-post-thumbnail","6":"product_brand-stihl-de","7":"product_cat-mahmaschinen-de","8":"product_cat-mahmaschinen-und-trimmer","9":"product_cat-maschinen","10":"product_cat-motorsensen","11":"product_cat-zubehor-und-verbrauchsmaterial-de-8","12":"sws-gruppo-macchinari-de","13":"sws-conto-ricavi-merci-rivendita-macchinari-de","14":"sws-gruppo-iva-iva81-de","16":"first","17":"instock","18":"shipping-taxable","19":"purchasable","20":"product-type-simple"},"_links":{"self":[{"href":"https:\/\/lucacastelli.com\/de\/wp-json\/wp\/v2\/product\/726981","targetHints":{"allow":["GET"]}}],"collection":[{"href":"https:\/\/lucacastelli.com\/de\/wp-json\/wp\/v2\/product"}],"about":[{"href":"https:\/\/lucacastelli.com\/de\/wp-json\/wp\/v2\/types\/product"}],"wp:featuredmedia":[{"embeddable":true,"href":"https:\/\/lucacastelli.com\/de\/wp-json\/wp\/v2\/media\/720584"}],"wp:attachment":[{"href":"https:\/\/lucacastelli.com\/de\/wp-json\/wp\/v2\/media?parent=726981"}],"wp:term":[{"taxonomy":"product_brand","embeddable":true,"href":"https:\/\/lucacastelli.com\/de\/wp-json\/wp\/v2\/product_brand?post=726981"},{"taxonomy":"product_cat","embeddable":true,"href":"https:\/\/lucacastelli.com\/de\/wp-json\/wp\/v2\/product_cat?post=726981"},{"taxonomy":"product_tag","embeddable":true,"href":"https:\/\/lucacastelli.com\/de\/wp-json\/wp\/v2\/product_tag?post=726981"}],"curies":[{"name":"wp","href":"https:\/\/api.w.org\/{rel}","templated":true}]}}