{"id":726947,"date":"2026-02-12T17:27:59","date_gmt":"2026-02-12T16:27:59","guid":{"rendered":"https:\/\/lucacastelli.com\/prodotto\/meindl-island-men-mfs-active\/"},"modified":"2026-02-12T17:27:59","modified_gmt":"2026-02-12T16:27:59","slug":"meindl-island-men-mfs-active","status":"publish","type":"product","link":"https:\/\/lucacastelli.com\/de\/produkt\/meindl-island-men-mfs-active\/","title":{"rendered":"MEINDL Island Men MFS Active"},"content":{"rendered":"<p>Der Meindl-Klassiker seit \u00fcber 30 Jahren, kontinuierlich verbessert und perfektioniert. Der klassische Trekkingstiefel Island MFS Active aus strapazierf\u00e4higem Sil-Nubukleder ist dank GORE-TEX wasserdicht und atmungsaktiv. Der spezielle Memory-Schaum im Kn\u00f6chelbereich passt sich durch die K\u00f6rperw\u00e4rme perfekt der Fu\u00dfform an. Das Meindl DiGAfix\u00ae-System garantiert eine optimale Fersenfixierung. Die Meindl Multigriff\u00ae-Sohle von Vibram\u00ae sorgt stets f\u00fcr sicheren Halt.    <\/p>\n<p>&nbsp;<\/p>\n<p>Herstellerinformationen<\/p>\n<p><b>Obermaterial<\/b><\/p>\n<p>Sil-Nubukleder ge\u00f6lt<\/p>\n<p><b>Futter<\/b><\/p>\n<p>GORE-TEX\u00ae Performance Comfort Footwear<\/p>\n<p><b>Fu\u00dfbett<\/b><\/p>\n<p>AIR-ACTIVE\u00ae SOFT PRINT drysole<\/p>\n<p><b>Sohle<\/b><\/p>\n<p>Meindl Multigriff\u00ae von Vibram\u00ae<\/p>\n<p><b>Gr\u00f6\u00dfen<\/b><\/p>\n<p>5 &#8211; 12 \/ 13, 14, 15<\/p>\n","protected":false},"excerpt":{"rendered":"<p>Der Meindl-Klassiker seit \u00fcber 30 Jahren, kontinuierlich verbessert und perfektioniert. Der klassische Trekkingstiefel Island MFS Active aus strapazierf\u00e4higem Sil-Nubukleder ist<\/p>\n","protected":false},"featured_media":723516,"template":"","meta":{"_seopress_robots_primary_cat":"none","_seopress_titles_title":"","_seopress_titles_desc":"","_seopress_robots_index":""},"product_brand":[3427],"product_cat":[28,568,569],"product_tag":[],"class_list":{"0":"post-726947","1":"product","2":"type-product","3":"status-publish","4":"has-post-thumbnail","6":"product_brand-meindl","7":"product_cat-calzature","8":"product_cat-calzature-per-il-tempo-libero","9":"product_cat-calzature-da-uomo","10":"sws-gruppo-abb-libero-de","11":"sws-conto-ricavi-merci-rivendita-abbigliamento-de","12":"sws-gruppo-iva-iva81-de","14":"first","15":"instock","16":"sale","17":"shipping-taxable","18":"purchasable","19":"product-type-variable","20":"has-default-attributes"},"_links":{"self":[{"href":"https:\/\/lucacastelli.com\/de\/wp-json\/wp\/v2\/product\/726947","targetHints":{"allow":["GET"]}}],"collection":[{"href":"https:\/\/lucacastelli.com\/de\/wp-json\/wp\/v2\/product"}],"about":[{"href":"https:\/\/lucacastelli.com\/de\/wp-json\/wp\/v2\/types\/product"}],"wp:featuredmedia":[{"embeddable":true,"href":"https:\/\/lucacastelli.com\/de\/wp-json\/wp\/v2\/media\/723516"}],"wp:attachment":[{"href":"https:\/\/lucacastelli.com\/de\/wp-json\/wp\/v2\/media?parent=726947"}],"wp:term":[{"taxonomy":"product_brand","embeddable":true,"href":"https:\/\/lucacastelli.com\/de\/wp-json\/wp\/v2\/product_brand?post=726947"},{"taxonomy":"product_cat","embeddable":true,"href":"https:\/\/lucacastelli.com\/de\/wp-json\/wp\/v2\/product_cat?post=726947"},{"taxonomy":"product_tag","embeddable":true,"href":"https:\/\/lucacastelli.com\/de\/wp-json\/wp\/v2\/product_tag?post=726947"}],"curies":[{"name":"wp","href":"https:\/\/api.w.org\/{rel}","templated":true}]}}