{"id":726941,"date":"2026-02-13T09:44:26","date_gmt":"2026-02-13T08:44:26","guid":{"rendered":"https:\/\/lucacastelli.com\/prodotto\/courant-stahlhalteseil-stileo-12-mm\/"},"modified":"2026-02-15T11:42:37","modified_gmt":"2026-02-15T10:42:37","slug":"courant-stahlhalteseil-stileo-12-mm","status":"publish","type":"product","link":"https:\/\/lucacastelli.com\/de\/produkt\/courant-stahlhalteseil-stileo-12-mm\/","title":{"rendered":"Courant Stahlhalteseil Stileo 12 mm"},"content":{"rendered":"<p>Geflochtener Stahlkern. Stufenlose Einstellung der Arbeitsposition durch Seilk\u00fcrzer. <\/p>\n<p>Das Stahlhalteseil Stileo von Courant bietet h\u00f6chste Sicherheitsstandards nach EN 358. Dank des geflochtenen Stahlkerns ist das Arbeiten mit S\u00e4gen in der Sicherung des Halteseils kein Problem. Mit dem einfach zu bedienenden Seilk\u00fcrzer k\u00f6nnen Sie die Arbeitsposition stufenlos einstellen und in vielen Situationen flexibel und sicher agieren. Der Trilock-Wirbelkarabiner verhindert Verdrehungen und sorgt f\u00fcr zus\u00e4tzlichen Komfort im t\u00e4glichen Einsatz.   <\/p>\n","protected":false},"excerpt":{"rendered":"<p>Geflochtener Stahlkern. Stufenlose Einstellung der Arbeitsposition durch Seilk\u00fcrzer. Das Stahlhalteseil Stileo von Courant bietet h\u00f6chste Sicherheitsstandards nach EN 358. Dank<\/p>\n","protected":false},"featured_media":724294,"template":"","meta":{"_seopress_robots_primary_cat":"none","_seopress_titles_title":"","_seopress_titles_desc":"","_seopress_robots_index":""},"product_brand":[4401],"product_cat":[33,537,822,814],"product_tag":[],"class_list":{"0":"post-726941","1":"product","2":"type-product","3":"status-publish","4":"has-post-thumbnail","6":"product_brand-courant","7":"product_cat-attrezzature","8":"product_cat-attrezzatura-da-lavoro","9":"product_cat-altro-attrezzatura-da-lavoro","10":"product_cat-imbraghi-e-materiale-di-sicurezza","11":"sws-gruppo-macchinari-de","12":"sws-conto-ricavi-merci-rivendita-macchinari-de","13":"sws-gruppo-iva-iva81-de","15":"first","16":"instock","17":"shipping-taxable","18":"purchasable","19":"product-type-variable"},"_links":{"self":[{"href":"https:\/\/lucacastelli.com\/de\/wp-json\/wp\/v2\/product\/726941","targetHints":{"allow":["GET"]}}],"collection":[{"href":"https:\/\/lucacastelli.com\/de\/wp-json\/wp\/v2\/product"}],"about":[{"href":"https:\/\/lucacastelli.com\/de\/wp-json\/wp\/v2\/types\/product"}],"wp:featuredmedia":[{"embeddable":true,"href":"https:\/\/lucacastelli.com\/de\/wp-json\/wp\/v2\/media\/724294"}],"wp:attachment":[{"href":"https:\/\/lucacastelli.com\/de\/wp-json\/wp\/v2\/media?parent=726941"}],"wp:term":[{"taxonomy":"product_brand","embeddable":true,"href":"https:\/\/lucacastelli.com\/de\/wp-json\/wp\/v2\/product_brand?post=726941"},{"taxonomy":"product_cat","embeddable":true,"href":"https:\/\/lucacastelli.com\/de\/wp-json\/wp\/v2\/product_cat?post=726941"},{"taxonomy":"product_tag","embeddable":true,"href":"https:\/\/lucacastelli.com\/de\/wp-json\/wp\/v2\/product_tag?post=726941"}],"curies":[{"name":"wp","href":"https:\/\/api.w.org\/{rel}","templated":true}]}}