{"id":723352,"date":"2026-02-12T15:33:26","date_gmt":"2026-02-12T14:33:26","guid":{"rendered":"https:\/\/lucacastelli.com\/?post_type=product&#038;p=723352"},"modified":"2026-02-15T12:04:19","modified_gmt":"2026-02-15T11:04:19","slug":"pfanner-ventilation-jacke-en-20471-leuchtend-orange-copia","status":"publish","type":"product","link":"https:\/\/lucacastelli.com\/de\/produkt\/pfanner-ventilation-jacke-en-20471-leuchtend-orange-copia\/","title":{"rendered":"PFANNER Ventilation Jacke EN 20471"},"content":{"rendered":"<p>Bei Nebel, Dunkelheit und anderen eingeschr\u00e4nkten Sichtverh\u00e4ltnissen ist eine zuverl\u00e4ssige Fr\u00fcherkennung ein entscheidender Sicherheitsfaktor. Unsere Ventilation Warnschutzjacke erf\u00fcllt die Anforderungen der EN ISO 20471 Klasse 2 und garantiert optimale Sichtbarkeit.<br \/>\n-Warnschutz-Sichtbarkeit nach EN ISO 20471 Klasse 2<br \/>\n-Zipp2Zipp\u00ae Taschensystem f\u00fcr schnellen Zugriff<br \/>\n-StretchAIR\u00ae Technologie: elastische Stoffe f\u00fcr optimale Bewegungsfreiheit<br \/>\n-KlimaAIR\u00ae Technologie: aktives Klimamanagement<br \/>\n-Regulierbare Unterarmbel\u00fcftung<br \/>\n-Hochgesetzte Bauchtaschen <\/p>\n<p>&nbsp;<\/p>\n<p>Material:<br \/>\n83 % Lycra T400, 17 % Polyester<br \/>\nGr\u00f6\u00dfen:<br \/>\nXXS \u2013 XL, \u00dcG: XXL \u2013 3XL<br \/>\nNormen:<br \/>\nEN 20471 \/ Klasse 2<\/p>\n","protected":false},"excerpt":{"rendered":"<p>Bei Nebel, Dunkelheit und anderen eingeschr\u00e4nkten Sichtverh\u00e4ltnissen ist eine zuverl\u00e4ssige Fr\u00fcherkennung ein entscheidender Sicherheitsfaktor. Unsere Ventilation Warnschutzjacke erf\u00fcllt die Anforderungen<\/p>\n","protected":false},"featured_media":723395,"template":"","meta":{"_seopress_robots_primary_cat":"none","_seopress_titles_title":"","_seopress_titles_desc":"","_seopress_robots_index":""},"product_brand":[3458],"product_cat":[21,284],"product_tag":[],"class_list":{"0":"post-723352","1":"product","2":"type-product","3":"status-publish","4":"has-post-thumbnail","6":"product_brand-pfanner","7":"product_cat-abbigliamento","8":"product_cat-abbigliamento-da-lavoro","9":"sws-gruppo-no-gruppo","10":"sws-conto-ricavi-merci-rivendita-abbigliamento","11":"sws-gruppo-iva-iva81","13":"first","14":"instock","15":"shipping-taxable","16":"purchasable","17":"product-type-variable","18":"has-default-attributes"},"_links":{"self":[{"href":"https:\/\/lucacastelli.com\/de\/wp-json\/wp\/v2\/product\/723352","targetHints":{"allow":["GET"]}}],"collection":[{"href":"https:\/\/lucacastelli.com\/de\/wp-json\/wp\/v2\/product"}],"about":[{"href":"https:\/\/lucacastelli.com\/de\/wp-json\/wp\/v2\/types\/product"}],"wp:featuredmedia":[{"embeddable":true,"href":"https:\/\/lucacastelli.com\/de\/wp-json\/wp\/v2\/media\/723395"}],"wp:attachment":[{"href":"https:\/\/lucacastelli.com\/de\/wp-json\/wp\/v2\/media?parent=723352"}],"wp:term":[{"taxonomy":"product_brand","embeddable":true,"href":"https:\/\/lucacastelli.com\/de\/wp-json\/wp\/v2\/product_brand?post=723352"},{"taxonomy":"product_cat","embeddable":true,"href":"https:\/\/lucacastelli.com\/de\/wp-json\/wp\/v2\/product_cat?post=723352"},{"taxonomy":"product_tag","embeddable":true,"href":"https:\/\/lucacastelli.com\/de\/wp-json\/wp\/v2\/product_tag?post=723352"}],"curies":[{"name":"wp","href":"https:\/\/api.w.org\/{rel}","templated":true}]}}