{"id":713333,"date":"2026-02-05T14:12:33","date_gmt":"2026-02-05T13:12:33","guid":{"rendered":"https:\/\/lucacastelli.com\/prodotto\/stihl-standfuss-fuer-kma-80-r-und-kma-120-r\/"},"modified":"2026-02-05T14:12:33","modified_gmt":"2026-02-05T13:12:33","slug":"stihl-standfuss-fuer-kma-80-r-und-kma-120-r","status":"publish","type":"product","link":"https:\/\/lucacastelli.com\/de\/produkt\/stihl-standfuss-fuer-kma-80-r-und-kma-120-r\/","title":{"rendered":"STIHL Standfu\u00df f\u00fcr KMA 80 R und KMA 120 R"},"content":{"rendered":"<p>Halterung f\u00fcr KMA 80 R und KMA 120 R: sch\u00fctzt den Akku vor m\u00f6glichen Sch\u00e4den.<\/p>\n<p>Bei der Arbeit mit den STIHL Akku-Kombiger\u00e4ten KMA 80 R oder STIHL KMA 120 R verhindert diese STIHL Halterung den direkten Kontakt des Akkus mit dem Boden. Besonders auf unebenen oder feuchten B\u00f6den bietet die Halterung zus\u00e4tzlichen Schutz f\u00fcr den Akku Ihres STIHL Ger\u00e4ts vor Feuchtigkeit und Schmutz. So tr\u00e4gt die Halterung dazu bei, dass der Akku mit voller Leistung genutzt werden kann. Der zus\u00e4tzliche Griff an der Halterung erm\u00f6glicht es Ihnen au\u00dferdem, Ihre Reichweite f\u00fcr kurze Zeit zu vergr\u00f6\u00dfern.<br \/>\nDie beiden STIHL Akku-Kombiger\u00e4te KMA 80 R und STIHL KMA 120 R k\u00f6nnen mit dieser Halterung ausgestattet werden.   <\/p>\n","protected":false},"excerpt":{"rendered":"<p>Halterung f\u00fcr KMA 80 R und KMA 120 R: sch\u00fctzt den Akku vor m\u00f6glichen Sch\u00e4den. Bei der Arbeit mit den<\/p>\n","protected":false},"featured_media":713174,"template":"","meta":{"_seopress_robots_primary_cat":"none","_seopress_titles_title":"","_seopress_titles_desc":"","_seopress_robots_index":""},"product_brand":[3554],"product_cat":[169,1639,1640],"product_tag":[],"class_list":{"0":"post-713333","1":"product","2":"type-product","3":"status-publish","4":"has-post-thumbnail","6":"product_brand-stihl-de","7":"product_cat-maschinen","8":"product_cat-kombi-und-multi-systeme","9":"product_cat-zubehor-und-verbrauchsmaterial-de-5","10":"sws-gruppo-macchinari-de","11":"sws-conto-ricavi-merci-rivendita-macchinari-de","12":"sws-gruppo-iva-iva81-de","14":"first","15":"instock","16":"shipping-taxable","17":"purchasable","18":"product-type-simple"},"_links":{"self":[{"href":"https:\/\/lucacastelli.com\/de\/wp-json\/wp\/v2\/product\/713333","targetHints":{"allow":["GET"]}}],"collection":[{"href":"https:\/\/lucacastelli.com\/de\/wp-json\/wp\/v2\/product"}],"about":[{"href":"https:\/\/lucacastelli.com\/de\/wp-json\/wp\/v2\/types\/product"}],"wp:featuredmedia":[{"embeddable":true,"href":"https:\/\/lucacastelli.com\/de\/wp-json\/wp\/v2\/media\/713174"}],"wp:attachment":[{"href":"https:\/\/lucacastelli.com\/de\/wp-json\/wp\/v2\/media?parent=713333"}],"wp:term":[{"taxonomy":"product_brand","embeddable":true,"href":"https:\/\/lucacastelli.com\/de\/wp-json\/wp\/v2\/product_brand?post=713333"},{"taxonomy":"product_cat","embeddable":true,"href":"https:\/\/lucacastelli.com\/de\/wp-json\/wp\/v2\/product_cat?post=713333"},{"taxonomy":"product_tag","embeddable":true,"href":"https:\/\/lucacastelli.com\/de\/wp-json\/wp\/v2\/product_tag?post=713333"}],"curies":[{"name":"wp","href":"https:\/\/api.w.org\/{rel}","templated":true}]}}