{"id":713331,"date":"2026-02-05T15:16:12","date_gmt":"2026-02-05T14:16:12","guid":{"rendered":"https:\/\/lucacastelli.com\/prodotto\/peltor-litecom-gehoerschutz-mit-kopfbuegel\/"},"modified":"2026-02-05T15:16:12","modified_gmt":"2026-02-05T14:16:12","slug":"peltor-litecom-gehoerschutz-mit-kopfbuegel","status":"publish","type":"product","link":"https:\/\/lucacastelli.com\/de\/produkt\/peltor-litecom-gehoerschutz-mit-kopfbuegel\/","title":{"rendered":"Peltor LiteCom Geh\u00f6rschutz mit Kopfb\u00fcgel"},"content":{"rendered":"<p>EN 352. PMR 446. 8 Kan\u00e4le und 38 Unterkan\u00e4le. VOX-Sprachsteuerung. Inkl. 2 x 1,5 V AA-Batterien. Lieferung ohne Helm. SNR-Wert 32 dB. Gewicht ca. 400 g.       <\/p>\n<p>Artikelinformationen<\/p>\n<p>Der Peltor LiteCom Geh\u00f6rschutz mit Kopfb\u00fcgel verf\u00fcgt \u00fcber ein integriertes Funkger\u00e4t. Das Mikrofon mit Ger\u00e4uschunterdr\u00fcckung erm\u00f6glicht die Kommunikation mit anderen auch in lauten Umgebungen. So k\u00f6nnen Sie beispielsweise Anweisungen \u00fcbermitteln oder problemlos mit dem Maschinenf\u00fchrer kommunizieren. Die VOX-Funktion (Voice Operated Exchange) aktiviert die Funk\u00fcbertragung ohne Tastendruck, bequem per Sprachsteuerung.   <\/p>\n<p>Funksignale werden im lizenzfreien PMR-Frequenzband von 446 MHz \u00fcbertragen. Dies erm\u00f6glicht die drahtlose Kommunikation mit anderen Funkger\u00e4ten oder LiteCom-Headsets auf derselben Frequenz. Eine Stimme im Geh\u00f6rschutz f\u00fchrt Sie durch das Men\u00fc. Auch mit Handschuhen sind die Bedienelemente des Peltor LiteCom Geh\u00f6rschutzes mit Kopfb\u00fcgel gut erreichbar.   <\/p>\n<ul>\n<li>Geh\u00f6rschutz mit Kopfb\u00fcgel und integriertem Funkger\u00e4t<\/li>\n<li>Freih\u00e4ndige Kommunikation in lauten Umgebungen<\/li>\n<li>Mikrofonaktivierung per Sprachsteuerung (VOX)<\/li>\n<li>SNR-Wert 32 dB<\/li>\n<li>Frequenzbereich 446 MHz (PMR)<\/li>\n<li>8 Kan\u00e4le mit 38 Unterkan\u00e4len<\/li>\n<li>Reichweite bis zu 3 km<\/li>\n<li>Batteriestatusanzeige<\/li>\n<li>Ca. 20 Stunden Betriebszeit<\/li>\n<li>Automatische Abschaltung nach 2 Stunden Inaktivit\u00e4t<\/li>\n<li>2 AA-Batterien enthalten<\/li>\n<li>Gewicht (inkl. Batterien) 394 g<\/li>\n<\/ul>\n","protected":false},"excerpt":{"rendered":"<p>EN 352. PMR 446. 8 Kan\u00e4le und 38 Unterkan\u00e4le. VOX-Sprachsteuerung. Inkl. 2 x 1,5 V AA-Batterien. Lieferung ohne Helm. SNR-Wert<\/p>\n","protected":false},"featured_media":713291,"template":"","meta":{"_seopress_robots_primary_cat":"none","_seopress_titles_title":"","_seopress_titles_desc":"","_seopress_robots_index":""},"product_brand":[4725],"product_cat":[1396,150,1404],"product_tag":[],"class_list":{"0":"post-713331","1":"product","2":"type-product","3":"status-publish","4":"has-post-thumbnail","6":"product_brand-peltor-3m-de","7":"product_cat-arbeitsausrustung","8":"product_cat-ausrustung","9":"product_cat-helme","10":"sws-gruppo-abb-libero-de","11":"sws-conto-ricavi-merci-rivendita-abbigliamento-de","12":"sws-gruppo-iva-iva81-de","14":"first","15":"instock","16":"sale","17":"shipping-taxable","18":"purchasable","19":"product-type-simple"},"_links":{"self":[{"href":"https:\/\/lucacastelli.com\/de\/wp-json\/wp\/v2\/product\/713331","targetHints":{"allow":["GET"]}}],"collection":[{"href":"https:\/\/lucacastelli.com\/de\/wp-json\/wp\/v2\/product"}],"about":[{"href":"https:\/\/lucacastelli.com\/de\/wp-json\/wp\/v2\/types\/product"}],"wp:featuredmedia":[{"embeddable":true,"href":"https:\/\/lucacastelli.com\/de\/wp-json\/wp\/v2\/media\/713291"}],"wp:attachment":[{"href":"https:\/\/lucacastelli.com\/de\/wp-json\/wp\/v2\/media?parent=713331"}],"wp:term":[{"taxonomy":"product_brand","embeddable":true,"href":"https:\/\/lucacastelli.com\/de\/wp-json\/wp\/v2\/product_brand?post=713331"},{"taxonomy":"product_cat","embeddable":true,"href":"https:\/\/lucacastelli.com\/de\/wp-json\/wp\/v2\/product_cat?post=713331"},{"taxonomy":"product_tag","embeddable":true,"href":"https:\/\/lucacastelli.com\/de\/wp-json\/wp\/v2\/product_tag?post=713331"}],"curies":[{"name":"wp","href":"https:\/\/api.w.org\/{rel}","templated":true}]}}