{"id":713325,"date":"2026-02-05T15:11:49","date_gmt":"2026-02-05T14:11:49","guid":{"rendered":"https:\/\/lucacastelli.com\/prodotto\/peltor-litecom-gehoerschutz-mit-helmbefestigung\/"},"modified":"2026-02-05T15:11:49","modified_gmt":"2026-02-05T14:11:49","slug":"peltor-litecom-gehoerschutz-mit-helmbefestigung","status":"publish","type":"product","link":"https:\/\/lucacastelli.com\/de\/produkt\/peltor-litecom-gehoerschutz-mit-helmbefestigung\/","title":{"rendered":"Peltor LiteCom Geh\u00f6rschutz mit Helmbefestigung"},"content":{"rendered":"<p>EN 352. PMR 446. 8 Kan\u00e4le und 38 Unterkan\u00e4le. VOX-Sprachsteuerung. Inkl. 2 x 1,5 V AA-Einwegbatterien. Lieferung ohne Helm. SNR-Wert 33 dB. Gewicht ca. 420 g.       <\/p>\n<p>&nbsp;<\/p>\n<p>Der Peltor LiteCom mit Helmbefestigung ist ein benutzerfreundlicher Kapselgeh\u00f6rschutz mit integriertem Funkger\u00e4t. Er erm\u00f6glicht die Kommunikation mit anderen Personen in lauten Umgebungen. So k\u00f6nnen Anweisungen schnell \u00fcbermittelt oder problemlos mit dem Maschinenf\u00fchrer kommuniziert werden. Die VOX-Sprachsteuerung (Voice Operated Exchange) erm\u00f6glicht das Senden, ohne eine Taste dr\u00fccken zu m\u00fcssen.   <\/p>\n<p>Das Ger\u00e4t nutzt das lizenzfreie PMR-Frequenzband von 446 MHz. Dies erm\u00f6glicht die drahtlose Kommunikation mit anderen LiteCom-Headsets oder Funkger\u00e4ten auf derselben Frequenz. Die Men\u00fcf\u00fchrung erfolgt \u00fcber eine Sprachausgabe im Headset. Die Bedienelemente des Geh\u00f6rschutzes sind auch mit Handschuhen gut erreichbar.   <\/p>\n<ul>\n<li>Kapselgeh\u00f6rschutz mit Helmbefestigung und integriertem Funkger\u00e4t<\/li>\n<li>Erm\u00f6glicht freih\u00e4ndige Kommunikation in lauten Umgebungen<\/li>\n<li>Sprachgesteuerte Mikrofonaktivierung (VOX)<\/li>\n<li>SNR-Wert 33 dB<\/li>\n<li>Reichweite bis zu 3 km<\/li>\n<li>Frequenzband 446 MHz (PMR)<\/li>\n<li>8 Kan\u00e4le mit 38 Unterkan\u00e4len<\/li>\n<li>Batteriestatusanzeige<\/li>\n<li>Betriebsdauer ca. 20 Stunden<\/li>\n<li>Automatische Abschaltung nach 2 Stunden Inaktivit\u00e4t<\/li>\n<li>2 AA-Batterien enthalten<\/li>\n<li>Gewicht (inkl. Batterien) 418 g<\/li>\n<\/ul>\n<p>Passend f\u00fcr alle g\u00e4ngigen Peltor Helme. Lieferung ohne Helm. <\/p>\n","protected":false},"excerpt":{"rendered":"<p>EN 352. PMR 446. 8 Kan\u00e4le und 38 Unterkan\u00e4le. VOX-Sprachsteuerung. Inkl. 2 x 1,5 V AA-Einwegbatterien. Lieferung ohne Helm. SNR-Wert<\/p>\n","protected":false},"featured_media":713284,"template":"","meta":{"_seopress_robots_primary_cat":"","_seopress_titles_title":"","_seopress_titles_desc":"","_seopress_robots_index":""},"product_brand":[4399],"product_cat":[33,537,815],"product_tag":[],"class_list":{"0":"post-713325","1":"product","2":"type-product","3":"status-publish","4":"has-post-thumbnail","6":"product_brand-peltor-3m","7":"product_cat-attrezzature","8":"product_cat-attrezzatura-da-lavoro","9":"product_cat-caschi","10":"sws-gruppo-abb-libero-de","11":"sws-conto-ricavi-merci-rivendita-abbigliamento-de","12":"sws-gruppo-iva-iva81-de","14":"first","15":"instock","16":"sale","17":"shipping-taxable","18":"purchasable","19":"product-type-simple"},"_links":{"self":[{"href":"https:\/\/lucacastelli.com\/de\/wp-json\/wp\/v2\/product\/713325","targetHints":{"allow":["GET"]}}],"collection":[{"href":"https:\/\/lucacastelli.com\/de\/wp-json\/wp\/v2\/product"}],"about":[{"href":"https:\/\/lucacastelli.com\/de\/wp-json\/wp\/v2\/types\/product"}],"wp:featuredmedia":[{"embeddable":true,"href":"https:\/\/lucacastelli.com\/de\/wp-json\/wp\/v2\/media\/713284"}],"wp:attachment":[{"href":"https:\/\/lucacastelli.com\/de\/wp-json\/wp\/v2\/media?parent=713325"}],"wp:term":[{"taxonomy":"product_brand","embeddable":true,"href":"https:\/\/lucacastelli.com\/de\/wp-json\/wp\/v2\/product_brand?post=713325"},{"taxonomy":"product_cat","embeddable":true,"href":"https:\/\/lucacastelli.com\/de\/wp-json\/wp\/v2\/product_cat?post=713325"},{"taxonomy":"product_tag","embeddable":true,"href":"https:\/\/lucacastelli.com\/de\/wp-json\/wp\/v2\/product_tag?post=713325"}],"curies":[{"name":"wp","href":"https:\/\/api.w.org\/{rel}","templated":true}]}}