{"id":713296,"date":"2026-02-05T14:09:56","date_gmt":"2026-02-05T13:09:56","guid":{"rendered":"https:\/\/lucacastelli.com\/prodotto\/stihl-standfuss-fuer-kma-200-r\/"},"modified":"2026-02-05T14:09:56","modified_gmt":"2026-02-05T13:09:56","slug":"stihl-standfuss-fuer-kma-200-r","status":"publish","type":"product","link":"https:\/\/lucacastelli.com\/de\/produkt\/stihl-standfuss-fuer-kma-200-r\/","title":{"rendered":"STIHL Standfu\u00df f\u00fcr KMA 200 R"},"content":{"rendered":"<p>Standfu\u00df f\u00fcr KMA 200 R: sch\u00fctzt den Akku vor Besch\u00e4digungen.<\/p>\n<p>Bei der Arbeit mit dem STIHL Akku-Kombimotor KMA 200 R verhindert dieser STIHL Standfu\u00df den direkten Kontakt des Akkus mit dem Boden. Besonders auf unebenen oder feuchten Untergr\u00fcnden bietet der Standfu\u00df zus\u00e4tzlichen Schutz f\u00fcr den Akku Ihres STIHL Ger\u00e4ts vor Feuchtigkeit und Schmutz. So tr\u00e4gt der Standfu\u00df dazu bei, dass der Akku mit voller Leistung genutzt werden kann. Der zus\u00e4tzliche Griff am Standfu\u00df erm\u00f6glicht es au\u00dferdem, die Reichweite kurzzeitig zu erweitern.<br \/>\nDer Standfu\u00df kann nachtr\u00e4glich am STIHL Akku-Kombimotor KMA 200 R montiert werden.   <\/p>\n","protected":false},"excerpt":{"rendered":"<p>Standfu\u00df f\u00fcr KMA 200 R: sch\u00fctzt den Akku vor Besch\u00e4digungen. Bei der Arbeit mit dem STIHL Akku-Kombimotor KMA 200 R<\/p>\n","protected":false},"featured_media":713159,"template":"","meta":{"_seopress_robots_primary_cat":"","_seopress_titles_title":"","_seopress_titles_desc":"","_seopress_robots_index":""},"product_brand":[3554],"product_cat":[169,1639,1640],"product_tag":[],"class_list":{"0":"post-713296","1":"product","2":"type-product","3":"status-publish","4":"has-post-thumbnail","6":"product_brand-stihl-de","7":"product_cat-maschinen","8":"product_cat-kombi-und-multi-systeme","9":"product_cat-zubehor-und-verbrauchsmaterial-de-5","10":"sws-gruppo-macchinari-de","11":"sws-conto-ricavi-merci-rivendita-macchinari-de","12":"sws-gruppo-iva-iva81-de","14":"first","15":"instock","16":"shipping-taxable","17":"purchasable","18":"product-type-simple"},"_links":{"self":[{"href":"https:\/\/lucacastelli.com\/de\/wp-json\/wp\/v2\/product\/713296","targetHints":{"allow":["GET"]}}],"collection":[{"href":"https:\/\/lucacastelli.com\/de\/wp-json\/wp\/v2\/product"}],"about":[{"href":"https:\/\/lucacastelli.com\/de\/wp-json\/wp\/v2\/types\/product"}],"wp:featuredmedia":[{"embeddable":true,"href":"https:\/\/lucacastelli.com\/de\/wp-json\/wp\/v2\/media\/713159"}],"wp:attachment":[{"href":"https:\/\/lucacastelli.com\/de\/wp-json\/wp\/v2\/media?parent=713296"}],"wp:term":[{"taxonomy":"product_brand","embeddable":true,"href":"https:\/\/lucacastelli.com\/de\/wp-json\/wp\/v2\/product_brand?post=713296"},{"taxonomy":"product_cat","embeddable":true,"href":"https:\/\/lucacastelli.com\/de\/wp-json\/wp\/v2\/product_cat?post=713296"},{"taxonomy":"product_tag","embeddable":true,"href":"https:\/\/lucacastelli.com\/de\/wp-json\/wp\/v2\/product_tag?post=713296"}],"curies":[{"name":"wp","href":"https:\/\/api.w.org\/{rel}","templated":true}]}}