{"id":712735,"date":"2026-02-05T08:18:44","date_gmt":"2026-02-05T07:18:44","guid":{"rendered":"https:\/\/lucacastelli.com\/prodotto\/stihl-umbausatz-messersatz-60-cm-r\/"},"modified":"2026-02-05T08:18:44","modified_gmt":"2026-02-05T07:18:44","slug":"stihl-umbausatz-messersatz-60-cm-r","status":"publish","type":"product","link":"https:\/\/lucacastelli.com\/de\/produkt\/stihl-umbausatz-messersatz-60-cm-r\/","title":{"rendered":"STIHL Umbausatz Messersatz 60 cm R"},"content":{"rendered":"<p>Umr\u00fcstsatz Messerspiel: Einfache Einstellung des Messerspiels<\/p>\n<p>Wenn Sie Ihre STIHL Heckenschere h\u00e4ufig verwenden, unterliegt das Schneidwerkzeug einem gewissen Verschlei\u00df. Der STIHL Umr\u00fcstsatz Messerspiel sorgt zus\u00e4tzlich zum regelm\u00e4\u00dfigen Sch\u00e4rfen Ihrer Heckenschere daf\u00fcr, dass Sie als Profi oder anspruchsvoller Privatanwender stets zuverl\u00e4ssige und saubere Schnitte erzielen. Hierf\u00fcr stellen Sie im Rahmen der regelm\u00e4\u00dfigen Wartung Ihrer Heckenschere das Messerspiel einfach mit dem Umr\u00fcstsatz nach. Das Zubeh\u00f6r erh\u00e4lt die Pr\u00e4zision Ihrer Heckenschere \u00fcber die gesamte Lebensdauer des Schneidwerkzeugs. Zudem tragen Sie mit der regelm\u00e4\u00dfigen Reinigung Ihrer Heckenschere selbst dazu bei, die Komponenten und Teile vor Verschmutzung und Besch\u00e4digung zu sch\u00fctzen. Der Umr\u00fcstsatz Messerspiel ist in 4 Ausf\u00fchrungen erh\u00e4ltlich:<br \/>\nSatz Messerspiel, einstellbar, 60 cm (Artikelnummer: 4237 007 1001) f\u00fcr HS 81 T, HS 82 T, HSA 94 T, HSA 130 T und HSA 140 T<br \/>\nSatz Messerspiel, einstellbar, 75 cm (Artikelnummer: 4237 007 1002) f\u00fcr HS 81 T, HS 82 T, HSA 94 T, HSA 130 T und HSA 140 T<br \/>\nSatz einstellbare Messer, 60 cm (Artikelnummer: 4237 007 1008) f\u00fcr HS 81 R, HS 82 R, HSA 94 R, HSA 130 R und HSA 140 R<br \/>\nSatz Messerspiel, einstellbar, 75 cm (Artikelnummer: 4237 007 1009) f\u00fcr HS 81 R, HS 82 R, HSA 94 R, HSA 130 R und HSA 140 R<\/p>\n","protected":false},"excerpt":{"rendered":"<p>Umr\u00fcstsatz Messerspiel: Einfache Einstellung des Messerspiels Wenn Sie Ihre STIHL Heckenschere h\u00e4ufig verwenden, unterliegt das Schneidwerkzeug einem gewissen Verschlei\u00df. Der<\/p>\n","protected":false},"featured_media":712652,"template":"","meta":{"_seopress_robots_primary_cat":"none","_seopress_titles_title":"","_seopress_titles_desc":"","_seopress_robots_index":""},"product_brand":[3366],"product_cat":[29,282,493,267],"product_tag":[],"class_list":{"0":"post-712735","1":"product","2":"type-product","3":"status-publish","4":"has-post-thumbnail","6":"product_brand-stihl","7":"product_cat-macchinari","8":"product_cat-tosasiepi-e-potatori-a-batteria","9":"product_cat-tosasiepi-e-potatori-a-motore","10":"product_cat-tosasiepi-e-potatori","11":"sws-gruppo-macchinari-de","12":"sws-conto-ricavi-merci-rivendita-macchinari-de","13":"sws-gruppo-iva-iva81-de","15":"first","16":"instock","17":"shipping-taxable","18":"purchasable","19":"product-type-simple"},"_links":{"self":[{"href":"https:\/\/lucacastelli.com\/de\/wp-json\/wp\/v2\/product\/712735","targetHints":{"allow":["GET"]}}],"collection":[{"href":"https:\/\/lucacastelli.com\/de\/wp-json\/wp\/v2\/product"}],"about":[{"href":"https:\/\/lucacastelli.com\/de\/wp-json\/wp\/v2\/types\/product"}],"wp:featuredmedia":[{"embeddable":true,"href":"https:\/\/lucacastelli.com\/de\/wp-json\/wp\/v2\/media\/712652"}],"wp:attachment":[{"href":"https:\/\/lucacastelli.com\/de\/wp-json\/wp\/v2\/media?parent=712735"}],"wp:term":[{"taxonomy":"product_brand","embeddable":true,"href":"https:\/\/lucacastelli.com\/de\/wp-json\/wp\/v2\/product_brand?post=712735"},{"taxonomy":"product_cat","embeddable":true,"href":"https:\/\/lucacastelli.com\/de\/wp-json\/wp\/v2\/product_cat?post=712735"},{"taxonomy":"product_tag","embeddable":true,"href":"https:\/\/lucacastelli.com\/de\/wp-json\/wp\/v2\/product_tag?post=712735"}],"curies":[{"name":"wp","href":"https:\/\/api.w.org\/{rel}","templated":true}]}}