{"id":712730,"date":"2026-02-05T08:31:33","date_gmt":"2026-02-05T07:31:33","guid":{"rendered":"https:\/\/lucacastelli.com\/prodotto\/stihl-umruestsatz-messerabstand-75-cm-t\/"},"modified":"2026-02-05T08:31:33","modified_gmt":"2026-02-05T07:31:33","slug":"stihl-umruestsatz-messerabstand-75-cm-t","status":"publish","type":"product","link":"https:\/\/lucacastelli.com\/de\/produkt\/stihl-umruestsatz-messerabstand-75-cm-t\/","title":{"rendered":"STIHL Umr\u00fcstsatz Messerabstand 75 cm T"},"content":{"rendered":"<p>Umr\u00fcstsatz Messerabstand: einfache Einstellung des Messerabstands<\/p>\n<p>Bei h\u00e4ufiger Nutzung Ihrer STIHL Heckenschere unterliegt das Schneidwerk dem Verschlei\u00df. Der STIHL Umr\u00fcstsatz Messerabstand gew\u00e4hrleistet neben dem regelm\u00e4\u00dfigen Sch\u00e4rfen der Heckenschere Ihnen als Profi oder anspruchsvollem Privatanwender stets zuverl\u00e4ssige und saubere Schnitte. Dazu m\u00fcssen Sie bei der regelm\u00e4\u00dfigen Wartung der Heckenschere lediglich den Messerabstand mit dem Umr\u00fcstsatz neu einstellen. Das Zubeh\u00f6r erh\u00e4lt die Pr\u00e4zision der Heckenschere \u00fcber die gesamte Lebensdauer des Schneidwerks. Zus\u00e4tzlich tragen Sie durch regelm\u00e4\u00dfige Reinigung der Heckenschere selbst zum Schutz der Komponenten und Teile vor Schmutz und Besch\u00e4digungen bei. Der Umr\u00fcstsatz Messerabstand ist in 4 Ausf\u00fchrungen erh\u00e4ltlich:<br \/>\nMessersatz, einstellbar, 60 cm (Artikelnummer: 4237 007 1001) f\u00fcr HS 81 T, HS 82 T, HSA 94 T, HSA 130 T und HSA 140 T<br \/>\nMessersatz, einstellbar, 75 cm (Artikelnummer: 4237 007 1002) f\u00fcr HS 81 T, HS 82 T, HSA 94 T, HSA 130 T und HSA 140 T<br \/>\nMessersatz, einstellbar, 60 cm (Artikelnummer: 4237 007 1008) f\u00fcr HS 81 R, HS 82 R, HSA 94 R, HSA 130 R und HSA 140 R<br \/>\nMessersatz, einstellbar, 75 cm (Artikelnummer: 4237 007 1009) f\u00fcr HS 81 R, HS 82 R, HSA 94 R, HSA 130 R und HSA 140 R<\/p>\n","protected":false},"excerpt":{"rendered":"<p>Umr\u00fcstsatz Messerabstand: einfache Einstellung des Messerabstands Bei h\u00e4ufiger Nutzung Ihrer STIHL Heckenschere unterliegt das Schneidwerk dem Verschlei\u00df. Der STIHL Umr\u00fcstsatz<\/p>\n","protected":false},"featured_media":712652,"template":"","meta":{"_seopress_robots_primary_cat":"none","_seopress_titles_title":"","_seopress_titles_desc":"","_seopress_robots_index":""},"product_brand":[3554],"product_cat":[1629,1695,1630,169],"product_tag":[],"class_list":{"0":"post-712730","1":"product","2":"type-product","3":"status-publish","4":"has-post-thumbnail","6":"product_brand-stihl-de","7":"product_cat-akku-heckenscheren-und-astscheren","8":"product_cat-heckenscheren-und-astscheren","9":"product_cat-heckenscheren-und-motorscheren","10":"product_cat-maschinen","12":"first","13":"instock","14":"shipping-taxable","15":"purchasable","16":"product-type-simple"},"_links":{"self":[{"href":"https:\/\/lucacastelli.com\/de\/wp-json\/wp\/v2\/product\/712730","targetHints":{"allow":["GET"]}}],"collection":[{"href":"https:\/\/lucacastelli.com\/de\/wp-json\/wp\/v2\/product"}],"about":[{"href":"https:\/\/lucacastelli.com\/de\/wp-json\/wp\/v2\/types\/product"}],"wp:featuredmedia":[{"embeddable":true,"href":"https:\/\/lucacastelli.com\/de\/wp-json\/wp\/v2\/media\/712652"}],"wp:attachment":[{"href":"https:\/\/lucacastelli.com\/de\/wp-json\/wp\/v2\/media?parent=712730"}],"wp:term":[{"taxonomy":"product_brand","embeddable":true,"href":"https:\/\/lucacastelli.com\/de\/wp-json\/wp\/v2\/product_brand?post=712730"},{"taxonomy":"product_cat","embeddable":true,"href":"https:\/\/lucacastelli.com\/de\/wp-json\/wp\/v2\/product_cat?post=712730"},{"taxonomy":"product_tag","embeddable":true,"href":"https:\/\/lucacastelli.com\/de\/wp-json\/wp\/v2\/product_tag?post=712730"}],"curies":[{"name":"wp","href":"https:\/\/api.w.org\/{rel}","templated":true}]}}