{"id":712727,"date":"2026-02-05T08:24:58","date_gmt":"2026-02-05T07:24:58","guid":{"rendered":"https:\/\/lucacastelli.com\/prodotto\/stihl-messerspiel-umruestsatz-75-cm-r\/"},"modified":"2026-02-05T08:24:58","modified_gmt":"2026-02-05T07:24:58","slug":"stihl-messerspiel-umruestsatz-75-cm-r","status":"publish","type":"product","link":"https:\/\/lucacastelli.com\/de\/produkt\/stihl-messerspiel-umruestsatz-75-cm-r\/","title":{"rendered":"STIHL Messerspiel-Umr\u00fcstsatz 75 cm R"},"content":{"rendered":"<p>Messerspiel-Umr\u00fcstsatz: einfache Einstellung des Messerspiels<\/p>\n<p>Wenn Sie Ihre STIHL Heckenschere h\u00e4ufig nutzen, unterliegt das Schneidgarnitur einem Verschlei\u00df. Der STIHL Messerspiel-Umr\u00fcstsatz gew\u00e4hrleistet Ihnen als Profi oder anspruchsvollem Privatanwender neben dem regelm\u00e4\u00dfigen Sch\u00e4rfen der Heckenschere stets zuverl\u00e4ssige und saubere Schnitte. Dazu stellen Sie bei der regelm\u00e4\u00dfigen Wartung Ihrer Heckenschere das Messerspiel mit dem Umr\u00fcstsatz einfach neu ein. Das Zubeh\u00f6r erh\u00e4lt die Pr\u00e4zision Ihrer Heckenschere \u00fcber die gesamte Lebensdauer der Schneidgarnitur. Indem Sie Ihre Heckenschere zudem regelm\u00e4\u00dfig reinigen, tragen Sie selbst dazu bei, die Komponenten und Teile vor Schmutz und Besch\u00e4digungen zu sch\u00fctzen. Den Messerspiel-Umr\u00fcstsatz gibt es in 4 Ausf\u00fchrungen:<br \/>\nMesserspiel-Set, einstellbar, 60 cm (Artikelnummer: 4237 007 1001) f\u00fcr HS 81 T, HS 82 T, HSA 94 T, HSA 130 T und HSA 140 T<br \/>\nMesserspiel-Set, einstellbar, 75 cm (Artikelnummer: 4237 007 1002) f\u00fcr HS 81 T, HS 82 T, HSA 94 T, HSA 130 T und HSA 140 T<br \/>\nMesserspiel-Set, einstellbar, 60 cm (Artikelnummer: 4237 007 1008) f\u00fcr HS 81 R, HS 82 R, HSA 94 R, HSA 130 R und HSA 140 R<br \/>\nMesserspiel-Set, einstellbar, 75 cm (Artikelnummer: 4237 007 1009) f\u00fcr HS 81 R, HS 82 R, HSA 94 R, HSA 130 R und HSA 140 R<\/p>\n","protected":false},"excerpt":{"rendered":"<p>Messerspiel-Umr\u00fcstsatz: einfache Einstellung des Messerspiels Wenn Sie Ihre STIHL Heckenschere h\u00e4ufig nutzen, unterliegt das Schneidgarnitur einem Verschlei\u00df. Der STIHL Messerspiel-Umr\u00fcstsatz<\/p>\n","protected":false},"featured_media":712652,"template":"","meta":{"_seopress_robots_primary_cat":"none","_seopress_titles_title":"","_seopress_titles_desc":"","_seopress_robots_index":""},"product_brand":[3366],"product_cat":[29,282,493,267],"product_tag":[],"class_list":{"0":"post-712727","1":"product","2":"type-product","3":"status-publish","4":"has-post-thumbnail","6":"product_brand-stihl","7":"product_cat-macchinari","8":"product_cat-tosasiepi-e-potatori-a-batteria","9":"product_cat-tosasiepi-e-potatori-a-motore","10":"product_cat-tosasiepi-e-potatori","12":"first","13":"instock","14":"shipping-taxable","15":"purchasable","16":"product-type-simple"},"_links":{"self":[{"href":"https:\/\/lucacastelli.com\/de\/wp-json\/wp\/v2\/product\/712727","targetHints":{"allow":["GET"]}}],"collection":[{"href":"https:\/\/lucacastelli.com\/de\/wp-json\/wp\/v2\/product"}],"about":[{"href":"https:\/\/lucacastelli.com\/de\/wp-json\/wp\/v2\/types\/product"}],"wp:featuredmedia":[{"embeddable":true,"href":"https:\/\/lucacastelli.com\/de\/wp-json\/wp\/v2\/media\/712652"}],"wp:attachment":[{"href":"https:\/\/lucacastelli.com\/de\/wp-json\/wp\/v2\/media?parent=712727"}],"wp:term":[{"taxonomy":"product_brand","embeddable":true,"href":"https:\/\/lucacastelli.com\/de\/wp-json\/wp\/v2\/product_brand?post=712727"},{"taxonomy":"product_cat","embeddable":true,"href":"https:\/\/lucacastelli.com\/de\/wp-json\/wp\/v2\/product_cat?post=712727"},{"taxonomy":"product_tag","embeddable":true,"href":"https:\/\/lucacastelli.com\/de\/wp-json\/wp\/v2\/product_tag?post=712727"}],"curies":[{"name":"wp","href":"https:\/\/api.w.org\/{rel}","templated":true}]}}