{"id":712714,"date":"2026-02-05T08:42:57","date_gmt":"2026-02-05T07:42:57","guid":{"rendered":"https:\/\/lucacastelli.com\/prodotto\/fuehrungsschutz-fuer-hs-hsa-hl-hla-hle-und-km\/"},"modified":"2026-02-05T08:42:57","modified_gmt":"2026-02-05T07:42:57","slug":"fuehrungsschutz-fuer-hs-hsa-hl-hla-hle-und-km","status":"publish","type":"product","link":"https:\/\/lucacastelli.com\/de\/produkt\/fuehrungsschutz-fuer-hs-hsa-hl-hla-hle-und-km\/","title":{"rendered":"F\u00fchrungsschutz f\u00fcr HS, HSA, HL, HLA, HLE und KM"},"content":{"rendered":"<p>F\u00fchrungsschutz f\u00fcr HS, HSA, HL, HLA und HLE: zum Schutz der Schneidgarnitur<\/p>\n<p>Der STIHL F\u00fchrungsschutz ist ein Zubeh\u00f6r f\u00fcr Heckenscheren und Heckenschneider, der die Spitze des Schneidbalkens vor \u00fcberm\u00e4\u00dfigem Verschlei\u00df oder Besch\u00e4digungen bei Kontakt mit Mauern oder Hindernissen sch\u00fctzt. Bei der Heckenpflege kann es vorkommen, dass Sie sehr nah an W\u00e4nden oder am Boden schneiden m\u00fcssen. Mit dem STIHL F\u00fchrungsschutz k\u00f6nnen Sie Ihre Hecke pr\u00e4zise pflegen. Der T-f\u00f6rmige STIHL F\u00fchrungsschutz aus robustem, verzinktem Stahl l\u00e4sst sich mit 2 Schrauben am Ende des Schneidbalkens befestigen und bei Verschlei\u00df einfach austauschen. Er ist widerstandsf\u00e4hig gegen hohe Belastungen und besonders langlebig.<br \/>\nMit den folgenden Heckenscheren und Heckenschneidern k\u00f6nnen Sie die passenden STIHL F\u00fchrungsschutze verwenden:<br \/>\n(Art.-Nr. 42377929006):<br \/>\nSTIHL HL-KM 0\u00b0<br \/>\nSTIHL HS 82 T<br \/>\nSTIHL HS 56 C-E<br \/>\nSTIHL HL 91 KC-E<br \/>\nSTIHL HL 94 C-E<br \/>\nSTIHL HL 94 KC-E<br \/>\nSTIHL HL-KM 145\u00b0<br \/>\nSTIHL FH-KM 145\u00b0<br \/>\nSTIHL HSA 94 T<br \/>\nSTIHL HLA 135<br \/>\nSTIHL HLA 135 K<br \/>\nSTIHL HSA 60<br \/>\nSTIHL HSA 100    <\/p>\n<p>Sie k\u00f6nnen diesen F\u00fchrungsschutz auch mit der nicht mehr erh\u00e4ltlichen STIHL Heckenschere HS 81 T verwenden.<br \/>\n(Art.-Nr. 42377909802):<br \/>\nSTIHL HS 82 R<br \/>\nSTIHL HSA 94 R<\/p>\n<p>Sie k\u00f6nnen diesen F\u00fchrungsschutz auch mit der nicht mehr erh\u00e4ltlichen STIHL Heckenschere HS 81 R verwenden.<\/p>\n","protected":false},"excerpt":{"rendered":"<p>F\u00fchrungsschutz f\u00fcr HS, HSA, HL, HLA und HLE: zum Schutz der Schneidgarnitur Der STIHL F\u00fchrungsschutz ist ein Zubeh\u00f6r f\u00fcr Heckenscheren<\/p>\n","protected":false},"featured_media":712717,"template":"","meta":{"_seopress_robots_primary_cat":"none","_seopress_titles_title":"","_seopress_titles_desc":"","_seopress_robots_index":""},"product_brand":[3554],"product_cat":[1629,1695,1630,169],"product_tag":[],"class_list":{"0":"post-712714","1":"product","2":"type-product","3":"status-publish","4":"has-post-thumbnail","6":"product_brand-stihl-de","7":"product_cat-akku-heckenscheren-und-astscheren","8":"product_cat-heckenscheren-und-astscheren","9":"product_cat-heckenscheren-und-motorscheren","10":"product_cat-maschinen","11":"sws-gruppo-macchinari-de","12":"sws-conto-ricavi-merci-rivendita-macchinari-de","13":"sws-gruppo-iva-iva81-de","15":"first","16":"instock","17":"shipping-taxable","18":"purchasable","19":"product-type-simple"},"_links":{"self":[{"href":"https:\/\/lucacastelli.com\/de\/wp-json\/wp\/v2\/product\/712714","targetHints":{"allow":["GET"]}}],"collection":[{"href":"https:\/\/lucacastelli.com\/de\/wp-json\/wp\/v2\/product"}],"about":[{"href":"https:\/\/lucacastelli.com\/de\/wp-json\/wp\/v2\/types\/product"}],"wp:featuredmedia":[{"embeddable":true,"href":"https:\/\/lucacastelli.com\/de\/wp-json\/wp\/v2\/media\/712717"}],"wp:attachment":[{"href":"https:\/\/lucacastelli.com\/de\/wp-json\/wp\/v2\/media?parent=712714"}],"wp:term":[{"taxonomy":"product_brand","embeddable":true,"href":"https:\/\/lucacastelli.com\/de\/wp-json\/wp\/v2\/product_brand?post=712714"},{"taxonomy":"product_cat","embeddable":true,"href":"https:\/\/lucacastelli.com\/de\/wp-json\/wp\/v2\/product_cat?post=712714"},{"taxonomy":"product_tag","embeddable":true,"href":"https:\/\/lucacastelli.com\/de\/wp-json\/wp\/v2\/product_tag?post=712714"}],"curies":[{"name":"wp","href":"https:\/\/api.w.org\/{rel}","templated":true}]}}