{"id":712196,"date":"2026-02-04T21:09:52","date_gmt":"2026-02-04T20:09:52","guid":{"rendered":"https:\/\/lucacastelli.com\/prodotto\/stihl-fangblech-60-cm\/"},"modified":"2026-02-04T21:09:52","modified_gmt":"2026-02-04T20:09:52","slug":"stihl-fangblech-60-cm","status":"publish","type":"product","link":"https:\/\/lucacastelli.com\/de\/produkt\/stihl-fangblech-60-cm\/","title":{"rendered":"STIHL Fangblech 60 cm"},"content":{"rendered":"<p>Fangblech f\u00fcr HL, HLA, HS und HSA: Spart Arbeitszeit dank Auffangen des Schnittguts<br \/>\nMit dem STIHL Fangblech f\u00fcr HL, HLA, HS und HSA k\u00f6nnen Sie nach dem Schneiden Ihrer Hecke Zeit sparen. Da das Schnittgut beim Schneiden direkt am Messer Ihrer STIHL Heckenschere oder des Heckenschneiders aufgefangen wird, bleibt es nicht zwischen den Ver\u00e4stelungen der Hecke h\u00e4ngen. Sie k\u00f6nnen es mithilfe des Fangblechs in einer Bewegung weg von der Hecke auf den Boden bef\u00f6rdern und somit leichter abtransportieren. Der robuste Kunststoff macht das STIHL Fangblech f\u00fcr HL, HLA, HS und HSA besonders langlebig und sorgt daf\u00fcr, dass es auch st\u00e4rkeren Belastungen standh\u00e4lt. Es eignet sich ideal zur Heckenpflege f\u00fcr Profis und anspruchsvolle Privatanwender.    <\/p>\n<p>Das Fangblech l\u00e4sst sich einfach und bequem an der STIHL Heckenschere oder einem STIHL Heckenschneider montieren. Dazu ben\u00f6tigen Sie kein Werkzeug. Je nach Anforderung k\u00f6nnen Sie das Blech auch beidseitig anbringen.  <\/p>\n<p>Das Fangblech ist passend f\u00fcr eine Schnittl\u00e4nge von 60 cm und eignet sich f\u00fcr folgende STIHL Akku-Heckenscheren und Akku-Heckenschneider:<\/p>\n<p>HS 82<br \/>\nHSA 100<br \/>\nHSA 140<br \/>\nHL 91<br \/>\nHL 92<br \/>\nHL 94<br \/>\nHLA 135<br \/>\nHLA 140<br \/>\nHLA 150<\/p>\n","protected":false},"excerpt":{"rendered":"<p>Fangblech f\u00fcr HL, HLA, HS und HSA: Spart Arbeitszeit dank Auffangen des Schnittguts Mit dem STIHL Fangblech f\u00fcr HL, HLA,<\/p>\n","protected":false},"featured_media":712158,"template":"","meta":{"_seopress_robots_primary_cat":"","_seopress_titles_title":"","_seopress_titles_desc":"","_seopress_robots_index":""},"product_brand":[3554],"product_cat":[169,1695,1629,1630],"product_tag":[],"class_list":{"0":"post-712196","1":"product","2":"type-product","3":"status-publish","4":"has-post-thumbnail","6":"product_brand-stihl-de","7":"product_cat-maschinen","8":"product_cat-heckenscheren-und-astscheren","9":"product_cat-akku-heckenscheren-und-astscheren","10":"product_cat-heckenscheren-und-motorscheren","11":"sws-gruppo-macchinari-en","12":"sws-conto-ricavi-merci-rivendita-macchinari-en","13":"sws-gruppo-iva-iva81-en","15":"first","16":"instock","17":"shipping-taxable","18":"purchasable","19":"product-type-simple"},"_links":{"self":[{"href":"https:\/\/lucacastelli.com\/de\/wp-json\/wp\/v2\/product\/712196","targetHints":{"allow":["GET"]}}],"collection":[{"href":"https:\/\/lucacastelli.com\/de\/wp-json\/wp\/v2\/product"}],"about":[{"href":"https:\/\/lucacastelli.com\/de\/wp-json\/wp\/v2\/types\/product"}],"wp:featuredmedia":[{"embeddable":true,"href":"https:\/\/lucacastelli.com\/de\/wp-json\/wp\/v2\/media\/712158"}],"wp:attachment":[{"href":"https:\/\/lucacastelli.com\/de\/wp-json\/wp\/v2\/media?parent=712196"}],"wp:term":[{"taxonomy":"product_brand","embeddable":true,"href":"https:\/\/lucacastelli.com\/de\/wp-json\/wp\/v2\/product_brand?post=712196"},{"taxonomy":"product_cat","embeddable":true,"href":"https:\/\/lucacastelli.com\/de\/wp-json\/wp\/v2\/product_cat?post=712196"},{"taxonomy":"product_tag","embeddable":true,"href":"https:\/\/lucacastelli.com\/de\/wp-json\/wp\/v2\/product_tag?post=712196"}],"curies":[{"name":"wp","href":"https:\/\/api.w.org\/{rel}","templated":true}]}}