{"id":712137,"date":"2026-02-04T18:29:07","date_gmt":"2026-02-04T17:29:07","guid":{"rendered":"https:\/\/lucacastelli.com\/prodotto\/stihl-hla-140-k-b-ap-system-heckenschneider\/"},"modified":"2026-02-04T18:29:07","modified_gmt":"2026-02-04T17:29:07","slug":"stihl-hla-140-k-b-ap-system-heckenschneider","status":"publish","type":"product","link":"https:\/\/lucacastelli.com\/de\/produkt\/stihl-hla-140-k-b-ap-system-heckenschneider\/","title":{"rendered":"STIHL HLA 140 K-B &#8211; AP-System Heckenschneider"},"content":{"rendered":"<p>Akku-Heckenschneider HLA 140 K B: leistungsstark und komfortabel, mit kurzem Schaft und integriertem Smart Connector<br \/>\nF\u00fcr die professionelle Gr\u00fcnpflege ist der Akku-Heckenschneider STIHL HLA 140 K B eine \u00e4usserst effektive Unterst\u00fctzung. Er ist leicht, leistungsstark und leise und eignet sich ideal zum Schneiden von hohen und langen Hecken und Str\u00e4uchern, auch in l\u00e4rmsensiblen Bereichen, ohne dass ein Geh\u00f6rschutz erforderlich ist. <\/p>\n<p>Der EC-Motor garantiert hohe Leistung und sehr geringe Vibrationen. Der ergonomische Griff mit digitaler Steuerung integriert das ADVANCE PLUS Modul mit LED-Display und Smart Connector, wodurch die Daten\u00fcbertragung an Smartphone oder Tablet erm\u00f6glicht wird. Die in 3 Stufen einstellbare Geschwindigkeit erm\u00f6glicht die Anpassung des Schnitts an die jeweiligen Bed\u00fcrfnisse, w\u00e4hrend die universellen, doppelt geschliffenen 600 mm Messer hohe Leistung und lange Laufzeit gew\u00e4hrleisten.  <\/p>\n<p>Der kurze Griff und der bis zu 145\u00b0 neigbare Schneidbalken erm\u00f6glichen komfortable Schnitte von oben, seitlich und am Boden mit dem 219 cm langen Ger\u00e4t. F\u00fcr ein komfortableres Arbeiten kann ein Schultergurt befestigt oder das STIHL ADVANCE X-TREEm HT System verwendet werden. Zum Schutz des Akkus vor Schmutz und Feuchtigkeit ist der STIHL HTA 135 oder HLA 135 Standfuss erh\u00e4ltlich.  <\/p>\n<p>Alle Akku-Ger\u00e4te des STIHL AP-Systems sind f\u00fcr den professionellen Einsatz auch unter widrigen Wetterbedingungen konzipiert und verf\u00fcgen \u00fcber einen Spritzwasserschutz, der nach dem Standard IPX4 gepr\u00fcft und zertifiziert ist.<\/p>\n<p>&nbsp;<\/p>\n<p>&nbsp;<\/p>\n<table data-test-id=\"pdp-spec-tech-table\">\n<tbody>\n<tr>\n<td>Nennspannung<\/td>\n<td>36 V<\/td>\n<\/tr>\n<tr>\n<td>Maximale Spannung<\/td>\n<td>40 V<\/td>\n<\/tr>\n<tr>\n<td>Leistungsaufnahme<\/td>\n<td>1 kW<\/td>\n<\/tr>\n<tr>\n<td>Leistung<\/td>\n<td>0,80 kW<\/td>\n<\/tr>\n<tr>\n<td>Empfohlener Akku<\/td>\n<td>AP 30<\/td>\n<\/tr>\n<tr>\n<td>Akkusystem<\/td>\n<td>AP<\/td>\n<\/tr>\n<tr>\n<td>Hubzahl<\/td>\n<td>3200 U\/min<\/td>\n<\/tr>\n<tr>\n<td>Ger\u00e4tegewicht ohne Akku<\/td>\n<td>5,2 kg<\/td>\n<\/tr>\n<tr>\n<td>Schnittl\u00e4nge<\/td>\n<td>60 cm<\/td>\n<\/tr>\n<tr>\n<td>Zahnabstand<\/td>\n<td>34 mm<\/td>\n<\/tr>\n<tr>\n<td>Akkulaufzeit AP 200<\/td>\n<td>69 min<\/td>\n<\/tr>\n<tr>\n<td>Maximale Akkulaufzeit AP 200<\/td>\n<td>86 min<\/td>\n<\/tr>\n<tr>\n<td>Minimale Akkulaufzeit AP 200 S<\/td>\n<td>69 min<\/td>\n<\/tr>\n<tr>\n<td>Maximale Akkulaufzeit AP 200 S<\/td>\n<td>86 min<\/td>\n<\/tr>\n<tr>\n<td>Minimale Akkulaufzeit AP 300<\/td>\n<td>84 min<\/td>\n<\/tr>\n<tr>\n<td>Maximale Akkulaufzeit AP 300<\/td>\n<td>105 min<\/td>\n<\/tr>\n<tr>\n<td>Minimale Akkulaufzeit AP 300 S<\/td>\n<td>104 min<\/td>\n<\/tr>\n<tr>\n<td>Maximale Akkulaufzeit AP 300 S<\/td>\n<td>130 min<\/td>\n<\/tr>\n<tr>\n<td>Minimale Akkulaufzeit AP 500 S<\/td>\n<td>122 min<\/td>\n<\/tr>\n<tr>\n<td>Maximale Akkulaufzeit AP 500 S<\/td>\n<td>152 min<\/td>\n<\/tr>\n<tr>\n<td>Minimale Akkulaufzeit AR 2000 L<\/td>\n<td>403 min<\/td>\n<\/tr>\n<tr>\n<td>Maximale Akkulaufzeit AR 2000 L<\/td>\n<td>504 min<\/td>\n<\/tr>\n<tr>\n<td>Minimale Akkulaufzeit AR 3000 L<\/td>\n<td>610 min<\/td>\n<\/tr>\n<tr>\n<td>Maximale Akkulaufzeit AR 3000 L<\/td>\n<td>762 min<\/td>\n<\/tr>\n<tr>\n<td>Maximale Ger\u00e4tel\u00e4nge mit Werkzeug<\/td>\n<td>214 cm<\/td>\n<\/tr>\n<tr>\n<td>Schalldruckpegel<\/td>\n<td>85 dB(A)<\/td>\n<\/tr>\n<tr>\n<td>Schallleistungspegel<\/td>\n<td>96 dB(A)<\/td>\n<\/tr>\n<tr>\n<td>Vibrationswert links<\/td>\n<td>3,2 m\/s\u00b2<\/td>\n<\/tr>\n<tr>\n<td>Vibrationswert rechts<\/td>\n<td>1,8 m\/s\u00b2<\/td>\n<\/tr>\n<\/tbody>\n<\/table>\n","protected":false},"excerpt":{"rendered":"<p>Akku-Heckenschneider HLA 140 K B: leistungsstark und komfortabel, mit kurzem Schaft und integriertem Smart Connector F\u00fcr die professionelle Gr\u00fcnpflege ist<\/p>\n","protected":false},"featured_media":711943,"template":"","meta":{"_seopress_robots_primary_cat":"","_seopress_titles_title":"","_seopress_titles_desc":"","_seopress_robots_index":""},"product_brand":[3554],"product_cat":[1629,1695,169],"product_tag":[],"class_list":{"0":"post-712137","1":"product","2":"type-product","3":"status-publish","4":"has-post-thumbnail","6":"product_brand-stihl-de","7":"product_cat-akku-heckenscheren-und-astscheren","8":"product_cat-heckenscheren-und-astscheren","9":"product_cat-maschinen","10":"sws-gruppo-macchinari-de","11":"sws-conto-ricavi-merci-rivendita-macchinari-de","12":"sws-gruppo-iva-iva81-de","14":"first","15":"instock","16":"shipping-taxable","17":"purchasable","18":"product-type-simple"},"_links":{"self":[{"href":"https:\/\/lucacastelli.com\/de\/wp-json\/wp\/v2\/product\/712137","targetHints":{"allow":["GET"]}}],"collection":[{"href":"https:\/\/lucacastelli.com\/de\/wp-json\/wp\/v2\/product"}],"about":[{"href":"https:\/\/lucacastelli.com\/de\/wp-json\/wp\/v2\/types\/product"}],"wp:featuredmedia":[{"embeddable":true,"href":"https:\/\/lucacastelli.com\/de\/wp-json\/wp\/v2\/media\/711943"}],"wp:attachment":[{"href":"https:\/\/lucacastelli.com\/de\/wp-json\/wp\/v2\/media?parent=712137"}],"wp:term":[{"taxonomy":"product_brand","embeddable":true,"href":"https:\/\/lucacastelli.com\/de\/wp-json\/wp\/v2\/product_brand?post=712137"},{"taxonomy":"product_cat","embeddable":true,"href":"https:\/\/lucacastelli.com\/de\/wp-json\/wp\/v2\/product_cat?post=712137"},{"taxonomy":"product_tag","embeddable":true,"href":"https:\/\/lucacastelli.com\/de\/wp-json\/wp\/v2\/product_tag?post=712137"}],"curies":[{"name":"wp","href":"https:\/\/api.w.org\/{rel}","templated":true}]}}