{"id":712126,"date":"2026-02-04T20:53:48","date_gmt":"2026-02-04T19:53:48","guid":{"rendered":"https:\/\/lucacastelli.com\/prodotto\/stihl-hla-150-b-ap-system-heckenschere\/"},"modified":"2026-02-04T20:53:48","modified_gmt":"2026-02-04T19:53:48","slug":"stihl-hla-150-b-ap-system-heckenschere","status":"publish","type":"product","link":"https:\/\/lucacastelli.com\/de\/produkt\/stihl-hla-150-b-ap-system-heckenschere\/","title":{"rendered":"STIHL HLA 150 B &#8211; AP-System Heckenschere"},"content":{"rendered":"<p>Akku-Langschaft-Heckenschere STIHL HLA 150 B: mit Teleskopstange und integriertem Smart Connector f\u00fcr H\u00f6chstleistungen in der professionellen Heckenpflege.<br \/>\nDie robuste Akku-Heckenschere STIHL HLA 150 B aus dem STIHL AP System bietet effiziente Unterst\u00fctzung bei der Gr\u00fcnpflege. Die werkzeuglos verstellbare Teleskopstange gew\u00e4hrleistet gr\u00f6\u00dfere Reichweite und erm\u00f6glicht das effiziente Schneiden sehr hoher Hecken und Str\u00e4ucher. Die 600 mm Universalmesser sind ideal f\u00fcr Formschnitt, Nachbearbeitung und R\u00fcckschnitt. Leicht und leise kann sie auch ohne Geh\u00f6rschutz in l\u00e4rmempfindlichen Bereichen eingesetzt werden.   <\/p>\n<p>Der EC-Motor bietet hohe Leistung bei geringen Vibrationen. Der ergonomische Griff mit ADVANCE PLUS Modul und LED-Display integriert den Smart Connector zur \u00dcbertragung der Ger\u00e4tedaten auf Smartphone oder Tablet. Die 3-stufig regelbare Geschwindigkeit erm\u00f6glicht effizientes Arbeiten. Die bis zu 145\u00b0 neigbare Schneideinrichtung erm\u00f6glicht Schnitte von oben, seitlich und am Boden bei einer Ger\u00e4tl\u00e4nge von bis zu 330 cm. F\u00fcr mehr Komfort kann ein Schultergurt oder das STIHL ADVANCE X-TREEm HT System verwendet werden, w\u00e4hrend der Standfu\u00df STIHL HTA 135 oder HLA 135 den Akku vor Schmutz und Feuchtigkeit sch\u00fctzt.    <\/p>\n<p>Alle Ger\u00e4te des STIHL AP Systems sind f\u00fcr den professionellen Einsatz auch bei widrigen Witterungsbedingungen konzipiert und bieten IPX4-zertifizierten Spritzwasserschutz.<\/p>\n<p>&nbsp;<\/p>\n<table data-test-id=\"pdp-spec-tech-table\">\n<tbody>\n<tr>\n<td>Nennspannung<\/td>\n<td>36 V<\/td>\n<\/tr>\n<tr>\n<td>Maximale Spannung<\/td>\n<td>40 V<\/td>\n<\/tr>\n<tr>\n<td>Leistungsaufnahme<\/td>\n<td>1 kW<\/td>\n<\/tr>\n<tr>\n<td>Leistung<\/td>\n<td>0,80 kW<\/td>\n<\/tr>\n<tr>\n<td>Empfohlener Akku<\/td>\n<td>AP 30<\/td>\n<\/tr>\n<tr>\n<td>Akkusystem<\/td>\n<td>AP<\/td>\n<\/tr>\n<tr>\n<td>Hubzahl<\/td>\n<td>3200 U\/min<\/td>\n<\/tr>\n<tr>\n<td>Ger\u00e4tegewicht ohne Akku<\/td>\n<td>6,6 kg<\/td>\n<\/tr>\n<tr>\n<td>Schnittl\u00e4nge<\/td>\n<td>60 cm<\/td>\n<\/tr>\n<tr>\n<td>Zahnabstand<\/td>\n<td>34 mm<\/td>\n<\/tr>\n<tr>\n<td>Laufzeit Akku AP 200<\/td>\n<td>59 min<\/td>\n<\/tr>\n<tr>\n<td>Maximale Laufzeit Akku AP 200<\/td>\n<td>74 min<\/td>\n<\/tr>\n<tr>\n<td>Minimale Laufzeit Akku AP 200 S<\/td>\n<td>59 min<\/td>\n<\/tr>\n<tr>\n<td>Maximale Laufzeit Akku AP 200 S<\/td>\n<td>74 min<\/td>\n<\/tr>\n<tr>\n<td>Minimale Laufzeit Akku AP 300<\/td>\n<td>72 min<\/td>\n<\/tr>\n<tr>\n<td>Maximale Laufzeit Akku AP 300<\/td>\n<td>90 min<\/td>\n<\/tr>\n<tr>\n<td>Minimale Laufzeit Akku AP 300 S<\/td>\n<td>90 min<\/td>\n<\/tr>\n<tr>\n<td>Maximale Laufzeit Akku AP 300 S<\/td>\n<td>112 min<\/td>\n<\/tr>\n<tr>\n<td>Minimale Laufzeit Akku AP 500 S<\/td>\n<td>106 min<\/td>\n<\/tr>\n<tr>\n<td>Maximale Laufzeit Akku AP 500 S<\/td>\n<td>132 min<\/td>\n<\/tr>\n<tr>\n<td>Minimale Laufzeit Akku AR 2000 L<\/td>\n<td>352 min<\/td>\n<\/tr>\n<tr>\n<td>Maximale Laufzeit Akku AR 2000 L<\/td>\n<td>440 min<\/td>\n<\/tr>\n<tr>\n<td>Minimale Laufzeit Akku AR 3000 L<\/td>\n<td>562 min<\/td>\n<\/tr>\n<tr>\n<td>Maximale Laufzeit Akku AR 3000 L<\/td>\n<td>702 min<\/td>\n<\/tr>\n<tr>\n<td>Minimale Ger\u00e4tl\u00e4nge mit Werkzeug<\/td>\n<td>207 cm<\/td>\n<\/tr>\n<tr>\n<td>Maximale Ger\u00e4tl\u00e4nge mit Werkzeug<\/td>\n<td>332 cm<\/td>\n<\/tr>\n<tr>\n<td>Schalldruckpegel<\/td>\n<td>84 dB(A)<\/td>\n<\/tr>\n<tr>\n<td>Schallleistungspegel<\/td>\n<td>96 dB(A)<\/td>\n<\/tr>\n<tr>\n<td>Vibrationswert links<\/td>\n<td>2,8 m\/s\u00b2<\/td>\n<\/tr>\n<tr>\n<td>Vibrationswert rechts<\/td>\n<td>2,8 m\/s\u00b2<\/td>\n<\/tr>\n<\/tbody>\n<\/table>\n","protected":false},"excerpt":{"rendered":"<p>Akku-Langschaft-Heckenschere STIHL HLA 150 B: mit Teleskopstange und integriertem Smart Connector f\u00fcr H\u00f6chstleistungen in der professionellen Heckenpflege. Die robuste Akku-Heckenschere<\/p>\n","protected":false},"featured_media":712098,"template":"","meta":{"_seopress_robots_primary_cat":"","_seopress_titles_title":"","_seopress_titles_desc":"","_seopress_robots_index":""},"product_brand":[3554],"product_cat":[169,1695,1629],"product_tag":[],"class_list":{"0":"post-712126","1":"product","2":"type-product","3":"status-publish","4":"has-post-thumbnail","6":"product_brand-stihl-de","7":"product_cat-maschinen","8":"product_cat-heckenscheren-und-astscheren","9":"product_cat-akku-heckenscheren-und-astscheren","10":"sws-gruppo-macchinari-de","11":"sws-conto-ricavi-merci-rivendita-macchinari-de","12":"sws-gruppo-iva-iva81-de","14":"first","15":"instock","16":"shipping-taxable","17":"purchasable","18":"product-type-simple"},"_links":{"self":[{"href":"https:\/\/lucacastelli.com\/de\/wp-json\/wp\/v2\/product\/712126","targetHints":{"allow":["GET"]}}],"collection":[{"href":"https:\/\/lucacastelli.com\/de\/wp-json\/wp\/v2\/product"}],"about":[{"href":"https:\/\/lucacastelli.com\/de\/wp-json\/wp\/v2\/types\/product"}],"wp:featuredmedia":[{"embeddable":true,"href":"https:\/\/lucacastelli.com\/de\/wp-json\/wp\/v2\/media\/712098"}],"wp:attachment":[{"href":"https:\/\/lucacastelli.com\/de\/wp-json\/wp\/v2\/media?parent=712126"}],"wp:term":[{"taxonomy":"product_brand","embeddable":true,"href":"https:\/\/lucacastelli.com\/de\/wp-json\/wp\/v2\/product_brand?post=712126"},{"taxonomy":"product_cat","embeddable":true,"href":"https:\/\/lucacastelli.com\/de\/wp-json\/wp\/v2\/product_cat?post=712126"},{"taxonomy":"product_tag","embeddable":true,"href":"https:\/\/lucacastelli.com\/de\/wp-json\/wp\/v2\/product_tag?post=712126"}],"curies":[{"name":"wp","href":"https:\/\/api.w.org\/{rel}","templated":true}]}}