{"id":711933,"date":"2026-02-04T17:51:42","date_gmt":"2026-02-04T16:51:42","guid":{"rendered":"https:\/\/lucacastelli.com\/prodotto\/stihl-hla-140-b-ap-system-heckenschere\/"},"modified":"2026-04-14T04:01:13","modified_gmt":"2026-04-14T02:01:13","slug":"stihl-hla-140-b-ap-system-heckenschere","status":"publish","type":"product","link":"https:\/\/lucacastelli.com\/de\/produkt\/stihl-hla-140-b-ap-system-heckenschere\/","title":{"rendered":"STIHL HLA 140 B \u2013 AP-System Heckenschere"},"content":{"rendered":"<p>Akku-Heckenschere HLA 140 B: leicht, leistungsstark und mit integriertem Smart Connector f\u00fcr den professionellen Einsatz in der Gr\u00fcnpflege und -wartung.<br \/>\nDie STIHL Akku-Heckenschere HLA 140 B aus dem STIHL AP-System ist die ideale L\u00f6sung f\u00fcr den professionellen Einsatz in der Gr\u00fcnpflege. Leicht, leistungsstark und leise erm\u00f6glicht sie das pr\u00e4zise Schneiden von hohen und langen Hecken, Str\u00e4uchern und Zierhecken auch in l\u00e4rmsensiblen Bereichen. <\/p>\n<p>Der leistungsstarke EC-Motor, die in 3 Stufen regulierbare Geschwindigkeit und die doppelseitig geschliffenen Universalmesser mit 600 mm sorgen f\u00fcr eine hohe Schnittleistung. Der bis zu 145\u00b0 verstellbare Schneidstab sorgt f\u00fcr maximale Flexibilit\u00e4t, w\u00e4hrend der integrierte Smart Connector die digitale Verwaltung der Ger\u00e4tedaten erm\u00f6glicht. <\/p>\n<p>&nbsp;<\/p>\n<p>&nbsp;<\/p>\n<table data-test-id=\"pdp-spec-tech-table\">\n<tbody>\n<tr>\n<td>Nennspannung<\/td>\n<td>36 V<\/td>\n<\/tr>\n<tr>\n<td>Max. Spannung<\/td>\n<td>40 V<\/td>\n<\/tr>\n<tr>\n<td>Leistungsaufnahme<\/td>\n<td>1 kW<\/td>\n<\/tr>\n<tr>\n<td>Leistung<\/td>\n<td>0,80 kW<\/td>\n<\/tr>\n<tr>\n<td>Empfohlener Akku<\/td>\n<td>AP 30<\/td>\n<\/tr>\n<tr>\n<td>Akkusystem<\/td>\n<td>AP<\/td>\n<\/tr>\n<tr>\n<td>Hubzahl<\/td>\n<td>3200 U\/min<\/td>\n<\/tr>\n<tr>\n<td>Gewicht des Ger\u00e4ts ohne Akku<\/td>\n<td>5,6 kg<\/td>\n<\/tr>\n<tr>\n<td>Schnittl\u00e4nge<\/td>\n<td>60 cm<\/td>\n<\/tr>\n<tr>\n<td>Zahnabstand<\/td>\n<td>34 mm<\/td>\n<\/tr>\n<tr>\n<td>Akkulaufzeit AP 200<\/td>\n<td>69 min<\/td>\n<\/tr>\n<tr>\n<td>Maximale Akkulaufzeit AP 200<\/td>\n<td>86 min<\/td>\n<\/tr>\n<tr>\n<td>Minimale Akkulaufzeit AP 200 S<\/td>\n<td>69 min<\/td>\n<\/tr>\n<tr>\n<td>Maximale Akkulaufzeit AP 200 S<\/td>\n<td>86 min<\/td>\n<\/tr>\n<tr>\n<td>Minimale Akkulaufzeit AP 300<\/td>\n<td>84 min<\/td>\n<\/tr>\n<tr>\n<td>Maximale Akkulaufzeit AP 300<\/td>\n<td>105 min<\/td>\n<\/tr>\n<tr>\n<td>Minimale Akkulaufzeit AP 300 S<\/td>\n<td>104 min<\/td>\n<\/tr>\n<tr>\n<td>Maximale Akkulaufzeit AP 300 S<\/td>\n<td>130 min<\/td>\n<\/tr>\n<tr>\n<td>Minimale Akkulaufzeit AP 500 S<\/td>\n<td>122 min<\/td>\n<\/tr>\n<tr>\n<td>Maximale Akkulaufzeit AP 500 S<\/td>\n<td>152 min<\/td>\n<\/tr>\n<tr>\n<td>Minimale Akkulaufzeit AR 2000 L<\/td>\n<td>403 min<\/td>\n<\/tr>\n<tr>\n<td>Maximale Akkulaufzeit AR 2000 L<\/td>\n<td>504 min<\/td>\n<\/tr>\n<tr>\n<td>Minimale Akkulaufzeit AR 3000 L<\/td>\n<td>610 min<\/td>\n<\/tr>\n<tr>\n<td>Maximale Akkulaufzeit AR 3000 L<\/td>\n<td>762 min<\/td>\n<\/tr>\n<tr>\n<td>Maximale Ger\u00e4tel\u00e4nge mit Werkzeugen<\/td>\n<td>245 cm<\/td>\n<\/tr>\n<tr>\n<td>Schalldruckpegel<\/td>\n<td>85 dB(A)<\/td>\n<\/tr>\n<tr>\n<td>Schallleistungspegel<\/td>\n<td>96 dB(A)<\/td>\n<\/tr>\n<tr>\n<td>Vibrationswert links<\/td>\n<td>3.3 m\/s\u00b2<\/td>\n<\/tr>\n<tr>\n<td>Vibrationswert rechts<\/td>\n<td>2.3 m\/s\u00b2<\/td>\n<\/tr>\n<\/tbody>\n<\/table>\n","protected":false},"excerpt":{"rendered":"<p>Akku-Heckenschere HLA 140 B: leicht, leistungsstark und mit integriertem Smart Connector f\u00fcr den professionellen Einsatz in der Gr\u00fcnpflege und -wartung.<\/p>\n","protected":false},"featured_media":711934,"template":"","meta":{"_seopress_robots_primary_cat":"none","_seopress_titles_title":"","_seopress_titles_desc":"","_seopress_robots_index":""},"product_brand":[3554],"product_cat":[1629,1695,169],"product_tag":[],"class_list":{"0":"post-711933","1":"product","2":"type-product","3":"status-publish","4":"has-post-thumbnail","6":"product_brand-stihl-de","7":"product_cat-akku-heckenscheren-und-astscheren","8":"product_cat-heckenscheren-und-astscheren","9":"product_cat-maschinen","10":"sws-gruppo-macchinari-de","11":"sws-conto-ricavi-merci-rivendita-macchinari-de","12":"sws-gruppo-iva-iva81-de","14":"first","15":"instock","16":"shipping-taxable","17":"purchasable","18":"product-type-simple"},"_links":{"self":[{"href":"https:\/\/lucacastelli.com\/de\/wp-json\/wp\/v2\/product\/711933","targetHints":{"allow":["GET"]}}],"collection":[{"href":"https:\/\/lucacastelli.com\/de\/wp-json\/wp\/v2\/product"}],"about":[{"href":"https:\/\/lucacastelli.com\/de\/wp-json\/wp\/v2\/types\/product"}],"wp:featuredmedia":[{"embeddable":true,"href":"https:\/\/lucacastelli.com\/de\/wp-json\/wp\/v2\/media\/711934"}],"wp:attachment":[{"href":"https:\/\/lucacastelli.com\/de\/wp-json\/wp\/v2\/media?parent=711933"}],"wp:term":[{"taxonomy":"product_brand","embeddable":true,"href":"https:\/\/lucacastelli.com\/de\/wp-json\/wp\/v2\/product_brand?post=711933"},{"taxonomy":"product_cat","embeddable":true,"href":"https:\/\/lucacastelli.com\/de\/wp-json\/wp\/v2\/product_cat?post=711933"},{"taxonomy":"product_tag","embeddable":true,"href":"https:\/\/lucacastelli.com\/de\/wp-json\/wp\/v2\/product_tag?post=711933"}],"curies":[{"name":"wp","href":"https:\/\/api.w.org\/{rel}","templated":true}]}}