{"id":711801,"date":"2026-03-04T00:01:34","date_gmt":"2026-03-03T23:01:34","guid":{"rendered":"https:\/\/lucacastelli.com\/prodotto\/stihl-fr-235-freischneider-mit-rueckentragegestell\/"},"modified":"2026-02-04T18:18:36","modified_gmt":"2026-02-04T17:18:36","slug":"stihl-fr-235-freischneider-mit-rueckentragegestell","status":"publish","type":"product","link":"https:\/\/lucacastelli.com\/de\/produkt\/stihl-fr-235-freischneider-mit-rueckentragegestell\/","title":{"rendered":"STIHL FR 235 Freischneider mit R\u00fcckentragegestell"},"content":{"rendered":"<p>Zum M\u00e4hen und Entfernen von Gestr\u00fcpp in unwegsamem Gel\u00e4nde<br \/>\nAusgezeichnete Schnittleistung. Zum M\u00e4hen und Entfernen von Gras und Gestr\u00fcpp. Robuste Bauweise und bew\u00e4hrtes Startverfahren. STIHL 1-Punkt-Antivibrationssystem, 2-MIX-Motor, automatische Dekompression, Multifunktionsgriff, Rundumgriff.   <\/p>\n<p>Mit AutoCut 27-2 M\u00e4hkopf<\/p>\n<p>&nbsp;<\/p>\n<table data-test-id=\"pdp-spec-tech-table\">\n<tbody>\n<tr>\n<td>Hubraum<\/td>\n<td>36,3 cm\u00b3<\/td>\n<\/tr>\n<tr>\n<td>Leistung<\/td>\n<td>1,50 kW<\/td>\n<\/tr>\n<tr>\n<td>Leistung<\/td>\n<td>2,10 PS<\/td>\n<\/tr>\n<tr>\n<td>CO2<\/td>\n<td>864 g\/kWh<\/td>\n<\/tr>\n<tr>\n<td>Gewicht ohne Kraftstoff<\/td>\n<td>10,3 kg <sup>1<!-- -->)<\/sup><\/td>\n<\/tr>\n<tr>\n<td>Schnittkreisdurchmesser<\/td>\n<td>420 mm<\/td>\n<\/tr>\n<tr>\n<td>Tankinhalt<\/td>\n<td>0,810 l<\/td>\n<\/tr>\n<tr>\n<td>Tankinhalt<\/td>\n<td>810 cm\u00b3<\/td>\n<\/tr>\n<tr>\n<td>Ger\u00e4tel\u00e4nge ohne Schneidwerkzeug<\/td>\n<td>275 cm<\/td>\n<\/tr>\n<tr>\n<td>Schalldruckpegel<\/td>\n<td>99 dB(A) <sup>2)<\/sup><\/td>\n<\/tr>\n<tr>\n<td>Schalldruckpegel<\/td>\n<td>99 dB(A) <sup>2)<\/sup><\/td>\n<\/tr>\n<tr>\n<td>Schallleistungspegel<\/td>\n<td>108 dB(A) <sup>2)<\/sup><\/td>\n<\/tr>\n<tr>\n<td>Schallleistungspegel<\/td>\n<td>108 dB(A) <sup>2)<\/sup><\/td>\n<\/tr>\n<tr>\n<td>Vibrationswert links mit der rechten Hand<\/td>\n<td>4,9 m\/s\u00b2 <sup>3)<\/sup><\/td>\n<\/tr>\n<tr>\n<td>Vibrationswert links mit der rechten Hand<\/td>\n<td>2,2 m\/s\u00b2 <sup>3)<\/sup><\/td>\n<\/tr>\n<tr>\n<td>Vibrationswert rechts mit der rechten Hand<\/td>\n<td>2,1 m\/s\u00b2 <sup>3)<\/sup><\/td>\n<\/tr>\n<tr>\n<td>Vibrationswert rechts mit der rechten Hand<\/td>\n<td>4,9 m\/s\u00b2 <sup>3)<\/sup><\/td>\n<\/tr>\n<\/tbody>\n<\/table>\n","protected":false},"excerpt":{"rendered":"<p>Zum M\u00e4hen und Entfernen von Gestr\u00fcpp in unwegsamem Gel\u00e4nde Ausgezeichnete Schnittleistung. Zum M\u00e4hen und Entfernen von Gras und Gestr\u00fcpp. Robuste<\/p>\n","protected":false},"featured_media":711802,"template":"","meta":{"_seopress_robots_primary_cat":"none","_seopress_titles_title":"","_seopress_titles_desc":"","_seopress_robots_index":""},"product_brand":[3554],"product_cat":[1581,169,1610],"product_tag":[],"class_list":{"0":"post-711801","1":"product","2":"type-product","3":"status-publish","4":"has-post-thumbnail","6":"product_brand-stihl-de","7":"product_cat-freischneider-und-trimmer","8":"product_cat-maschinen","9":"product_cat-motorsensen-und-trimmer","10":"sws-gruppo-macchinari-de","11":"sws-conto-ricavi-merci-rivendita-macchinari-de","12":"sws-gruppo-iva-iva81-de","14":"first","15":"instock","16":"shipping-taxable","17":"purchasable","18":"product-type-simple"},"_links":{"self":[{"href":"https:\/\/lucacastelli.com\/de\/wp-json\/wp\/v2\/product\/711801","targetHints":{"allow":["GET"]}}],"collection":[{"href":"https:\/\/lucacastelli.com\/de\/wp-json\/wp\/v2\/product"}],"about":[{"href":"https:\/\/lucacastelli.com\/de\/wp-json\/wp\/v2\/types\/product"}],"wp:featuredmedia":[{"embeddable":true,"href":"https:\/\/lucacastelli.com\/de\/wp-json\/wp\/v2\/media\/711802"}],"wp:attachment":[{"href":"https:\/\/lucacastelli.com\/de\/wp-json\/wp\/v2\/media?parent=711801"}],"wp:term":[{"taxonomy":"product_brand","embeddable":true,"href":"https:\/\/lucacastelli.com\/de\/wp-json\/wp\/v2\/product_brand?post=711801"},{"taxonomy":"product_cat","embeddable":true,"href":"https:\/\/lucacastelli.com\/de\/wp-json\/wp\/v2\/product_cat?post=711801"},{"taxonomy":"product_tag","embeddable":true,"href":"https:\/\/lucacastelli.com\/de\/wp-json\/wp\/v2\/product_tag?post=711801"}],"curies":[{"name":"wp","href":"https:\/\/api.w.org\/{rel}","templated":true}]}}