{"id":711797,"date":"2026-02-04T11:20:22","date_gmt":"2026-02-04T10:20:22","guid":{"rendered":"https:\/\/lucacastelli.com\/prodotto\/stihl-fr-480-c-e-rueckenfreischneider\/"},"modified":"2026-02-04T20:57:16","modified_gmt":"2026-02-04T19:57:16","slug":"stihl-fr-480-c-e-rueckenfreischneider","status":"publish","type":"product","link":"https:\/\/lucacastelli.com\/de\/produkt\/stihl-fr-480-c-e-rueckenfreischneider\/","title":{"rendered":"STIHL FR 480 C-E R\u00fcckenfreischneider"},"content":{"rendered":"<p>Leistung und Komfort f\u00fcr Profis<br \/>\nBei professionellen Arbeiten auf Hanglagen, in Weinbergen oder Obstplantagen zeigt der STIHL FR 480 C-E R\u00fcckenfreischneider seine volle Leistungsf\u00e4higkeit, insbesondere beim M\u00e4hen von Gras und Entfernen von Unkraut. Je nach Anwendung k\u00f6nnen verschiedene kompatible Schneidwerkzeuge verwendet werden. <\/p>\n<p>Damit Sie schnell und mit minimalem Aufwand mit der Arbeit beginnen k\u00f6nnen, erleichtert das STIHL ErgoStart System das Anlassen des STIHL FR 480 C-E Benzin-R\u00fcckenfreischneiders. Die Arbeit ist dank des Einhand-Multifunktionsgriffs, mit dem alle Motorfunktionen mit einer Hand gesteuert werden k\u00f6nnen, besonders komfortabel. Das gepolsterte Tragesystem des freischneiders FR 480 C-E f\u00f6rdert auch bei l\u00e4ngeren Arbeitszeiten ein ergonomisches und effizientes Arbeiten.  <\/p>\n<p>&nbsp;<\/p>\n<p>Mit AutoCut 36-2 M\u00e4hkopf<\/p>\n<p>&nbsp;<\/p>\n<p>&nbsp;<\/p>\n<table data-test-id=\"pdp-spec-tech-table\">\n<tbody>\n<tr>\n<td>Hubraum<\/td>\n<td>45.6 cm\u00b3<\/td>\n<\/tr>\n<tr>\n<td>Leistung<\/td>\n<td>2.20 kW<\/td>\n<\/tr>\n<tr>\n<td>Macht<\/td>\n<td>3 Lebenslauf<\/td>\n<\/tr>\n<tr>\n<td>CO2-Aussto\u00df<\/td>\n<td>800 g\/kWh<\/td>\n<\/tr>\n<tr>\n<td>Ger\u00e4tegewicht ohne Kraftstoff<\/td>\n<td>10.6 kg <sup>1<!-- -->)<\/sup><\/td>\n<\/tr>\n<tr>\n<td>Schneidkreisdurchmesser<\/td>\n<td>450 mm<\/td>\n<\/tr>\n<tr>\n<td>Tankinhalt<\/td>\n<td>0.750 l<\/td>\n<\/tr>\n<tr>\n<td>Tankinhalt<\/td>\n<td>750 cm\u00b3<\/td>\n<\/tr>\n<tr>\n<td>Ger\u00e4tel\u00e4nge ohne Schneidwerkzeug<\/td>\n<td>280 cm<\/td>\n<\/tr>\n<tr>\n<td>Schalldruckpegel<\/td>\n<td>101 dB(A) <sup>2)<\/sup><\/td>\n<\/tr>\n<tr>\n<td>Schalldruckpegel<\/td>\n<td>101 dB(A) <sup>2)<\/sup><\/td>\n<\/tr>\n<tr>\n<td>Schallleistungspegel<\/td>\n<td>110 dB(A) <sup>2)<\/sup><\/td>\n<\/tr>\n<tr>\n<td>Schallleistungspegel<\/td>\n<td>110 dB(A) <sup>2)<\/sup><\/td>\n<\/tr>\n<tr>\n<td>Vibrationswert links mit der rechten Hand<\/td>\n<td>3.7 m\/s\u00b2 <sup>3)<\/sup><\/td>\n<\/tr>\n<tr>\n<td>Vibrationswert links mit der rechten Hand<\/td>\n<td>3.3 m\/s\u00b2 <sup>3)<\/sup><\/td>\n<\/tr>\n<tr>\n<td>Vibrationswert rechts mit der rechten Hand<\/td>\n<td>2.7 m\/s\u00b2 <sup>3)<\/sup><\/td>\n<\/tr>\n<tr>\n<td>Vibrationswert rechts mit der rechten Hand<\/td>\n<td>2.6 m\/s\u00b2 <sup>3)<\/sup><\/td>\n<\/tr>\n<\/tbody>\n<\/table>\n","protected":false},"excerpt":{"rendered":"<p>Leistung und Komfort f\u00fcr Profis Bei professionellen Arbeiten auf Hanglagen, in Weinbergen oder Obstplantagen zeigt der STIHL FR 480 C-E<\/p>\n","protected":false},"featured_media":714578,"template":"","meta":{"_seopress_robots_primary_cat":"none","_seopress_titles_title":"","_seopress_titles_desc":"","_seopress_robots_index":""},"product_brand":[3554],"product_cat":[1581,169,1610],"product_tag":[],"class_list":{"0":"post-711797","1":"product","2":"type-product","3":"status-publish","4":"has-post-thumbnail","6":"product_brand-stihl-de","7":"product_cat-freischneider-und-trimmer","8":"product_cat-maschinen","9":"product_cat-motorsensen-und-trimmer","10":"sws-gruppo-macchinari-de","11":"sws-conto-ricavi-merci-rivendita-macchinari-de","12":"sws-gruppo-iva-iva81-de","14":"first","15":"instock","16":"shipping-taxable","17":"purchasable","18":"product-type-simple"},"_links":{"self":[{"href":"https:\/\/lucacastelli.com\/de\/wp-json\/wp\/v2\/product\/711797","targetHints":{"allow":["GET"]}}],"collection":[{"href":"https:\/\/lucacastelli.com\/de\/wp-json\/wp\/v2\/product"}],"about":[{"href":"https:\/\/lucacastelli.com\/de\/wp-json\/wp\/v2\/types\/product"}],"wp:featuredmedia":[{"embeddable":true,"href":"https:\/\/lucacastelli.com\/de\/wp-json\/wp\/v2\/media\/714578"}],"wp:attachment":[{"href":"https:\/\/lucacastelli.com\/de\/wp-json\/wp\/v2\/media?parent=711797"}],"wp:term":[{"taxonomy":"product_brand","embeddable":true,"href":"https:\/\/lucacastelli.com\/de\/wp-json\/wp\/v2\/product_brand?post=711797"},{"taxonomy":"product_cat","embeddable":true,"href":"https:\/\/lucacastelli.com\/de\/wp-json\/wp\/v2\/product_cat?post=711797"},{"taxonomy":"product_tag","embeddable":true,"href":"https:\/\/lucacastelli.com\/de\/wp-json\/wp\/v2\/product_tag?post=711797"}],"curies":[{"name":"wp","href":"https:\/\/api.w.org\/{rel}","templated":true}]}}