{"id":702944,"date":"2026-01-29T13:48:33","date_gmt":"2026-01-29T12:48:33","guid":{"rendered":"https:\/\/lucacastelli.com\/prodotto\/stihl-fsa-70-r-ak-system\/"},"modified":"2026-01-29T13:48:33","modified_gmt":"2026-01-29T12:48:33","slug":"stihl-fsa-70-r-ak-system","status":"publish","type":"product","link":"https:\/\/lucacastelli.com\/de\/produkt\/stihl-fsa-70-r-ak-system\/","title":{"rendered":"STIHL FSA 70 R \u2013 AK-System"},"content":{"rendered":"<p>F\u00fcr komfortable private Trimm- und M\u00e4harbeiten<br \/>\nDer STIHL Akku-Freischneider FSA 70 R aus dem STIHL AK-System \u00fcberzeugt durch die Kombination aus guter M\u00e4hleistung und geringem Gewicht f\u00fcr private Arbeiten im heimischen Garten, wie das M\u00e4hen von mittel hohem Gras, das Trimmen von Rasenkanten und Ausputzarbeiten. Besonderen Komfort bietet Ihnen der STIHL FSA 70 R durch das Rapid-Click-System. Mit diesem System entnehmen Sie den M\u00e4hkopf einfach und schnell per Knopfdruck. Mit Advanced EasySpool spulen Sie den M\u00e4hkopf zudem komfortabel von Hand mit neuem Faden auf.   <\/p>\n<p>Der b\u00fcrstenlose EC-Motor l\u00e4sst sich \u00fcber eine variable Drehzahlregulierung mit 2 Geschwindigkeitsstufen je nach Anwendung direkt am Bediengriff einstellen. W\u00e4hlen Sie eine geringere Drehzahl im ECO-Modus (Stufe 1) beispielsweise f\u00fcr einfachere Aufgaben wie das Trimmen von Rasenkanten. So haben Sie einen geringeren Energieverbrauch und k\u00f6nnen die Akku-Laufzeit verl\u00e4ngern. F\u00fcr anspruchsvollere Arbeiten, wie das M\u00e4hen von dichtem Gras, nutzen Sie die maximale Drehzahl, indem Sie einfach per Schiebeschalter auf Stufe 2 wechseln. Die Drehzahl passt sich automatisch an das montierte Schneidwerkzeug an und l\u00e4sst sich stufenlos regulieren. Zudem erm\u00f6glicht die intelligente Elektronik, dass der FSA 70 R unabh\u00e4ngig vom Ladezustand des Akkus konstant mit hoher Leistung arbeitet.     <\/p>\n<p>Die kompakte Bauweise des ausbalancierten STIHL FSA 70 R und der Rundumgriff mit Weichkomponente unterst\u00fctzen ein flexibles Arbeiten mit viel Bewegungsfreiheit, wenn Sie zwischen B\u00e4umen und Str\u00e4uchern und in anderen engen Bereichen m\u00e4hen. Zudem erm\u00f6glicht der werkzeuglos verstellbare Rundumgriff eine einfache Anpassung an Ihre K\u00f6rpergr\u00f6\u00dfe, sodass Sie stets eine ergonomische Arbeitshaltung haben. <\/p>\n<p>Der Akku-Freischneider FSA 70 R arbeitet so leise, dass Sie ihn ohne Geh\u00f6rschutz und auch in l\u00e4rmsensiblen Bereichen einsetzen k\u00f6nnen.<\/p>\n<p>Der STIHL FSA 70 R wird serienm\u00e4\u00dfig mit dem M\u00e4hkopf AutoCut C 12-2 geliefert, der sich werkzeuglos austauschen l\u00e4sst.<\/p>\n<p>&nbsp;<\/p>\n<table data-test-id=\"pdp-spec-tech-table\">\n<tbody>\n<tr>\n<td>Nennspannung<\/td>\n<td>36 V<\/td>\n<\/tr>\n<tr>\n<td>Maximale Spannung<\/td>\n<td>40 V<\/td>\n<\/tr>\n<tr>\n<td>Leistungsaufnahme<\/td>\n<td>1 kW<\/td>\n<\/tr>\n<tr>\n<td>Leistung<\/td>\n<td>0,80 kW<\/td>\n<\/tr>\n<tr>\n<td>Akkusystem<\/td>\n<td>AK<\/td>\n<\/tr>\n<tr>\n<td>Empfohlener Akku<\/td>\n<td>AK 20<\/td>\n<\/tr>\n<tr>\n<td>Ger\u00e4tegewicht ohne Akku<\/td>\n<td>3,2 kg<\/td>\n<\/tr>\n<tr>\n<td>Schnittkreisdurchmesser<\/td>\n<td>380 mm<\/td>\n<\/tr>\n<tr>\n<td>IP-Schutzart<\/td>\n<td>N\/A<\/td>\n<\/tr>\n<tr>\n<td>Minimale Akkulaufzeit AK 10 mit Fadenm\u00e4hkopf<\/td>\n<td>15 min<\/td>\n<\/tr>\n<tr>\n<td>Maximale Akkulaufzeit AK 10 mit Fadenm\u00e4hkopf<\/td>\n<td>30 min<\/td>\n<\/tr>\n<tr>\n<td>Minimale Akkulaufzeit AK 10 mit Kunststoffmesser<\/td>\n<td>30 min<\/td>\n<\/tr>\n<tr>\n<td>Maximale Akkulaufzeit AK 10 mit Kunststoffmesser<\/td>\n<td>60 min<\/td>\n<\/tr>\n<tr>\n<td>Minimale Akkulaufzeit AK 20 mit Fadenm\u00e4hkopf<\/td>\n<td>25 min<\/td>\n<\/tr>\n<tr>\n<td>Maximale Akkulaufzeit AK 20 mit Fadenm\u00e4hkopf<\/td>\n<td>45 min<\/td>\n<\/tr>\n<tr>\n<td>Minimale Akkulaufzeit AK 20 mit Kunststoffmesser<\/td>\n<td>50 min<\/td>\n<\/tr>\n<tr>\n<td>Maximale Akkulaufzeit AK 20 mit Kunststoffmesser<\/td>\n<td>90 min<\/td>\n<\/tr>\n<tr>\n<td>Minimale Akkulaufzeit AK 30 mit Fadenm\u00e4hkopf<\/td>\n<td>30 min<\/td>\n<\/tr>\n<tr>\n<td>Maximale Akkulaufzeit AK 30 mit Fadenm\u00e4hkopf<\/td>\n<td>55 min<\/td>\n<\/tr>\n<tr>\n<td>Minimale Akkulaufzeit AK 30 mit Kunststoffmesser<\/td>\n<td>60 min<\/td>\n<\/tr>\n<tr>\n<td>Maximale Akkulaufzeit AK 30 mit Kunststoffmesser<\/td>\n<td>110 min<\/td>\n<\/tr>\n<tr>\n<td>Minimale Akkulaufzeit AK 30 S mit Fadenm\u00e4hkopf<\/td>\n<td>30 min<\/td>\n<\/tr>\n<tr>\n<td>Maximale Akkulaufzeit AK 30 S mit Fadenm\u00e4hkopf<\/td>\n<td>55 min<\/td>\n<\/tr>\n<tr>\n<td>Minimale Akkulaufzeit AK 30 S mit Kunststoffmesser<\/td>\n<td>60 min<\/td>\n<\/tr>\n<tr>\n<td>Maximale Akkulaufzeit AK 30 S mit Kunststoffmesser<\/td>\n<td>110 min<\/td>\n<\/tr>\n<tr>\n<td>Maximale Fl\u00e4che pro Akkuladung AK 10<\/td>\n<td>100 m\u00b2<\/td>\n<\/tr>\n<tr>\n<td>Maximale Fl\u00e4che pro Akkuladung AK 20<\/td>\n<td>300 m\u00b2<\/td>\n<\/tr>\n<tr>\n<td>Max. Fl\u00e4che pro Akkuladung AK 30<\/td>\n<td>360 m\u00b2<\/td>\n<\/tr>\n<tr>\n<td>Maximale Fl\u00e4che pro Akkuladung AK 30 S<\/td>\n<td>360 m\u00b2<\/td>\n<\/tr>\n<tr>\n<td>Max. Rasenkante pro Akkuladung AK 10<\/td>\n<td>500 m<\/td>\n<\/tr>\n<tr>\n<td>Max. Rasenkante pro Akkuladung AK 20<\/td>\n<td>1500 m<\/td>\n<\/tr>\n<tr>\n<td>Max. Rasenkante pro Akkuladung AK 30<\/td>\n<td>1800 m<\/td>\n<\/tr>\n<tr>\n<td>Max. Rasenkante pro Akkuladung AK 30 S<\/td>\n<td>1800 m<\/td>\n<\/tr>\n<tr>\n<td>Ger\u00e4tel\u00e4nge ohne Schneidwerkzeug<\/td>\n<td>166 cm<\/td>\n<\/tr>\n<tr>\n<td>Schalldruckpegel<\/td>\n<td>76 dB(A)<\/td>\n<\/tr>\n<tr>\n<td>Schallleistungspegel<\/td>\n<td>91 dB(A)<\/td>\n<\/tr>\n<tr>\n<td>Vibrationswert links mit rechter Hand<\/td>\n<td>3,8 m\/s\u00b2<\/td>\n<\/tr>\n<tr>\n<td>Vibrationswert links mit rechter Hand<\/td>\n<td>4,9 m\/s\u00b2<\/td>\n<\/tr>\n<tr>\n<td>Vibrationswert rechts mit rechter Hand<\/td>\n<td>2 m\/s\u00b2<\/td>\n<\/tr>\n<tr>\n<td>Vibrationswert rechts mit rechter Hand<\/td>\n<td>2 m\/s\u00b2<\/td>\n<\/tr>\n<\/tbody>\n<\/table>\n","protected":false},"excerpt":{"rendered":"<p>F\u00fcr komfortable private Trimm- und M\u00e4harbeiten Der STIHL Akku-Freischneider FSA 70 R aus dem STIHL AK-System \u00fcberzeugt durch die Kombination<\/p>\n","protected":false},"featured_media":702594,"template":"","meta":{"_seopress_robots_primary_cat":"","_seopress_titles_title":"","_seopress_titles_desc":"","_seopress_robots_index":""},"product_brand":[3554],"product_cat":[1609,1581,169],"product_tag":[],"class_list":{"0":"post-702944","1":"product","2":"type-product","3":"status-publish","4":"has-post-thumbnail","6":"product_brand-stihl-de","7":"product_cat-akkubetriebene-freischneider-und-trimmer","8":"product_cat-freischneider-und-trimmer","9":"product_cat-maschinen","10":"sws-gruppo-macchinari-de","11":"sws-conto-ricavi-merci-rivendita-macchinari-de","12":"sws-gruppo-iva-iva81-de","14":"first","15":"instock","16":"shipping-taxable","17":"purchasable","18":"product-type-simple"},"_links":{"self":[{"href":"https:\/\/lucacastelli.com\/de\/wp-json\/wp\/v2\/product\/702944","targetHints":{"allow":["GET"]}}],"collection":[{"href":"https:\/\/lucacastelli.com\/de\/wp-json\/wp\/v2\/product"}],"about":[{"href":"https:\/\/lucacastelli.com\/de\/wp-json\/wp\/v2\/types\/product"}],"wp:featuredmedia":[{"embeddable":true,"href":"https:\/\/lucacastelli.com\/de\/wp-json\/wp\/v2\/media\/702594"}],"wp:attachment":[{"href":"https:\/\/lucacastelli.com\/de\/wp-json\/wp\/v2\/media?parent=702944"}],"wp:term":[{"taxonomy":"product_brand","embeddable":true,"href":"https:\/\/lucacastelli.com\/de\/wp-json\/wp\/v2\/product_brand?post=702944"},{"taxonomy":"product_cat","embeddable":true,"href":"https:\/\/lucacastelli.com\/de\/wp-json\/wp\/v2\/product_cat?post=702944"},{"taxonomy":"product_tag","embeddable":true,"href":"https:\/\/lucacastelli.com\/de\/wp-json\/wp\/v2\/product_tag?post=702944"}],"curies":[{"name":"wp","href":"https:\/\/api.w.org\/{rel}","templated":true}]}}