{"id":702919,"date":"2026-01-29T16:07:40","date_gmt":"2026-01-29T15:07:40","guid":{"rendered":"https:\/\/lucacastelli.com\/prodotto\/stihl-hexa-feile-%e2%8c%80-52-mm-laenge-200-mm\/"},"modified":"2026-01-29T16:16:51","modified_gmt":"2026-01-29T15:16:51","slug":"stihl-hexa-feile-%e2%8c%80-52-mm-laenge-200-mm","status":"publish","type":"product","link":"https:\/\/lucacastelli.com\/de\/produkt\/stihl-hexa-feile-%e2%8c%80-52-mm-laenge-200-mm\/","title":{"rendered":"STIHL HEXA Feile \u2300 5,2 mm, L\u00e4nge 200 mm"},"content":{"rendered":"<p>HEXA Feile<\/p>\n<p>Die HEXA Feile ist die erste 6-Kant-Feile auf dem Markt. Exklusiv von STIHL erm\u00f6glicht ihre innovative Form die Einhaltung eines Winkels von 25\u00b0 beim Sch\u00e4rfen, wodurch ein schnelleres und pr\u00e4ziseres Arbeiten sowie eine h\u00f6here Schnittleistung gew\u00e4hrleistet werden. Sie ist f\u00fcr Rapid HEXA S\u00e4geketten mit 3\/8&#8221; geeignet und ideal f\u00fcr Forstprofis oder f\u00fcr F\u00e4ll- und Entastungsarbeiten.<br \/>\nVereinfachtes Sch\u00e4rfen: Es ist nicht mehr notwendig, das Handgelenk wie bei einer herk\u00f6mmlichen Rundfeile zu drehen: Das Sch\u00e4rfen erfolgt nur durch Druck. Die Markierung auf der Oberseite der Feile erm\u00f6glicht die korrekte Positionierung auf der Kette.<br \/>\nLanglebiger: Eine Feile erm\u00f6glicht das Sch\u00e4rfen von 2 Ketten.<br \/>\nAbmessungen: 200 x 5,2 mm. Holzgriff als Zubeh\u00f6r erh\u00e4ltlich.   <\/p>\n<p>Teilung: \u215c&#8221; Hexa, .325&#8243; Hexa<\/p>\n","protected":false},"excerpt":{"rendered":"<p>HEXA Feile Die HEXA Feile ist die erste 6-Kant-Feile auf dem Markt. Exklusiv von STIHL erm\u00f6glicht ihre innovative Form die<\/p>\n","protected":false},"featured_media":702858,"template":"","meta":{"_seopress_robots_primary_cat":"none","_seopress_titles_title":"","_seopress_titles_desc":"","_seopress_robots_index":""},"product_brand":[3554],"product_cat":[169,1612,1614],"product_tag":[],"class_list":{"0":"post-702919","1":"product","2":"type-product","3":"status-publish","4":"has-post-thumbnail","6":"product_brand-stihl-de","7":"product_cat-maschinen","8":"product_cat-kettensagen","9":"product_cat-ketten-und-haspeln","10":"sws-gruppo-macchinari-de","11":"sws-conto-ricavi-merci-rivendita-macchinari-de","12":"sws-gruppo-iva-iva81-de","14":"first","15":"instock","16":"shipping-taxable","17":"purchasable","18":"product-type-simple"},"_links":{"self":[{"href":"https:\/\/lucacastelli.com\/de\/wp-json\/wp\/v2\/product\/702919","targetHints":{"allow":["GET"]}}],"collection":[{"href":"https:\/\/lucacastelli.com\/de\/wp-json\/wp\/v2\/product"}],"about":[{"href":"https:\/\/lucacastelli.com\/de\/wp-json\/wp\/v2\/types\/product"}],"wp:featuredmedia":[{"embeddable":true,"href":"https:\/\/lucacastelli.com\/de\/wp-json\/wp\/v2\/media\/702858"}],"wp:attachment":[{"href":"https:\/\/lucacastelli.com\/de\/wp-json\/wp\/v2\/media?parent=702919"}],"wp:term":[{"taxonomy":"product_brand","embeddable":true,"href":"https:\/\/lucacastelli.com\/de\/wp-json\/wp\/v2\/product_brand?post=702919"},{"taxonomy":"product_cat","embeddable":true,"href":"https:\/\/lucacastelli.com\/de\/wp-json\/wp\/v2\/product_cat?post=702919"},{"taxonomy":"product_tag","embeddable":true,"href":"https:\/\/lucacastelli.com\/de\/wp-json\/wp\/v2\/product_tag?post=702919"}],"curies":[{"name":"wp","href":"https:\/\/api.w.org\/{rel}","templated":true}]}}