{"id":702914,"date":"2026-01-29T13:56:40","date_gmt":"2026-01-29T12:56:40","guid":{"rendered":"https:\/\/lucacastelli.com\/prodotto\/stihl-fs-set-advance-x-flex\/"},"modified":"2026-01-29T13:56:40","modified_gmt":"2026-01-29T12:56:40","slug":"stihl-fs-set-advance-x-flex","status":"publish","type":"product","link":"https:\/\/lucacastelli.com\/de\/produkt\/stihl-fs-set-advance-x-flex\/","title":{"rendered":"STIHL FS Set ADVANCE X-Flex"},"content":{"rendered":"<p>FS Set ADVANCE X-Flex: f\u00fcr mehr Komfort bei der professionellen Nutzung von Motorsensen<\/p>\n<p>Das FS Set ADVANCE X-Flex stattet Forst- und Landschaftsbauprofis mit 2 vielseitigen und komfortablen Gurten aus dem STIHL ADVANCE X-Flex Baukastensystem f\u00fcr mehr Komfort bei der Verwendung von Motorsensen und Freischneidern aus:<br \/>\nSTIHL ADVANCE X-Flex G\u00fcrtel in Gr\u00f6\u00dfe M<br \/>\nFS ADVANCE X-Flex Gurt in Gr\u00f6\u00dfe L<br \/>\nDank seines hohen Grades an Individualisierung macht der STIHL ADVANCE X-Flex G\u00fcrtel die Verwendung von STIHL Motorsensen und Freischneidern besonders komfortabel und vielseitig. Der G\u00fcrtel ist das zentrale Element, an dem Sie den FS-Gurt mit Hilfe von \u00d6sen und einem Einsatz befestigen und das Sie mit zus\u00e4tzlichen Taschen und Halterungen ausstatten k\u00f6nnen.<br \/>\nZu diesen optionalen Taschen und Halterungen geh\u00f6ren beispielsweise die STIHL ADVANCE X-Flex Universaltasche f\u00fcr M\u00e4hf\u00e4den oder Getr\u00e4nke oder die STIHL Tasche f\u00fcr den Transport von ADVANCE X-Flex Akkus, wenn Sie mit einer Akku-Motorsense arbeiten und einen Ersatzakku griffbereit haben m\u00f6chten. Sie k\u00f6nnen diese einfach mit den robusten STIHL Befestigungsclips des von STIHL entwickelten Clip-Systems an der Aufh\u00e4ngeschiene befestigen. Alle verf\u00fcgbaren Taschen und Halterungen finden Sie auf den Seiten des STIHL ADVANCE X-Flex Baukastensystems.<br \/>\nDer STIHL FS ADVANCE X-Flex G\u00fcrtel erleichtert die Arbeit mit Motorsensen und Freischneidern. Eine komfortable Seitenpolsterung gleicht das Gewicht Ihres STIHL Ger\u00e4ts aus und erleichtert so die Handhabung. Die elastische R\u00fcckenplatte und der h\u00f6henverstellbare Brustgurt bieten zudem mehr Komfort bei der Arbeit. Wie gewohnt h\u00e4ngen Sie die Motorsense oder den Freischneider mit dem Komfort-Haken an der Seitenpolsterung ein.<br \/>\nSowohl der G\u00fcrtel als auch der FS-Gurt sind mit einem gro\u00dfen orangefarbenen Teil und reflektierenden Elementen f\u00fcr eine gute Sichtbarkeit ausgestattet.      <\/p>\n","protected":false},"excerpt":{"rendered":"<p>FS Set ADVANCE X-Flex: f\u00fcr mehr Komfort bei der professionellen Nutzung von Motorsensen Das FS Set ADVANCE X-Flex stattet Forst-<\/p>\n","protected":false},"featured_media":702627,"template":"","meta":{"_seopress_robots_primary_cat":"","_seopress_titles_title":"","_seopress_titles_desc":"","_seopress_robots_index":""},"product_brand":[3554],"product_cat":[1609,1581,169,1610,1582],"product_tag":[],"class_list":{"0":"post-702914","1":"product","2":"type-product","3":"status-publish","4":"has-post-thumbnail","6":"product_brand-stihl-de","7":"product_cat-akkubetriebene-freischneider-und-trimmer","8":"product_cat-freischneider-und-trimmer","9":"product_cat-maschinen","10":"product_cat-motorsensen-und-trimmer","11":"product_cat-zubehor-und-verbrauchsmaterial-de-3","12":"sws-gruppo-macchinari-de","13":"sws-conto-ricavi-merci-rivendita-macchinari-de","14":"sws-gruppo-iva-iva81-de","16":"first","17":"instock","18":"shipping-taxable","19":"purchasable","20":"product-type-simple"},"_links":{"self":[{"href":"https:\/\/lucacastelli.com\/de\/wp-json\/wp\/v2\/product\/702914","targetHints":{"allow":["GET"]}}],"collection":[{"href":"https:\/\/lucacastelli.com\/de\/wp-json\/wp\/v2\/product"}],"about":[{"href":"https:\/\/lucacastelli.com\/de\/wp-json\/wp\/v2\/types\/product"}],"wp:featuredmedia":[{"embeddable":true,"href":"https:\/\/lucacastelli.com\/de\/wp-json\/wp\/v2\/media\/702627"}],"wp:attachment":[{"href":"https:\/\/lucacastelli.com\/de\/wp-json\/wp\/v2\/media?parent=702914"}],"wp:term":[{"taxonomy":"product_brand","embeddable":true,"href":"https:\/\/lucacastelli.com\/de\/wp-json\/wp\/v2\/product_brand?post=702914"},{"taxonomy":"product_cat","embeddable":true,"href":"https:\/\/lucacastelli.com\/de\/wp-json\/wp\/v2\/product_cat?post=702914"},{"taxonomy":"product_tag","embeddable":true,"href":"https:\/\/lucacastelli.com\/de\/wp-json\/wp\/v2\/product_tag?post=702914"}],"curies":[{"name":"wp","href":"https:\/\/api.w.org\/{rel}","templated":true}]}}