{"id":702381,"date":"2026-01-29T11:04:53","date_gmt":"2026-01-29T10:04:53","guid":{"rendered":"https:\/\/lucacastelli.com\/prodotto\/stihl-rucksack-tragesystem-rts\/"},"modified":"2026-01-29T11:04:53","modified_gmt":"2026-01-29T10:04:53","slug":"stihl-rucksack-tragesystem-rts","status":"publish","type":"product","link":"https:\/\/lucacastelli.com\/de\/produkt\/stihl-rucksack-tragesystem-rts\/","title":{"rendered":"STIHL Rucksack-Tragesystem RTS"},"content":{"rendered":"<p>Spezial-Tragegurt f\u00fcr HT und HL<br \/>\nDank der H\u00f6henverstellung des Einh\u00e4ngepunktes erm\u00f6glicht der komfortable und an die K\u00f6rpergr\u00f6\u00dfe anpassbare Arm-Tragegurt RTS-HT ein weniger erm\u00fcdendes und ergonomisches Arbeiten, insbesondere bei l\u00e4ngeren Eins\u00e4tzen. Bei korrekter Befestigung erleichtert dieser Tragegurt den Transport des Ger\u00e4ts zum n\u00e4chsten Arbeitsbereich. Au\u00dfer HL K-Versionen. Die Verwendung mit einem HT-KM oder einem HL-KM erfordert einen optionalen Karabiner (4249-710-6900).  <\/p>\n","protected":false},"excerpt":{"rendered":"<p>Spezial-Tragegurt f\u00fcr HT und HL Dank der H\u00f6henverstellung des Einh\u00e4ngepunktes erm\u00f6glicht der komfortable und an die K\u00f6rpergr\u00f6\u00dfe anpassbare Arm-Tragegurt RTS-HT<\/p>\n","protected":false},"featured_media":702194,"template":"","meta":{"_seopress_robots_primary_cat":"","_seopress_titles_title":"","_seopress_titles_desc":"","_seopress_robots_index":""},"product_brand":[3554],"product_cat":[169,1639,1640,1695,1629,1630,1631],"product_tag":[],"class_list":{"0":"post-702381","1":"product","2":"type-product","3":"status-publish","4":"has-post-thumbnail","6":"product_brand-stihl-de","7":"product_cat-maschinen","8":"product_cat-kombi-und-multi-systeme","9":"product_cat-zubehor-und-verbrauchsmaterial-de-5","10":"product_cat-heckenscheren-und-astscheren","11":"product_cat-akku-heckenscheren-und-astscheren","12":"product_cat-heckenscheren-und-motorscheren","13":"product_cat-elektrische-heckenscheren-und-astscheren","14":"sws-gruppo-macchinari-de","15":"sws-conto-ricavi-merci-rivendita-macchinari-de","16":"sws-gruppo-iva-iva81-de","18":"first","19":"instock","20":"sale","21":"shipping-taxable","22":"purchasable","23":"product-type-simple"},"_links":{"self":[{"href":"https:\/\/lucacastelli.com\/de\/wp-json\/wp\/v2\/product\/702381","targetHints":{"allow":["GET"]}}],"collection":[{"href":"https:\/\/lucacastelli.com\/de\/wp-json\/wp\/v2\/product"}],"about":[{"href":"https:\/\/lucacastelli.com\/de\/wp-json\/wp\/v2\/types\/product"}],"wp:featuredmedia":[{"embeddable":true,"href":"https:\/\/lucacastelli.com\/de\/wp-json\/wp\/v2\/media\/702194"}],"wp:attachment":[{"href":"https:\/\/lucacastelli.com\/de\/wp-json\/wp\/v2\/media?parent=702381"}],"wp:term":[{"taxonomy":"product_brand","embeddable":true,"href":"https:\/\/lucacastelli.com\/de\/wp-json\/wp\/v2\/product_brand?post=702381"},{"taxonomy":"product_cat","embeddable":true,"href":"https:\/\/lucacastelli.com\/de\/wp-json\/wp\/v2\/product_cat?post=702381"},{"taxonomy":"product_tag","embeddable":true,"href":"https:\/\/lucacastelli.com\/de\/wp-json\/wp\/v2\/product_tag?post=702381"}],"curies":[{"name":"wp","href":"https:\/\/api.w.org\/{rel}","templated":true}]}}