{"id":702376,"date":"2026-01-29T11:48:44","date_gmt":"2026-01-29T10:48:44","guid":{"rendered":"https:\/\/lucacastelli.com\/prodotto\/stihl-set-advance-x-treem-ht\/"},"modified":"2026-01-29T11:48:44","modified_gmt":"2026-01-29T10:48:44","slug":"stihl-set-advance-x-treem-ht","status":"publish","type":"product","link":"https:\/\/lucacastelli.com\/de\/produkt\/stihl-set-advance-x-treem-ht\/","title":{"rendered":"STIHL Set ADVANCE X-TREEm HT"},"content":{"rendered":"<p>F\u00fcr den l\u00e4ngeren Einsatz in der Baumpflege und in Forstarbeiten. Besonders ergonomische und komfortable Ausf\u00fchrung. Zur Verwendung mit dem Akku-Hochentaster STIHL HTA 150.  <\/p>\n<p>Mit dem STIHL Gurtsystem ADVANCE X-TREEm HT steht Ihnen ein sehr praktisches Gurtsystem f\u00fcr alle Ihre professionellen und langen Arbeiten mit dem Akku-Hochentaster STIHL HTA 150 zur Verf\u00fcgung. Mit dem in diesem Set enthaltenen flexiblen STIHL HT-Gurt k\u00f6nnen Sie den Akku-Hochentaster STIHL einfach am Forstgurt ADVANCE X-TREEm HT befestigen. Die optimierte Ergonomie des Gurtes schont Ihre Muskeln und Gelenke und bietet Ihnen gleichzeitig viel Bewegungsfreiheit, ideal f\u00fcr den sicheren Einsatz des Hochentasters.  <\/p>\n<p>Die in drei Stufen verstellbare R\u00fcckenl\u00e4nge, der ebenfalls l\u00e4ngenverstellbare, doppelt gepolsterte Schultergurt des Forstgurtes ADVANCE X-TREEm HT sowie der serienm\u00e4\u00dfig mitgelieferte STIHL ADVANCE X-Flex Bauchgurt sorgen f\u00fcr eine gleichm\u00e4\u00dfige Gewichtsverteilung auf H\u00fcfte und Schultern.<\/p>\n<p>Der ADVANCE X-Flex Bauchgurt ist in 3 Gr\u00f6\u00dfen erh\u00e4ltlich: Gr\u00f6\u00dfe S (von 78 cm bis 127 cm), Gr\u00f6\u00dfe M (von 89 cm bis 143 cm) und Gr\u00f6\u00dfe L (von 98 cm bis 177 cm).<\/p>\n<p>Das Kit beinhaltet:<\/p>\n<p>1 x X-TREEm HT-Gurt<br \/>\n1 x flexibler HT-Gurt<br \/>\n1 x ADVANCE X-FLEX-G\u00fcrtel<br \/>\n1 x hinterer Handgriff<\/p>\n","protected":false},"excerpt":{"rendered":"<p>F\u00fcr den l\u00e4ngeren Einsatz in der Baumpflege und in Forstarbeiten. Besonders ergonomische und komfortable Ausf\u00fchrung. Zur Verwendung mit dem Akku-Hochentaster<\/p>\n","protected":false},"featured_media":702295,"template":"","meta":{"_seopress_robots_primary_cat":"","_seopress_titles_title":"","_seopress_titles_desc":"","_seopress_robots_index":""},"product_brand":[3554],"product_cat":[1629,1631,1695,1630,169],"product_tag":[],"class_list":{"0":"post-702376","1":"product","2":"type-product","3":"status-publish","4":"has-post-thumbnail","6":"product_brand-stihl-de","7":"product_cat-akku-heckenscheren-und-astscheren","8":"product_cat-elektrische-heckenscheren-und-astscheren","9":"product_cat-heckenscheren-und-astscheren","10":"product_cat-heckenscheren-und-motorscheren","11":"product_cat-maschinen","12":"sws-gruppo-macchinari-de","13":"sws-conto-ricavi-merci-rivendita-macchinari-de","14":"sws-gruppo-iva-iva81-de","16":"first","17":"instock","18":"shipping-taxable","19":"purchasable","20":"product-type-variable"},"_links":{"self":[{"href":"https:\/\/lucacastelli.com\/de\/wp-json\/wp\/v2\/product\/702376","targetHints":{"allow":["GET"]}}],"collection":[{"href":"https:\/\/lucacastelli.com\/de\/wp-json\/wp\/v2\/product"}],"about":[{"href":"https:\/\/lucacastelli.com\/de\/wp-json\/wp\/v2\/types\/product"}],"wp:featuredmedia":[{"embeddable":true,"href":"https:\/\/lucacastelli.com\/de\/wp-json\/wp\/v2\/media\/702295"}],"wp:attachment":[{"href":"https:\/\/lucacastelli.com\/de\/wp-json\/wp\/v2\/media?parent=702376"}],"wp:term":[{"taxonomy":"product_brand","embeddable":true,"href":"https:\/\/lucacastelli.com\/de\/wp-json\/wp\/v2\/product_brand?post=702376"},{"taxonomy":"product_cat","embeddable":true,"href":"https:\/\/lucacastelli.com\/de\/wp-json\/wp\/v2\/product_cat?post=702376"},{"taxonomy":"product_tag","embeddable":true,"href":"https:\/\/lucacastelli.com\/de\/wp-json\/wp\/v2\/product_tag?post=702376"}],"curies":[{"name":"wp","href":"https:\/\/api.w.org\/{rel}","templated":true}]}}