{"id":701899,"date":"2026-01-29T07:49:36","date_gmt":"2026-01-29T06:49:36","guid":{"rendered":"https:\/\/lucacastelli.com\/prodotto\/stihl-fsa-250-ap-system-freischneider\/"},"modified":"2026-01-29T07:49:36","modified_gmt":"2026-01-29T06:49:36","slug":"stihl-fsa-250-ap-system-freischneider","status":"publish","type":"product","link":"https:\/\/lucacastelli.com\/de\/produkt\/stihl-fsa-250-ap-system-freischneider\/","title":{"rendered":"STIHL FSA 250 \u2013 AP-System Freischneider"},"content":{"rendered":"<p>Akku-Freischneider FSA 250: leistungsstark f\u00fcr professionelle Arbeiten in der Landschaftspflege.<br \/>\nDer leistungsstarke STIHL Akku-Freischneider FSA 250, Teil des AP-Systems, ist ideal f\u00fcr Profis im Gr\u00fcnen, Kommunen und die Pflege von jungen Pflanzen. Er garantiert hohe Leistung beim Schneiden von hohem Gras, Str\u00e4uchern und kleinen B\u00e4umen und vereint Ergonomie, schnelles Arbeiten und hohen Bedienkomfort. <\/p>\n<p>Mit einem Schnittkreisdurchmesser von bis zu 480 mm und einem effizienten EC-Motor bietet er eine produktive Gr\u00fcnpflege. Er ist leicht, gut ausbalanciert und mit einem werkzeuglos verstellbaren Zweihandgriff und einer 3-stufigen Geschwindigkeitsregelung mit Eco-Modus ausgestattet. Die robuste Bauweise umfasst eine Motorwelle aus Stahl, ein Schutzrohr aus Aluminium und einen leicht zu reinigenden Metall-Luftfilter. Das Geh\u00e4use ist f\u00fcr den STIHL Smart Connector 2 A vorbereitet.   <\/p>\n<p>Neben dem serienm\u00e4\u00dfigen BrushCut 300-3 kann er mit verschiedenen optionalen Schneidwerkzeugen wie den M\u00e4hk\u00f6pfen AutoCut 46-2 und PolyCut 48-2 verwendet werden. Der FSA 250 verf\u00fcgt \u00fcber einen IPX4-zertifizierten Spritzwasserschutz, der sich auch unter schwierigen Wetterbedingungen f\u00fcr den professionellen Einsatz eignet. <\/p>\n<p>&nbsp;<\/p>\n<p>&nbsp;<\/p>\n<table data-test-id=\"pdp-spec-tech-table\">\n<tbody>\n<tr>\n<td>Nennspannung<\/td>\n<td>36 V<\/td>\n<\/tr>\n<tr>\n<td>Maximale Spannung<\/td>\n<td>40 V<\/td>\n<\/tr>\n<tr>\n<td>Leistungsaufnahme<\/td>\n<td>2 kW<\/td>\n<\/tr>\n<tr>\n<td>Leistung<\/td>\n<td>1,60 kW<\/td>\n<\/tr>\n<tr>\n<td>Akkusystem<\/td>\n<td>AP<\/td>\n<\/tr>\n<tr>\n<td>Empfohlener Akku<\/td>\n<td>AP 500 S<\/td>\n<\/tr>\n<tr>\n<td>Gewicht des Ger\u00e4ts ohne Akku<\/td>\n<td>5,6 kg<\/td>\n<\/tr>\n<tr>\n<td>Schnittkreisdurchmesser<\/td>\n<td>480 mm<\/td>\n<\/tr>\n<tr>\n<td>Maximale Akkulaufzeit AP 200 mit Kunststoffmesser<\/td>\n<td>36 min<\/td>\n<\/tr>\n<tr>\n<td>Minimale Akkulaufzeit AP 200 S mit Fadenm\u00e4hkopf<\/td>\n<td>10 min<\/td>\n<\/tr>\n<tr>\n<td>Maximale Akkulaufzeit AP 200 S mit Fadenm\u00e4hkopf<\/td>\n<td>17 min<\/td>\n<\/tr>\n<tr>\n<td>Minimale Akkulaufzeit AP 200 S mit Metallwerkzeug<\/td>\n<td>14 min<\/td>\n<\/tr>\n<tr>\n<td>Maximale Akkulaufzeit AP 200 S mit Metallwerkzeug<\/td>\n<td>30 min<\/td>\n<\/tr>\n<tr>\n<td>Minimale Akkulaufzeit AP 300 mit Fadenm\u00e4hkopf<\/td>\n<td>12 min<\/td>\n<\/tr>\n<tr>\n<td>Maximale Akkulaufzeit AP 300 mit Fadenm\u00e4hkopf<\/td>\n<td>22 min<\/td>\n<\/tr>\n<tr>\n<td>Minimale Akkulaufzeit AP 300 mit Kunststoffmesser<\/td>\n<td>20 min<\/td>\n<\/tr>\n<tr>\n<td>Maximale Akkulaufzeit AP 300 mit Kunststoffmesser<\/td>\n<td>45 min<\/td>\n<\/tr>\n<tr>\n<td>Minimale Akkulaufzeit AP 300 mit Metallwerkzeug<\/td>\n<td>17 min<\/td>\n<\/tr>\n<tr>\n<td>Maximale Akkulaufzeit AP 300 mit Metallwerkzeug<\/td>\n<td>38 min<\/td>\n<\/tr>\n<tr>\n<td>Minimale Akkulaufzeit AP 300 S mit Fadenm\u00e4hkopf<\/td>\n<td>15 min<\/td>\n<\/tr>\n<tr>\n<td>Maximale Akkulaufzeit AP 300 S mit Fadenm\u00e4hkopf<\/td>\n<td>27 min<\/td>\n<\/tr>\n<tr>\n<td>Minimale Akkulaufzeit AP 300 S mit Kunststoffmesser<\/td>\n<td>26 min<\/td>\n<\/tr>\n<tr>\n<td>Maximale Akkulaufzeit AP 300 S mit Kunststoffmesser<\/td>\n<td>55 min<\/td>\n<\/tr>\n<tr>\n<td>Minimale Akkulaufzeit AP 300 S mit Metallwerkzeug<\/td>\n<td>21 min<\/td>\n<\/tr>\n<tr>\n<td>Maximale Akkulaufzeit AP 300 S mit Metallwerkzeug<\/td>\n<td>47 min<\/td>\n<\/tr>\n<tr>\n<td>Minimale Akkulaufzeit AP 500 S mit Fadenm\u00e4hkopf<\/td>\n<td>18 min<\/td>\n<\/tr>\n<tr>\n<td>Maximale Akkulaufzeit AP 500 S mit Fadenm\u00e4hkopf<\/td>\n<td>32 min<\/td>\n<\/tr>\n<tr>\n<td>Minimale Akkulaufzeit AP 500 S mit Kunststoffmesser<\/td>\n<td>30 min<\/td>\n<\/tr>\n<tr>\n<td>Maximale Akkulaufzeit AP 500 S mit Kunststoffmesser<\/td>\n<td>65 min<\/td>\n<\/tr>\n<tr>\n<td>Minimale Akkulaufzeit AP 500 S mit Metallwerkzeug<\/td>\n<td>25 min<\/td>\n<\/tr>\n<tr>\n<td>Maximale Akkulaufzeit AP 500 S mit Metallwerkzeug<\/td>\n<td>55 min<\/td>\n<\/tr>\n<tr>\n<td>Minimale Akkulaufzeit AR 2000 L mit Fadenm\u00e4hkopf<\/td>\n<td>85 min<\/td>\n<\/tr>\n<tr>\n<td>Maximale Akkulaufzeit AR 2000 L mit Fadenm\u00e4hkopf<\/td>\n<td>150 min<\/td>\n<\/tr>\n<tr>\n<td>Maximale Akkulaufzeit AR 2000 L mit Kunststoffmesser<\/td>\n<td>210 min<\/td>\n<\/tr>\n<tr>\n<td>Minimale Akkulaufzeit AR 2000 L mit Metallwerkzeug<\/td>\n<td>80 min<\/td>\n<\/tr>\n<tr>\n<td>Maximale Akkulaufzeit AR 2000 L mit Metallwerkzeug<\/td>\n<td>170 min<\/td>\n<\/tr>\n<tr>\n<td>Minimale Akkulaufzeit AR 3000 L mit Fadenm\u00e4hkopf<\/td>\n<td>85 min<\/td>\n<\/tr>\n<tr>\n<td>Maximale Akkulaufzeit AR 3000 L mit Fadenm\u00e4hkopf<\/td>\n<td>150 min<\/td>\n<\/tr>\n<tr>\n<td>Maximale Akkulaufzeit AR 3000 L mit Kunststoffmesser<\/td>\n<td>300 min<\/td>\n<\/tr>\n<tr>\n<td>Minimale Akkulaufzeit AR 3000 L mit Metallwerkzeug<\/td>\n<td>120 min<\/td>\n<\/tr>\n<tr>\n<td>Maximale Akkulaufzeit AR 3000 L mit Metallwerkzeug<\/td>\n<td>250 min<\/td>\n<\/tr>\n<tr>\n<td>L\u00e4nge des Ger\u00e4ts ohne Schneidwerkzeug<\/td>\n<td>179 cm<\/td>\n<\/tr>\n<tr>\n<td>Schalldruckpegel<\/td>\n<td>82 dB(A)<\/td>\n<\/tr>\n<tr>\n<td>Schallleistungspegel<\/td>\n<td>94 dB(A)<\/td>\n<\/tr>\n<tr>\n<td>Vibrationswert links mit der rechten Hand<\/td>\n<td>3,3 m\/s\u00b2<\/td>\n<\/tr>\n<tr>\n<td>Vibrationswert links mit der rechten Hand<\/td>\n<td>4 m\/s\u00b2<\/td>\n<\/tr>\n<tr>\n<td>Vibrationswert rechts mit der rechten Hand<\/td>\n<td>3,2 m\/s\u00b2<\/td>\n<\/tr>\n<tr>\n<td>Vibrationswert rechts mit der rechten Hand<\/td>\n<td>2,7 m\/s\u00b2<\/td>\n<\/tr>\n<\/tbody>\n<\/table>\n","protected":false},"excerpt":{"rendered":"<p>Akku-Freischneider FSA 250: leistungsstark f\u00fcr professionelle Arbeiten in der Landschaftspflege. Der leistungsstarke STIHL Akku-Freischneider FSA 250, Teil des AP-Systems, ist<\/p>\n","protected":false},"featured_media":701876,"template":"","meta":{"_seopress_robots_primary_cat":"","_seopress_titles_title":"","_seopress_titles_desc":"","_seopress_robots_index":""},"product_brand":[3554],"product_cat":[1609,1581,169],"product_tag":[],"class_list":{"0":"post-701899","1":"product","2":"type-product","3":"status-publish","4":"has-post-thumbnail","6":"product_brand-stihl-de","7":"product_cat-akkubetriebene-freischneider-und-trimmer","8":"product_cat-freischneider-und-trimmer","9":"product_cat-maschinen","10":"sws-gruppo-macchinari-de","11":"sws-conto-ricavi-merci-rivendita-macchinari-de","12":"sws-gruppo-iva-iva81-de","14":"first","15":"instock","16":"shipping-taxable","17":"purchasable","18":"product-type-simple"},"_links":{"self":[{"href":"https:\/\/lucacastelli.com\/de\/wp-json\/wp\/v2\/product\/701899","targetHints":{"allow":["GET"]}}],"collection":[{"href":"https:\/\/lucacastelli.com\/de\/wp-json\/wp\/v2\/product"}],"about":[{"href":"https:\/\/lucacastelli.com\/de\/wp-json\/wp\/v2\/types\/product"}],"wp:featuredmedia":[{"embeddable":true,"href":"https:\/\/lucacastelli.com\/de\/wp-json\/wp\/v2\/media\/701876"}],"wp:attachment":[{"href":"https:\/\/lucacastelli.com\/de\/wp-json\/wp\/v2\/media?parent=701899"}],"wp:term":[{"taxonomy":"product_brand","embeddable":true,"href":"https:\/\/lucacastelli.com\/de\/wp-json\/wp\/v2\/product_brand?post=701899"},{"taxonomy":"product_cat","embeddable":true,"href":"https:\/\/lucacastelli.com\/de\/wp-json\/wp\/v2\/product_cat?post=701899"},{"taxonomy":"product_tag","embeddable":true,"href":"https:\/\/lucacastelli.com\/de\/wp-json\/wp\/v2\/product_tag?post=701899"}],"curies":[{"name":"wp","href":"https:\/\/api.w.org\/{rel}","templated":true}]}}