{"id":701866,"date":"2026-01-28T15:30:46","date_gmt":"2026-01-28T14:30:46","guid":{"rendered":"https:\/\/lucacastelli.com\/prodotto\/stihl-hta-30-set-mit-2-akkus-as-2-und-ladegeraet-als-31-hochentaster\/"},"modified":"2026-01-28T15:30:46","modified_gmt":"2026-01-28T14:30:46","slug":"stihl-hta-30-set-mit-2-akkus-as-2-und-ladegeraet-als-31-hochentaster","status":"publish","type":"product","link":"https:\/\/lucacastelli.com\/de\/produkt\/stihl-hta-30-set-mit-2-akkus-as-2-und-ladegeraet-als-31-hochentaster\/","title":{"rendered":"STIHL HTA 30 Set mit 2 Akkus AS 2 und Ladeger\u00e4t ALS 31 Hochentaster"},"content":{"rendered":"<p>Akku-Hochentaster HTA 30 im Set mit 2 Akkus AS 2 und Ladeger\u00e4t ALS 31: mit Teleskopschaft und automatischer Kettenspannung \u2013 f\u00fcr die effiziente und komfortable Baumpflege auf Privatgrundst\u00fccken<br \/>\nWenn Sie noch keinen Akku des STIHL AS-Systems und kein Ladeger\u00e4t besitzen, lohnt sich der Kauf des Akku-Hochentasters HTA 30 im Set mit 2 STIHL Lithium-Ionen-Akkus AS 2 und dem STIHL Ladeger\u00e4t ALS 31.<\/p>\n<p>Der Akku-Hochentaster STIHL HTA 30 mit seinem ergonomischen und intuitiven Design erm\u00f6glicht es ambitionierten Privatanwendern, effizient und komfortabel bei der Pflege von Grundst\u00fccken, G\u00e4rten und B\u00e4umen zu arbeiten. Dank des starren, werkzeuglos verstellbaren Teleskopschafts und der automatischen Kettenspannung mit integriertem Federmechanismus bietet der STIHL HTA 30 eine effiziente Unterst\u00fctzung beim Beschneiden hoher \u00c4ste, aber auch bei der Baumpflege und der Entfernung von Totholz. Die Kettenspannung l\u00e4sst sich optimal mit nur einem Handgriff regulieren, indem Sie einfach den Deckel des Kettenrads \u00f6ffnen und schlie\u00dfen: schnell und intuitiv, f\u00fcr minimale Unterbrechungen w\u00e4hrend der Arbeit. Der im Asthaken integrierte Spannhebel sorgt f\u00fcr die korrekte Vorspannung der Kette und erleichtert die schnelle und werkzeuglose Montage der Schneidgarnitur nach der Reinigung oder dem Kettenwechsel. Der Spannhebel und alle anderen Bedienelemente des HTA 30 sind auch mit Arbeitshandschuhen leicht zu bedienen.    <\/p>\n<p>Der Elektromotor ist vibrationsarm und leise, sodass Sie Wartungsarbeiten ohne Geh\u00f6rschutz und auch in l\u00e4rmsensiblen Bereichen durchf\u00fchren k\u00f6nnen. Der besonders kompakte und schmale Schneidkopf bietet eine gute Sicht auf die Schiene beim Schneiden und eine hohe Agilit\u00e4t bei Man\u00f6vern auf engstem Raum in B\u00e4umen. F\u00fcr einen sauberen Schnitt und einen schnellen Arbeitsfortschritt ist der HTA 30 mit einer STIHL 1\/4&#8243;-PM3-Kette und einer STIHL Light 01 F\u00fchrungsschiene ausgestattet. So lassen sich \u00c4ste mit einem Durchmesser von bis zu 17 cm sauber und bequem schneiden.   <\/p>\n<p>Die Bedienung des STIHL HTA 30 ist einfach und erfolgt \u00fcber den Griff mit Softgrip-Elementen und ergonomischer Entriegelung. Um ein komfortables Arbeiten zu gew\u00e4hrleisten, ist der Schaft mit einem gummierten Griff ausgestattet, der es erm\u00f6glicht, ihn je nach Arbeitsh\u00f6he schnell und flexibel \u00fcber seine gesamte L\u00e4nge zu greifen. Dank der beidseitigen Entriegelung, des ergonomischen Designs des Griffs und des sehr geringen Gesamtgewichts von 3,6 kg ist das Arbeiten mit dem HTA 30 sehr flexibel, effizient und erfordert keine gro\u00dfen Anstrengungen. Ein weiteres Merkmal des HTA 30 STIHL ist der robuste, in das Geh\u00e4use integrierte Standfu\u00df, der das Ger\u00e4t vor Schmutz und Feuchtigkeit sch\u00fctzt. Dar\u00fcber hinaus ist der HTA 30 mit einer \u00d6se zum Einh\u00e4ngen eines optionalen Tragegurts und einer Aufh\u00e4nge\u00f6se zur bequemen Aufbewahrung an der Wand ausgestattet.    <\/p>\n<p>Der stufenlos verstellbare Teleskopschaft des STIHL HTA 30 kann bis zu einer L\u00e4nge von 280 cm ausgefahren werden, die Gesamtl\u00e4nge des Ger\u00e4ts variiert von 190 cm bis 280 cm. Der HTA 30 eignet sich f\u00fcr Arbeitsh\u00f6hen bis zu 4,5 m mit ausgefahrenem Teleskopschaft und l\u00e4sst sich in verk\u00fcrzter Form leichter transportieren. Mit maximal 140 Schnitten bei 28 Minuten Laufzeit pro Akkuladung AS 2 (gemessen an Holzbalken von 5 x 5 cm, trockenes Fichtenholz) bietet der HTA 30 ausreichend Leistung f\u00fcr die meisten Wartungsarbeiten.  <\/p>\n<p>In unserer \u00dcbersicht zu den Lauf- und Ladezeiten der STIHL Akkus k\u00f6nnen Sie sehen, wie lange Sie mit Ihrem STIHL Akku-Hochentaster HTA 30 arbeiten k\u00f6nnen und wie lange es dauert, die verwendeten Akkus wieder aufzuladen.<\/p>\n<p>&nbsp;<\/p>\n<table data-test-id=\"pdp-spec-tech-table\">\n<tbody>\n<tr>\n<td>Nennspannung<\/td>\n<td>22 V<\/td>\n<\/tr>\n<tr>\n<td>Leistungsaufnahme<\/td>\n<td>0.45 kW<\/td>\n<\/tr>\n<tr>\n<td>Leistung<\/td>\n<td>0.30 kW <sup>1)<\/sup><\/td>\n<\/tr>\n<tr>\n<td>Akku-System<\/td>\n<td>AS<\/td>\n<\/tr>\n<tr>\n<td>Empfohlener Akku<\/td>\n<td>AS 2<\/td>\n<\/tr>\n<tr>\n<td>Ger\u00e4tegewicht ohne Akku<\/td>\n<td>3 kg <sup>2)<\/sup><\/td>\n<\/tr>\n<tr>\n<td>Schienenl\u00e4nge<\/td>\n<td>20 cm <sup>3)<\/sup><\/td>\n<\/tr>\n<tr>\n<td>Nutbreite<\/td>\n<td>1.10 mm<\/td>\n<\/tr>\n<tr>\n<td>S\u00e4gekettenteilung<\/td>\n<td>1\/4&#8243;P<\/td>\n<\/tr>\n<tr>\n<td>IP Schutzgrad<\/td>\n<td>IPX0<\/td>\n<\/tr>\n<tr>\n<td>Max. Akkulaufzeit AS 2 <\/td>\n<td>28 min <sup>4)<\/sup><\/td>\n<\/tr>\n<tr>\n<td>Max. Schnitte pro Akkuladung AS 2 <\/td>\n<td>140<\/td>\n<\/tr>\n<tr>\n<td>Min. Ger\u00e4tel\u00e4nge mit Werkzeug <\/td>\n<td>190 cm<\/td>\n<\/tr>\n<tr>\n<td>Max. Ger\u00e4tel\u00e4nge mit Werkzeug <\/td>\n<td>280 cm<\/td>\n<\/tr>\n<tr>\n<td>Schalldruckpegel<\/td>\n<td>80 dB(A) <sup>5)<\/sup><\/td>\n<\/tr>\n<tr>\n<td>Schallleistungspegel<\/td>\n<td>91 dB(A) <sup>5)<\/sup><\/td>\n<\/tr>\n<tr>\n<td>Vibrationswert links<\/td>\n<td>0.6 m\/s\u00b2 <sup>6)<\/sup><\/td>\n<\/tr>\n<tr>\n<td>Vibrationswert rechts<\/td>\n<td>0.5 m\/s\u00b2 <sup>6)<\/sup><\/td>\n<\/tr>\n<\/tbody>\n<\/table>\n","protected":false},"excerpt":{"rendered":"<p>Akku-Hochentaster HTA 30 im Set mit 2 Akkus AS 2 und Ladeger\u00e4t ALS 31: mit Teleskopschaft und automatischer Kettenspannung \u2013<\/p>\n","protected":false},"featured_media":701051,"template":"","meta":{"_seopress_robots_primary_cat":"none","_seopress_titles_title":"","_seopress_titles_desc":"","_seopress_robots_index":""},"product_brand":[3554],"product_cat":[1629,1615,1695,1612,169],"product_tag":[],"class_list":{"0":"post-701866","1":"product","2":"type-product","3":"status-publish","4":"has-post-thumbnail","6":"product_brand-stihl-de","7":"product_cat-akku-heckenscheren-und-astscheren","8":"product_cat-akku-kettensagen","9":"product_cat-heckenscheren-und-astscheren","10":"product_cat-kettensagen","11":"product_cat-maschinen","12":"sws-gruppo-macchinari-de","13":"sws-conto-ricavi-merci-rivendita-macchinari-de","14":"sws-gruppo-iva-iva81-de","16":"first","17":"instock","18":"shipping-taxable","19":"purchasable","20":"product-type-simple"},"_links":{"self":[{"href":"https:\/\/lucacastelli.com\/de\/wp-json\/wp\/v2\/product\/701866","targetHints":{"allow":["GET"]}}],"collection":[{"href":"https:\/\/lucacastelli.com\/de\/wp-json\/wp\/v2\/product"}],"about":[{"href":"https:\/\/lucacastelli.com\/de\/wp-json\/wp\/v2\/types\/product"}],"wp:featuredmedia":[{"embeddable":true,"href":"https:\/\/lucacastelli.com\/de\/wp-json\/wp\/v2\/media\/701051"}],"wp:attachment":[{"href":"https:\/\/lucacastelli.com\/de\/wp-json\/wp\/v2\/media?parent=701866"}],"wp:term":[{"taxonomy":"product_brand","embeddable":true,"href":"https:\/\/lucacastelli.com\/de\/wp-json\/wp\/v2\/product_brand?post=701866"},{"taxonomy":"product_cat","embeddable":true,"href":"https:\/\/lucacastelli.com\/de\/wp-json\/wp\/v2\/product_cat?post=701866"},{"taxonomy":"product_tag","embeddable":true,"href":"https:\/\/lucacastelli.com\/de\/wp-json\/wp\/v2\/product_tag?post=701866"}],"curies":[{"name":"wp","href":"https:\/\/api.w.org\/{rel}","templated":true}]}}