{"id":701859,"date":"2026-01-28T15:24:26","date_gmt":"2026-01-28T14:24:26","guid":{"rendered":"https:\/\/lucacastelli.com\/prodotto\/stihl-hta-30-hochentaster\/"},"modified":"2026-01-28T15:24:26","modified_gmt":"2026-01-28T14:24:26","slug":"stihl-hta-30-hochentaster","status":"publish","type":"product","link":"https:\/\/lucacastelli.com\/de\/produkt\/stihl-hta-30-hochentaster\/","title":{"rendered":"STIHL HTA 30 Hochentaster"},"content":{"rendered":"<h3>Akku-Hochentaster HTA 30: mit Teleskopschaft und automatischer Kettenspannung \u2013 f\u00fcr effizientes und komfortables Baumpflegen auf dem Privatgrundst\u00fcck<\/h3>\n<p>Der Akku-Hochentaster <b>STIHL HTA 30<\/b> ist ergonomisch und intuitiv und unterst\u00fctzt ambitionierte Privatanwender effizient und komfortabel bei der Grundst\u00fccks-, Garten- und Baumpflege. Dank des <b>robusten und werkzeuglos verstellbaren Teleskopschafts<\/b> sowie der <b>automatischen Kettenspannung mit integriertem Federmechanismus<\/b> unterst\u00fctzt Sie der STIHL HTA 30 wirkungsvoll beim Beschneiden von hohen \u00c4sten, der Pflege von Str\u00e4uchern und der Entfernung von Totholz. <\/p>\n<p>Die Kettenspannung l\u00e4sst sich mit nur einem Handgriff regulieren, indem Sie den Sterndeckel einfach \u00f6ffnen und schlie\u00dfen: schnell und intuitiv, um die Arbeitszeit so gering wie m\u00f6glich zu halten. Der im Geh\u00e4use integrierte Spannhebel sorgt f\u00fcr die richtige Kettenspannung, sodass Sie nach der Reinigung oder dem Wechsel der Kette das Schneidwerkzeug werkzeuglos schnell wieder montieren k\u00f6nnen. Der Spannhebel und alle anderen Bedienelemente des HTA 30 sind auch mit Arbeitshandschuhen leicht zu erreichen.  <\/p>\n<p>Der Elektromotor wird von den Akkus des <b>STIHL AS Systems<\/b> angetrieben. Er arbeitet leise und vibrationsarm, sodass Sie Schneidarbeiten auch an <b>ohne Geh\u00f6rschutz<\/b> l\u00e4rmsensiblen Orten ausf\u00fchren k\u00f6nnen. Der besonders kompakte und schmale Schneidkopf sorgt f\u00fcr eine sehr gute Sicht auf die Schiene w\u00e4hrend des Schneidens und eine hohe Wendigkeit bei Arbeiten auf engstem Raum in der Baumkrone.  <\/p>\n<p>F\u00fcr einen sauberen Schnitt und schnellen Arbeitsfortschritt ist der HTA 30 mit einer <b>STIHL 1\/4&#8243; PM3-S\u00e4gekette<\/b> und einer <b>STIHL Light 01-F\u00fchrungsschiene<\/b> mit einer L\u00e4nge von 20 cm ausgestattet. Damit schneiden Sie \u00c4ste mit einem Durchmesser von bis zu 17 cm komfortabel und pr\u00e4zise. <\/p>\n<p>Der <b>STIHL HTA 30<\/b> l\u00e4sst sich dank des Bediengriffs mit weichen Elementen und des ergonomischen Verriegelungssystems einfach man\u00f6vrieren. F\u00fcr ein komfortables Arbeiten ist der Schaft mit einem gummierten Griff ausgestattet, mit dem Sie die Griffposition schnell und flexibel an die Arbeitsh\u00f6he anpassen k\u00f6nnen. Der beidseitig verwendbare Befestigungsmechanismus, die ergonomische Form des Griffs und das sehr geringe Gewicht (<b>3,6 kg<\/b>) sorgen f\u00fcr ein flexibles, effizientes und weniger erm\u00fcdendes Arbeiten mit dem HTA 30.  <\/p>\n<p>Ein weiterer Vorteil ist der <b>robuste, integrierte Standfu\u00df<\/b>, der das Ger\u00e4t vor Schmutz und Feuchtigkeit sch\u00fctzt. Der HTA 30 ist au\u00dferdem mit einem Haken zum Einh\u00e4ngen des Tragegurts und einem separaten Haken zur bequemen Aufbewahrung an der Wand ausgestattet. <\/p>\n<p>Der <b>STIHL HTA 30<\/b> Teleskopschaft ist bis zu <b>280 cm<\/b> ausziehbar, die Gesamtl\u00e4nge des Ger\u00e4ts variiert von <b>190 cm bis 280 cm<\/b>. Vollst\u00e4ndig ausgefahren erm\u00f6glicht der HTA 30 das Arbeiten in einer H\u00f6he von bis zu <b>4,5 m<\/b>, w\u00e4hrend er in der reduzierten Version leicht zu transportieren ist. Mit einer Kapazit\u00e4t von <b>140 Schnitten<\/b> und einer Laufzeit von <b>28 Minuten<\/b> mit einer einzigen Ladung des Akkus AS 2 (getestet an trockenem Fichtenholz 5 \u00d7 5 cm) bietet der HTA 30 ausreichend Leistung f\u00fcr die meisten Wartungsarbeiten.  <\/p>\n<p>&nbsp;<\/p>\n<p>&nbsp;<\/p>\n<table>\n<tbody>\n<tr>\n<td class=\"filter-title\">Akku:<\/td>\n<td class=\"filter-value\">Nav<\/td>\n<\/tr>\n<tr>\n<td class=\"filter-title\">Ladeger\u00e4t:<\/td>\n<td class=\"filter-value\">Nav<\/td>\n<\/tr>\n<tr>\n<td class=\"filter-title\">Schienenl\u00e4nge, cm:<\/td>\n<td class=\"filter-value\">20<\/td>\n<\/tr>\n<tr>\n<td class=\"filter-title\">STIHL Kettentyp:<\/td>\n<td class=\"filter-value\">PM3<\/td>\n<\/tr>\n<tr>\n<td class=\"filter-title\">Kettenteilung:<\/td>\n<td class=\"filter-value\">1\/4&#8243;P<\/td>\n<\/tr>\n<tr>\n<td class=\"filter-title\">S\u00e4geschiene:<\/td>\n<td class=\"filter-value\">ROLLOMATIC E MINI \/ Light 01<\/td>\n<\/tr>\n<tr>\n<td class=\"filter-title\">Motortyp:<\/td>\n<td class=\"filter-value\">Akku<\/td>\n<\/tr>\n<tr>\n<td class=\"filter-title\">Akkusystem:<\/td>\n<td class=\"filter-value\">AS System<\/td>\n<\/tr>\n<tr>\n<td class=\"filter-title\">Akkutyp:<\/td>\n<td class=\"filter-value\">AS<\/td>\n<\/tr>\n<tr>\n<td class=\"filter-title\">Spannung, V:<\/td>\n<td class=\"filter-value\">10.8<\/td>\n<\/tr>\n<tr>\n<td class=\"filter-title\">Schallleistungspegel, dB (A):<\/td>\n<td class=\"filter-value\">80<\/td>\n<\/tr>\n<tr>\n<td class=\"filter-title\">Ger\u00e4uschpegel, dB (A):<\/td>\n<td class=\"filter-value\">91<\/td>\n<\/tr>\n<tr>\n<td class=\"filter-title\">Vibrationspegel links\/rechts, m\/s\u00b2:<\/td>\n<td class=\"filter-value\">0.6\/0.5<\/td>\n<\/tr>\n<tr>\n<td class=\"filter-title\">Gesamtl\u00e4nge, cm:<\/td>\n<td class=\"filter-value\">180<\/td>\n<\/tr>\n<tr>\n<td class=\"filter-title\">Gewicht, kg:<\/td>\n<td class=\"filter-value\">3.0<\/td>\n<\/tr>\n<tr>\n<td class=\"filter-title\">Betriebszeit mit einer Akkuladung bis zu, min:<\/td>\n<td class=\"filter-value\">28<\/td>\n<\/tr>\n<\/tbody>\n<\/table>\n","protected":false},"excerpt":{"rendered":"<p>Akku-Hochentaster HTA 30: mit Teleskopschaft und automatischer Kettenspannung \u2013 f\u00fcr effizientes und komfortables Baumpflegen auf dem Privatgrundst\u00fcck Der Akku-Hochentaster STIHL<\/p>\n","protected":false},"featured_media":701020,"template":"","meta":{"_seopress_robots_primary_cat":"","_seopress_titles_title":"","_seopress_titles_desc":"","_seopress_robots_index":""},"product_brand":[3366],"product_cat":[29,268,528,267,282],"product_tag":[],"class_list":{"0":"post-701859","1":"product","2":"type-product","3":"status-publish","4":"has-post-thumbnail","6":"product_brand-stihl","7":"product_cat-macchinari","8":"product_cat-motoseghe","9":"product_cat-motoseghe-a-batteria","10":"product_cat-tosasiepi-e-potatori","11":"product_cat-tosasiepi-e-potatori-a-batteria","12":"sws-gruppo-macchinari-de","13":"sws-conto-ricavi-merci-rivendita-macchinari-de","14":"sws-gruppo-iva-iva81-de","16":"first","17":"instock","18":"shipping-taxable","19":"purchasable","20":"product-type-simple"},"_links":{"self":[{"href":"https:\/\/lucacastelli.com\/de\/wp-json\/wp\/v2\/product\/701859","targetHints":{"allow":["GET"]}}],"collection":[{"href":"https:\/\/lucacastelli.com\/de\/wp-json\/wp\/v2\/product"}],"about":[{"href":"https:\/\/lucacastelli.com\/de\/wp-json\/wp\/v2\/types\/product"}],"wp:featuredmedia":[{"embeddable":true,"href":"https:\/\/lucacastelli.com\/de\/wp-json\/wp\/v2\/media\/701020"}],"wp:attachment":[{"href":"https:\/\/lucacastelli.com\/de\/wp-json\/wp\/v2\/media?parent=701859"}],"wp:term":[{"taxonomy":"product_brand","embeddable":true,"href":"https:\/\/lucacastelli.com\/de\/wp-json\/wp\/v2\/product_brand?post=701859"},{"taxonomy":"product_cat","embeddable":true,"href":"https:\/\/lucacastelli.com\/de\/wp-json\/wp\/v2\/product_cat?post=701859"},{"taxonomy":"product_tag","embeddable":true,"href":"https:\/\/lucacastelli.com\/de\/wp-json\/wp\/v2\/product_tag?post=701859"}],"curies":[{"name":"wp","href":"https:\/\/api.w.org\/{rel}","templated":true}]}}