{"id":701813,"date":"2026-01-29T07:35:22","date_gmt":"2026-01-29T06:35:22","guid":{"rendered":"https:\/\/lucacastelli.com\/?post_type=product&#038;p=701813"},"modified":"2026-02-21T15:52:28","modified_gmt":"2026-02-21T14:52:28","slug":"stihl-asa-20-ohne-akku-und-ladegerat-copia-copia","status":"publish","type":"product","link":"https:\/\/lucacastelli.com\/de\/produkt\/stihl-asa-20-ohne-akku-und-ladegerat-copia-copia\/","title":{"rendered":"STIHL ASA 140 \u2013 AP-System \u2013 Akku-Baumschere"},"content":{"rendered":"<p>Akku-Baumschere ASA 140: f\u00fcr Profis, die Baumschnittarbeiten in Obstplantagen, Anpflanzungen, im Garten- und Baumpflegebereich effizienter und bequemer erledigen m\u00f6chten.<br \/>\nDie STIHL ASA 140 erleichtert die Arbeit im Vergleich zu herk\u00f6mmlichen Scheren und erm\u00f6glicht es, Obstb\u00e4ume und andere Arten schnell und weniger erm\u00fcdend zu beschneiden. Angetrieben von einem Akku des STIHL AP-Systems, sorgt sie dank des wartungsarmen EC-Motors f\u00fcr komfortables und kraftvolles Arbeiten. Die Klingen bleiben lange scharf und gew\u00e4hrleisten saubere und pr\u00e4zise Schnitte, die das Infektionsrisiko reduzieren und ein gesundes Pflanzenwachstum f\u00f6rdern.  <\/p>\n<p>Das ergonomische Design mit Softgrip und der progressive Schnitt erm\u00f6glichen das einfache Schneiden von \u00c4sten bis zu einem Durchmesser von 45 mm. Die ASA 140 bietet zwei einstellbare Klingen\u00f6ffnungen zur Anpassung an unterschiedliche Anforderungen. Das OLED-Display zeigt Restladung, Klingen\u00f6ffnung, Anzahl der Schnitte und Wartungsbedarf an.  <\/p>\n<p>Inklusive: ASA 140, Tragesystem mit Holster, Akku-Tasche mit Kabel, Kabel-F\u00fchrung ADVANCE X-Flex, Sch\u00e4rfstein, Wartungswerkzeuge und robuster Koffer mit herausnehmbarem Einsatz und Netz.<\/p>\n<p>Alle Akku-Ger\u00e4te des STIHL AP-Systems sind f\u00fcr den professionellen Einsatz auch unter widrigen Wetterbedingungen konzipiert und IPX4-zertifiziert gegen Spritzwasser.<\/p>\n<p>&nbsp;<\/p>\n<table data-test-id=\"pdp-spec-tech-table\">\n<tbody>\n<tr>\n<td>Nennspannung<\/td>\n<td>36 V<\/td>\n<\/tr>\n<tr>\n<td>Maximale Spannung<\/td>\n<td>40 V<\/td>\n<\/tr>\n<tr>\n<td>Leistungsaufnahme<\/td>\n<td>1,44 kW<\/td>\n<\/tr>\n<tr>\n<td>Akkusystem<\/td>\n<td>AP<\/td>\n<\/tr>\n<tr>\n<td>Gewicht des Ger\u00e4ts ohne Akku<\/td>\n<td>1,1 kg<\/td>\n<\/tr>\n<tr>\n<td>Maximale Klingen\u00f6ffnungsweite<\/td>\n<td>45 mm<\/td>\n<\/tr>\n<tr>\n<td>Maximale Schnittst\u00e4rke ASA<\/td>\n<td>45 mm<\/td>\n<\/tr>\n<tr>\n<td>L\u00e4nge des Verbindungskabels<\/td>\n<td>1,5 m<\/td>\n<\/tr>\n<tr>\n<td>Schalldruckpegel<\/td>\n<td>70 dB(A)<\/td>\n<\/tr>\n<\/tbody>\n<\/table>\n","protected":false},"excerpt":{"rendered":"<p>Akku-Baumschere ASA 140: f\u00fcr Profis, die Baumschnittarbeiten in Obstplantagen, Anpflanzungen, im Garten- und Baumpflegebereich effizienter und bequemer erledigen m\u00f6chten. Die<\/p>\n","protected":false},"featured_media":701828,"template":"","meta":{"_seopress_robots_primary_cat":"none","_seopress_titles_title":"","_seopress_titles_desc":"","_seopress_robots_index":""},"product_brand":[3366],"product_cat":[29],"product_tag":[3265],"class_list":{"0":"post-701813","1":"product","2":"type-product","3":"status-publish","4":"has-post-thumbnail","6":"product_brand-stihl","7":"product_cat-macchinari","8":"product_tag-import-stihl","9":"sws-gruppo-macchinari-de","10":"sws-conto-ricavi-merci-rivendita-macchinari-de","11":"sws-gruppo-iva-iva81-de","13":"first","14":"onbackorder","15":"purchasable","16":"product-type-simple"},"_links":{"self":[{"href":"https:\/\/lucacastelli.com\/de\/wp-json\/wp\/v2\/product\/701813","targetHints":{"allow":["GET"]}}],"collection":[{"href":"https:\/\/lucacastelli.com\/de\/wp-json\/wp\/v2\/product"}],"about":[{"href":"https:\/\/lucacastelli.com\/de\/wp-json\/wp\/v2\/types\/product"}],"wp:featuredmedia":[{"embeddable":true,"href":"https:\/\/lucacastelli.com\/de\/wp-json\/wp\/v2\/media\/701828"}],"wp:attachment":[{"href":"https:\/\/lucacastelli.com\/de\/wp-json\/wp\/v2\/media?parent=701813"}],"wp:term":[{"taxonomy":"product_brand","embeddable":true,"href":"https:\/\/lucacastelli.com\/de\/wp-json\/wp\/v2\/product_brand?post=701813"},{"taxonomy":"product_cat","embeddable":true,"href":"https:\/\/lucacastelli.com\/de\/wp-json\/wp\/v2\/product_cat?post=701813"},{"taxonomy":"product_tag","embeddable":true,"href":"https:\/\/lucacastelli.com\/de\/wp-json\/wp\/v2\/product_tag?post=701813"}],"curies":[{"name":"wp","href":"https:\/\/api.w.org\/{rel}","templated":true}]}}