{"id":701093,"date":"2026-01-28T16:02:40","date_gmt":"2026-01-28T15:02:40","guid":{"rendered":"https:\/\/lucacastelli.com\/?post_type=product&#038;p=701093"},"modified":"2026-01-29T07:45:25","modified_gmt":"2026-01-29T06:45:25","slug":"stihl-stutzfus-copia","status":"publish","type":"product","link":"https:\/\/lucacastelli.com\/de\/produkt\/stihl-stutzfus-copia\/","title":{"rendered":"STIHL St\u00fctzfu\u00df"},"content":{"rendered":"<p>HTA 50- und HLA 56-St\u00fctze: Sch\u00fctzt die Akkus bei der Verwendung von Hochentaster und Heckenschere<\/p>\n<p>Wenn Sie als Privatanwender Ihren STIHL Akku-Hochentaster HTA 50 oder die STIHL Akku-Heckenschere HLA 56 f\u00fcr die Gartenpflege nutzen, verhindert die STIHL HTA 50- und HLA 56-St\u00fctze den direkten Kontakt des Akkus mit dem Boden. So sch\u00fctzt die St\u00fctze die Akkus Ihrer STIHL Ger\u00e4te vor Feuchtigkeit und Verschmutzung bei Bodenkontakt. Gleichzeitig k\u00f6nnen Sie dieses praktische Zubeh\u00f6r f\u00fcr Hochentaster und Heckenschere als zus\u00e4tzlichen Griff nutzen, um die Reichweite der Ger\u00e4te tempor\u00e4r zu erh\u00f6hen.  <\/p>\n","protected":false},"excerpt":{"rendered":"<p>St\u00fctzfu\u00df<\/p>\n","protected":false},"featured_media":701101,"template":"","meta":{"_seopress_robots_primary_cat":"none","_seopress_titles_title":"","_seopress_titles_desc":"","_seopress_robots_index":""},"product_brand":[3366],"product_cat":[29,267,282],"product_tag":[3265],"class_list":{"0":"post-701093","1":"product","2":"type-product","3":"status-publish","4":"has-post-thumbnail","6":"product_brand-stihl","7":"product_cat-macchinari","8":"product_cat-tosasiepi-e-potatori","9":"product_cat-tosasiepi-e-potatori-a-batteria","10":"product_tag-import-stihl","11":"sws-gruppo-macchinari-de","12":"sws-conto-ricavi-merci-rivendita-macchinari-de","13":"sws-gruppo-iva-iva81-de","15":"first","16":"onbackorder","17":"purchasable","18":"product-type-simple"},"_links":{"self":[{"href":"https:\/\/lucacastelli.com\/de\/wp-json\/wp\/v2\/product\/701093","targetHints":{"allow":["GET"]}}],"collection":[{"href":"https:\/\/lucacastelli.com\/de\/wp-json\/wp\/v2\/product"}],"about":[{"href":"https:\/\/lucacastelli.com\/de\/wp-json\/wp\/v2\/types\/product"}],"wp:featuredmedia":[{"embeddable":true,"href":"https:\/\/lucacastelli.com\/de\/wp-json\/wp\/v2\/media\/701101"}],"wp:attachment":[{"href":"https:\/\/lucacastelli.com\/de\/wp-json\/wp\/v2\/media?parent=701093"}],"wp:term":[{"taxonomy":"product_brand","embeddable":true,"href":"https:\/\/lucacastelli.com\/de\/wp-json\/wp\/v2\/product_brand?post=701093"},{"taxonomy":"product_cat","embeddable":true,"href":"https:\/\/lucacastelli.com\/de\/wp-json\/wp\/v2\/product_cat?post=701093"},{"taxonomy":"product_tag","embeddable":true,"href":"https:\/\/lucacastelli.com\/de\/wp-json\/wp\/v2\/product_tag?post=701093"}],"curies":[{"name":"wp","href":"https:\/\/api.w.org\/{rel}","templated":true}]}}