{"id":698877,"date":"2026-01-27T09:06:32","date_gmt":"2026-01-27T08:06:32","guid":{"rendered":"https:\/\/lucacastelli.com\/prodotto\/notch-talon-beinstuetze-fuer-handsaegen\/"},"modified":"2026-01-27T09:06:32","modified_gmt":"2026-01-27T08:06:32","slug":"notch-talon-beinstuetze-fuer-handsaegen","status":"publish","type":"product","link":"https:\/\/lucacastelli.com\/de\/produkt\/notch-talon-beinstuetze-fuer-handsaegen\/","title":{"rendered":"Notch Talon Beinst\u00fctze f\u00fcr Hands\u00e4gen"},"content":{"rendered":"<p>Die Talon Beinst\u00fctze von Notch ist die ideale Hilfe f\u00fcr alle Baumpfleger, die gerne eine Hands\u00e4ge am Unterschenkel tragen. Die hervorragende Polsterung sorgt f\u00fcr optimalen Komfort und vermeidet Druckstellen am Bein. Dank des rutschfesten Klettverschlusses bleibt die Beinst\u00fctze fest an ihrem Platz und l\u00f6st sich unwahrscheinlich unbeabsichtigt vom Bein. Seine einzigartige Konstruktion erm\u00f6glicht die Verwendung der Talon Beinst\u00fctze mit fast allen auf dem Markt erh\u00e4ltlichen Hands\u00e4gen. Das Gewicht betr\u00e4gt 200 g.    <\/p>\n<p>&nbsp;<\/p>\n<p>&nbsp;<\/p>\n","protected":false},"excerpt":{"rendered":"<p>Die Talon Beinst\u00fctze von Notch ist die ideale Hilfe f\u00fcr alle Baumpfleger, die gerne eine Hands\u00e4ge am Unterschenkel tragen. Die<\/p>\n","protected":false},"featured_media":698840,"template":"","meta":{"_seopress_robots_primary_cat":"none","_seopress_titles_title":"","_seopress_titles_desc":"","_seopress_robots_index":""},"product_brand":[6742],"product_cat":[150,1396,1494],"product_tag":[],"class_list":{"0":"post-698877","1":"product","2":"type-product","3":"status-publish","4":"has-post-thumbnail","6":"product_brand-notch","7":"product_cat-ausrustung","8":"product_cat-arbeitsausrustung","9":"product_cat-sonstige-arbeitsausrustung","10":"sws-gruppo-abb-libero-de","11":"sws-conto-ricavi-merci-rivendita-abbigliamento-de","12":"sws-gruppo-iva-iva81-de","14":"first","15":"instock","16":"shipping-taxable","17":"purchasable","18":"product-type-simple"},"_links":{"self":[{"href":"https:\/\/lucacastelli.com\/de\/wp-json\/wp\/v2\/product\/698877","targetHints":{"allow":["GET"]}}],"collection":[{"href":"https:\/\/lucacastelli.com\/de\/wp-json\/wp\/v2\/product"}],"about":[{"href":"https:\/\/lucacastelli.com\/de\/wp-json\/wp\/v2\/types\/product"}],"wp:featuredmedia":[{"embeddable":true,"href":"https:\/\/lucacastelli.com\/de\/wp-json\/wp\/v2\/media\/698840"}],"wp:attachment":[{"href":"https:\/\/lucacastelli.com\/de\/wp-json\/wp\/v2\/media?parent=698877"}],"wp:term":[{"taxonomy":"product_brand","embeddable":true,"href":"https:\/\/lucacastelli.com\/de\/wp-json\/wp\/v2\/product_brand?post=698877"},{"taxonomy":"product_cat","embeddable":true,"href":"https:\/\/lucacastelli.com\/de\/wp-json\/wp\/v2\/product_cat?post=698877"},{"taxonomy":"product_tag","embeddable":true,"href":"https:\/\/lucacastelli.com\/de\/wp-json\/wp\/v2\/product_tag?post=698877"}],"curies":[{"name":"wp","href":"https:\/\/api.w.org\/{rel}","templated":true}]}}