{"id":698859,"date":"2026-01-27T09:14:21","date_gmt":"2026-01-27T08:14:21","guid":{"rendered":"https:\/\/lucacastelli.com\/prodotto\/distel-steigeisen-amerikanisch-kurz\/"},"modified":"2026-01-27T09:14:21","modified_gmt":"2026-01-27T08:14:21","slug":"distel-steigeisen-amerikanisch-kurz","status":"publish","type":"product","link":"https:\/\/lucacastelli.com\/de\/produkt\/distel-steigeisen-amerikanisch-kurz\/","title":{"rendered":"DISTEL Steigeisen amerikanisch kurz"},"content":{"rendered":"<p>Der Distel America Klettersporn kurz ist f\u00fcr B\u00e4ume mit d\u00fcnner Rinde geeignet. Er dringt leicht in hartes und trockenes Holz ein. Wie alle Distel Klettersporne sind auch diese vorgesch\u00e4rft und mit PTFE beschichtet. Dies sorgt f\u00fcr eine geringe Reibung und erleichtert das Herausziehen des Sporns aus dem Stamm. Zudem gew\u00e4hrleistet die Beschichtung einen guten Korrosionsschutz. Preis pro Paar.     <\/p>\n<ul>\n<li>R\u00fcckenl\u00e4nge 31 mm<\/li>\n<li>Spitzenl\u00e4nge 31 mm<\/li>\n<li>Spitzenh\u00f6he 30 mm<\/li>\n<li>Abstand zwischen den Schrauben 32 mm<\/li>\n<li>Max. Gewicht inkl. Ausr\u00fcstung 150 kg <\/li>\n<\/ul>\n","protected":false},"excerpt":{"rendered":"<p>Der Distel America Klettersporn kurz ist f\u00fcr B\u00e4ume mit d\u00fcnner Rinde geeignet. Er dringt leicht in hartes und trockenes Holz<\/p>\n","protected":false},"featured_media":698853,"template":"","meta":{"_seopress_robots_primary_cat":"none","_seopress_titles_title":"","_seopress_titles_desc":"","_seopress_robots_index":""},"product_brand":[3624],"product_cat":[1396,150,1494],"product_tag":[],"class_list":{"0":"post-698859","1":"product","2":"type-product","3":"status-publish","4":"has-post-thumbnail","6":"product_brand-distel-de","7":"product_cat-arbeitsausrustung","8":"product_cat-ausrustung","9":"product_cat-sonstige-arbeitsausrustung","10":"sws-gruppo-abb-libero-de","11":"sws-conto-ricavi-merci-rivendita-abbigliamento-de","12":"sws-gruppo-iva-iva81-de","14":"first","15":"instock","16":"shipping-taxable","17":"purchasable","18":"product-type-simple"},"_links":{"self":[{"href":"https:\/\/lucacastelli.com\/de\/wp-json\/wp\/v2\/product\/698859","targetHints":{"allow":["GET"]}}],"collection":[{"href":"https:\/\/lucacastelli.com\/de\/wp-json\/wp\/v2\/product"}],"about":[{"href":"https:\/\/lucacastelli.com\/de\/wp-json\/wp\/v2\/types\/product"}],"wp:featuredmedia":[{"embeddable":true,"href":"https:\/\/lucacastelli.com\/de\/wp-json\/wp\/v2\/media\/698853"}],"wp:attachment":[{"href":"https:\/\/lucacastelli.com\/de\/wp-json\/wp\/v2\/media?parent=698859"}],"wp:term":[{"taxonomy":"product_brand","embeddable":true,"href":"https:\/\/lucacastelli.com\/de\/wp-json\/wp\/v2\/product_brand?post=698859"},{"taxonomy":"product_cat","embeddable":true,"href":"https:\/\/lucacastelli.com\/de\/wp-json\/wp\/v2\/product_cat?post=698859"},{"taxonomy":"product_tag","embeddable":true,"href":"https:\/\/lucacastelli.com\/de\/wp-json\/wp\/v2\/product_tag?post=698859"}],"curies":[{"name":"wp","href":"https:\/\/api.w.org\/{rel}","templated":true}]}}