{"id":694178,"date":"2026-01-23T16:43:04","date_gmt":"2026-01-23T15:43:04","guid":{"rendered":"https:\/\/lucacastelli.com\/?post_type=product&#038;p=694178"},"modified":"2026-04-04T00:34:15","modified_gmt":"2026-04-03T22:34:15","slug":"holster-copia","status":"publish","type":"product","link":"https:\/\/lucacastelli.com\/de\/produkt\/holster-copia\/","title":{"rendered":"STIHL Holster f\u00fcr GTA 30 und GTA 26"},"content":{"rendered":"<h2>Holster f\u00fcr GTA 26 und GTA 30: schneller Zugriff bei der Arbeit<\/h2>\n<p>Mit diesem Holster k\u00f6nnen Sie die Akku-Gartenschere STIHL GTA 26 oder STIHL GTA 30 am G\u00fcrtel tragen, sodass das Ger\u00e4t bei der Arbeit immer griffbereit ist.<\/p>\n<p>Die Gartenschere wird mit einem Gummiband fixiert, das w\u00e4hrend der Arbeit am oberen Knopf eingeh\u00e4ngt werden kann.<\/p>\n<p>Wenn Sie beide H\u00e4nde ben\u00f6tigen, kann die Schere bis zum n\u00e4chsten Einsatz sicher im Holster verstaut werden. Das Gummiband h\u00e4lt das Ger\u00e4t beim Bewegen sicher an seinem Platz und ist auch mit Handschuhen leicht zu bedienen. Verschlei\u00dffeste Materialien, robuste Nietverbindungen und ein Aluminiumeinsatz als Schnittschutz gew\u00e4hrleisten ein einfaches Einsetzen und Entnehmen sowie eine lange Lebensdauer und Formstabilit\u00e4t. Die Beinbandbreite ist f\u00fcr eine optimale Passform verstellbar.   <\/p>\n<p>Ein integrierter Befestigungspunkt an der Vorderseite erm\u00f6glicht die Montage von Komponenten des modularen Tragesystems, z. B. des Heckenscherenhalters Advance X-Flex. Au\u00dferdem ist das Holster mit einer Halterung f\u00fcr eine 50-ml-Flasche Multioil Bio ausgestattet, sodass Sie das Ketten\u00f6l immer griffbereit haben. Die V-f\u00f6rmigen Langl\u00f6cher im oberen Bereich erm\u00f6glichen die Befestigung des Holsters an verschiedenen Arbeitsg\u00fcrteln f\u00fcr einen komfortablen Transport.  <\/p>\n","protected":false},"excerpt":{"rendered":"<p>Holster<\/p>\n","protected":false},"featured_media":694191,"template":"","meta":{"_seopress_robots_primary_cat":"none","_seopress_titles_title":"","_seopress_titles_desc":"","_seopress_robots_index":""},"product_brand":[3366],"product_cat":[29,268,269,267],"product_tag":[3265],"class_list":{"0":"post-694178","1":"product","2":"type-product","3":"status-publish","4":"has-post-thumbnail","6":"product_brand-stihl","7":"product_cat-macchinari","8":"product_cat-motoseghe","9":"product_cat-accessori-e-materiale-di-consumo-tosasiepi-e-potatori","10":"product_cat-tosasiepi-e-potatori","11":"product_tag-import-stihl","12":"sws-gruppo-macchinari-de","13":"sws-conto-ricavi-merci-rivendita-macchinari-de","14":"sws-gruppo-iva-iva81-de","16":"first","17":"onbackorder","18":"purchasable","19":"product-type-simple"},"_links":{"self":[{"href":"https:\/\/lucacastelli.com\/de\/wp-json\/wp\/v2\/product\/694178","targetHints":{"allow":["GET"]}}],"collection":[{"href":"https:\/\/lucacastelli.com\/de\/wp-json\/wp\/v2\/product"}],"about":[{"href":"https:\/\/lucacastelli.com\/de\/wp-json\/wp\/v2\/types\/product"}],"wp:featuredmedia":[{"embeddable":true,"href":"https:\/\/lucacastelli.com\/de\/wp-json\/wp\/v2\/media\/694191"}],"wp:attachment":[{"href":"https:\/\/lucacastelli.com\/de\/wp-json\/wp\/v2\/media?parent=694178"}],"wp:term":[{"taxonomy":"product_brand","embeddable":true,"href":"https:\/\/lucacastelli.com\/de\/wp-json\/wp\/v2\/product_brand?post=694178"},{"taxonomy":"product_cat","embeddable":true,"href":"https:\/\/lucacastelli.com\/de\/wp-json\/wp\/v2\/product_cat?post=694178"},{"taxonomy":"product_tag","embeddable":true,"href":"https:\/\/lucacastelli.com\/de\/wp-json\/wp\/v2\/product_tag?post=694178"}],"curies":[{"name":"wp","href":"https:\/\/api.w.org\/{rel}","templated":true}]}}