{"id":693434,"date":"2026-01-22T11:05:19","date_gmt":"2026-01-22T10:05:19","guid":{"rendered":"https:\/\/lucacastelli.com\/prodotto\/stihl-2-in-1-adapter\/"},"modified":"2026-01-22T11:05:19","modified_gmt":"2026-01-22T10:05:19","slug":"stihl-2-in-1-adapter","status":"publish","type":"product","link":"https:\/\/lucacastelli.com\/de\/produkt\/stihl-2-in-1-adapter\/","title":{"rendered":"STIHL 2-in-1-Adapter"},"content":{"rendered":"<h2 class=\"product-details__title\">Erleichtert die Arbeit in der H\u00f6he bei der Baumpflege<\/h2>\n<div class=\"product-details__description richtexteditor\">\n<p>Der AP-Stropp-Adapter 2in1 ist ein praktisches Zubeh\u00f6r f\u00fcr Akku-Kettens\u00e4gen, ideal, wenn Sie in kurzer Zeit viele gro\u00dfe Schnitte ausf\u00fchren m\u00fcssen, beispielsweise bei der professionellen F\u00e4llung von Nadelb\u00e4umen. Durch die Befestigung des Akkus am Gurt wird das Gewicht der Kettens\u00e4ge deutlich reduziert, sodass Sie effektiver und l\u00e4nger arbeiten k\u00f6nnen. <\/p>\n<p>Mit dem Stroppadapter k\u00f6nnen Sie optional auch den STIHL AP 500 S Akku mit hoher Kapazit\u00e4t verwenden, wodurch Sie mehr Schnitte ausf\u00fchren k\u00f6nnen, bevor Sie ihn austauschen m\u00fcssen. Der Stropp dient nicht nur als Energiequelle, sondern auch als Absturzsicherung. Die Akkutasche ist mit einer Notfall-Schnellentriegelung und einem \u00dcberlastschutz ausgestattet.  <\/p>\n<p>Der AP-Stropp-Adapter 2in1 ist kompatibel mit den Akku-Kettens\u00e4gen STIHL MSA 190 T, STIHL MSA 220 T und STIHL MSA 161 T und l\u00e4sst sich einfach in den Akku-Schacht der Kettens\u00e4ge einsetzen.<\/p>\n<\/div>\n","protected":false},"excerpt":{"rendered":"<p>Erleichtert die Arbeit in der H\u00f6he bei der Baumpflege Der AP-Stropp-Adapter 2in1 ist ein praktisches Zubeh\u00f6r f\u00fcr Akku-Kettens\u00e4gen, ideal, wenn<\/p>\n","protected":false},"featured_media":693396,"template":"","meta":{"_seopress_robots_primary_cat":"","_seopress_titles_title":"","_seopress_titles_desc":"","_seopress_robots_index":""},"product_brand":[3554],"product_cat":[169,1449],"product_tag":[],"class_list":{"0":"post-693434","1":"product","2":"type-product","3":"status-publish","4":"has-post-thumbnail","6":"product_brand-stihl-de","7":"product_cat-maschinen","8":"product_cat-batteriesysteme-zubehor","9":"sws-gruppo-macchinari-de","10":"sws-conto-ricavi-merci-rivendita-macchinari-de","11":"sws-gruppo-iva-iva81-de","13":"first","14":"instock","15":"shipping-taxable","16":"purchasable","17":"product-type-simple"},"_links":{"self":[{"href":"https:\/\/lucacastelli.com\/de\/wp-json\/wp\/v2\/product\/693434","targetHints":{"allow":["GET"]}}],"collection":[{"href":"https:\/\/lucacastelli.com\/de\/wp-json\/wp\/v2\/product"}],"about":[{"href":"https:\/\/lucacastelli.com\/de\/wp-json\/wp\/v2\/types\/product"}],"wp:featuredmedia":[{"embeddable":true,"href":"https:\/\/lucacastelli.com\/de\/wp-json\/wp\/v2\/media\/693396"}],"wp:attachment":[{"href":"https:\/\/lucacastelli.com\/de\/wp-json\/wp\/v2\/media?parent=693434"}],"wp:term":[{"taxonomy":"product_brand","embeddable":true,"href":"https:\/\/lucacastelli.com\/de\/wp-json\/wp\/v2\/product_brand?post=693434"},{"taxonomy":"product_cat","embeddable":true,"href":"https:\/\/lucacastelli.com\/de\/wp-json\/wp\/v2\/product_cat?post=693434"},{"taxonomy":"product_tag","embeddable":true,"href":"https:\/\/lucacastelli.com\/de\/wp-json\/wp\/v2\/product_tag?post=693434"}],"curies":[{"name":"wp","href":"https:\/\/api.w.org\/{rel}","templated":true}]}}