{"id":691405,"date":"2026-01-15T14:20:19","date_gmt":"2026-01-15T13:20:19","guid":{"rendered":"https:\/\/lucacastelli.com\/prodotto\/stihl-smart-connector-1\/"},"modified":"2026-01-19T12:10:23","modified_gmt":"2026-01-19T11:10:23","slug":"stihl-smart-connector-1","status":"publish","type":"product","link":"https:\/\/lucacastelli.com\/de\/produkt\/stihl-smart-connector-1\/","title":{"rendered":"STIHL Smart Connector 1"},"content":{"rendered":"<p>Smart Connector 1: f\u00fcr intelligent vernetzte Ger\u00e4te<\/p>\n<p>Mit dem STIHL Smart Connector 1 k\u00f6nnen Profis in der Garten- und Landschaftspflege, der Gr\u00fcnfl\u00e4chenpflege oder im Facility Management ihre Ger\u00e4te einfach in die STIHL connected Umgebung integrieren. An STIHL Ger\u00e4ten ist bereits ein Platz f\u00fcr die Befestigung des STIHL Smart Connector 1 vorgesehen. Dieser kann auch an geeigneter Stelle an Ger\u00e4ten anderer Hersteller montiert werden. Die einmalige Inbetriebnahme ist ausreichend. Eine Positionierungshilfe unterst\u00fctzt Sie bei der Installation an Fremdger\u00e4ten, sodass Sie diese ebenfalls in Ihr STIHL Flottenmanagement integrieren k\u00f6nnen. Der Smart Connector erkennt automatisch die Einsatzphasen, erfasst die Betriebsstunden und \u00fcbermittelt die Informationen via Bluetooth an die STIHL connected Box oder Ihr mobiles Endger\u00e4t.<br \/>\nDie Daten werden anschlie\u00dfend in die STIHL Cloud \u00fcbertragen und dort datenschutzkonform gespeichert. \u00dcber das STIHL connected Portal oder die App k\u00f6nnen Sie dann die gesamte und die t\u00e4gliche Laufzeit sowie die detaillierte Historie einsehen. Wenn das Ger\u00e4t mit Ihrem Smartphone verbunden wurde, wird Ihnen auch der letzte bekannte Standort des STIHL Smart Connector 1 angezeigt. Um ein bestimmtes Ger\u00e4t in Ihrem Ger\u00e4tepark leichter zu finden, haben Sie die M\u00f6glichkeit, die im Smart Connector 1 jedes Ger\u00e4ts integrierte LED zu aktivieren. Mit dieser Funktion k\u00f6nnen Sie ein bestimmtes Ger\u00e4t schnell und pr\u00e4zise identifizieren.<br \/>\nMit STIHL connected k\u00f6nnen Sie jederzeit \u00fcber die STIHL connected App oder das Portal auf die erfassten Daten Ihrer Ger\u00e4te zugreifen. So erhalten Sie eine praktische und transparente \u00dcbersicht \u00fcber alle Ihre Ger\u00e4te. \u00dcber die App k\u00f6nnen Sie die Laufzeiten einsehen, sich einen \u00dcberblick \u00fcber alle anstehenden Wartungen verschaffen und so sicherstellen, dass Sie keine wichtigen Eins\u00e4tze verpassen und Ihre Ger\u00e4te stets einsatzbereit sind. So k\u00f6nnen Sie Ihre Arbeit effizienter gestalten und Wartungseins\u00e4tze fr\u00fchzeitig in Abstimmung mit Ihrem STIHL Fachh\u00e4ndler planen. Der STIHL Smart Connector 1 ist in zwei Verpackungsgr\u00f6\u00dfen erh\u00e4ltlich:<br \/>\n1 St\u00fcck (Artikelnummer CA02-400-4900)<br \/>\n10 St\u00fcck (Artikelnummer CA02-400-4903)<br \/>\nWeitere Informationen zu STIHL connected sowie eine \u00dcbersicht \u00fcber die kompatiblen STIHL Ger\u00e4te (Benzin-, Elektro- und Akku-Ger\u00e4te) finden Sie auf unserer FAQ-Seite.<br \/>\nHier gelangen Sie zu den App Stores und zum STIHL connected Portal:<br \/>\nSTIHL connected App Android<br \/>\nSTIHL connected App iOS<br \/>\nSTIHL connected Portal             <\/p>\n","protected":false},"excerpt":{"rendered":"<p>Smart Connector 1: f\u00fcr intelligent vernetzte Ger\u00e4te Mit dem STIHL Smart Connector 1 k\u00f6nnen Profis in der Garten- und Landschaftspflege,<\/p>\n","protected":false},"featured_media":688573,"template":"","meta":{"_seopress_robots_primary_cat":"none","_seopress_titles_title":"","_seopress_titles_desc":"","_seopress_robots_index":""},"product_brand":[3366],"product_cat":[29,491],"product_tag":[],"class_list":{"0":"post-691405","1":"product","2":"type-product","3":"status-publish","4":"has-post-thumbnail","6":"product_brand-stihl","7":"product_cat-macchinari","8":"product_cat-accessori-sistemi-a-batteria","9":"sws-gruppo-macchinari-de","10":"sws-conto-ricavi-merci-rivendita-macchinari-de","11":"sws-gruppo-iva-iva81-de","13":"first","14":"instock","15":"shipping-taxable","16":"purchasable","17":"product-type-simple"},"_links":{"self":[{"href":"https:\/\/lucacastelli.com\/de\/wp-json\/wp\/v2\/product\/691405","targetHints":{"allow":["GET"]}}],"collection":[{"href":"https:\/\/lucacastelli.com\/de\/wp-json\/wp\/v2\/product"}],"about":[{"href":"https:\/\/lucacastelli.com\/de\/wp-json\/wp\/v2\/types\/product"}],"wp:featuredmedia":[{"embeddable":true,"href":"https:\/\/lucacastelli.com\/de\/wp-json\/wp\/v2\/media\/688573"}],"wp:attachment":[{"href":"https:\/\/lucacastelli.com\/de\/wp-json\/wp\/v2\/media?parent=691405"}],"wp:term":[{"taxonomy":"product_brand","embeddable":true,"href":"https:\/\/lucacastelli.com\/de\/wp-json\/wp\/v2\/product_brand?post=691405"},{"taxonomy":"product_cat","embeddable":true,"href":"https:\/\/lucacastelli.com\/de\/wp-json\/wp\/v2\/product_cat?post=691405"},{"taxonomy":"product_tag","embeddable":true,"href":"https:\/\/lucacastelli.com\/de\/wp-json\/wp\/v2\/product_tag?post=691405"}],"curies":[{"name":"wp","href":"https:\/\/api.w.org\/{rel}","templated":true}]}}