{"id":688395,"date":"2026-01-15T07:40:55","date_gmt":"2026-01-15T06:40:55","guid":{"rendered":"https:\/\/lucacastelli.com\/prodotto\/stihl-rundfeile-fuer-2-in-1-feilgeraet\/"},"modified":"2026-01-15T07:40:55","modified_gmt":"2026-01-15T06:40:55","slug":"stihl-rundfeile-fuer-2-in-1-feilgeraet","status":"publish","type":"product","link":"https:\/\/lucacastelli.com\/de\/produkt\/stihl-rundfeile-fuer-2-in-1-feilgeraet\/","title":{"rendered":"STIHL Rundfeile f\u00fcr 2-in-1-Feilger\u00e4t"},"content":{"rendered":"<p>Rundfeile zur ausschlie\u00dflichen Verwendung mit dem STIHL 2-in-1-Feilger\u00e4t. Erm\u00f6glicht das Sch\u00e4rfen von 1\/4&#8243; P-Ketten. Robustes Material f\u00fcr eine lange Lebensdauer.<br \/>\nDurchmesser 3,2 mm, L\u00e4nge 200 mm. <\/p>\n","protected":false},"excerpt":{"rendered":"<p>Rundfeile zur ausschlie\u00dflichen Verwendung mit dem STIHL 2-in-1-Feilger\u00e4t. Erm\u00f6glicht das Sch\u00e4rfen von 1\/4&#8243; P-Ketten. Robustes Material f\u00fcr eine lange Lebensdauer.<\/p>\n","protected":false},"featured_media":688215,"template":"","meta":{"_seopress_robots_primary_cat":"","_seopress_titles_title":"","_seopress_titles_desc":"","_seopress_robots_index":""},"product_brand":[3366],"product_cat":[5416,29,268,269,504],"product_tag":[],"class_list":{"0":"post-688395","1":"product","2":"type-product","3":"status-publish","4":"has-post-thumbnail","6":"product_brand-stihl","7":"product_cat-utensili-per-officina","8":"product_cat-macchinari","9":"product_cat-motoseghe","10":"product_cat-accessori-e-materiale-di-consumo-tosasiepi-e-potatori","11":"product_cat-catene-e-rotoli","12":"sws-gruppo-macchinari-de","13":"sws-conto-ricavi-merci-rivendita-macchinari-de","14":"sws-gruppo-iva-iva81-de","16":"first","17":"instock","18":"shipping-taxable","19":"purchasable","20":"product-type-simple"},"_links":{"self":[{"href":"https:\/\/lucacastelli.com\/de\/wp-json\/wp\/v2\/product\/688395","targetHints":{"allow":["GET"]}}],"collection":[{"href":"https:\/\/lucacastelli.com\/de\/wp-json\/wp\/v2\/product"}],"about":[{"href":"https:\/\/lucacastelli.com\/de\/wp-json\/wp\/v2\/types\/product"}],"wp:featuredmedia":[{"embeddable":true,"href":"https:\/\/lucacastelli.com\/de\/wp-json\/wp\/v2\/media\/688215"}],"wp:attachment":[{"href":"https:\/\/lucacastelli.com\/de\/wp-json\/wp\/v2\/media?parent=688395"}],"wp:term":[{"taxonomy":"product_brand","embeddable":true,"href":"https:\/\/lucacastelli.com\/de\/wp-json\/wp\/v2\/product_brand?post=688395"},{"taxonomy":"product_cat","embeddable":true,"href":"https:\/\/lucacastelli.com\/de\/wp-json\/wp\/v2\/product_cat?post=688395"},{"taxonomy":"product_tag","embeddable":true,"href":"https:\/\/lucacastelli.com\/de\/wp-json\/wp\/v2\/product_tag?post=688395"}],"curies":[{"name":"wp","href":"https:\/\/api.w.org\/{rel}","templated":true}]}}